{"id":647,"date":"2025-09-09T15:52:36","date_gmt":"2025-09-09T13:52:36","guid":{"rendered":"https:\/\/dev.isabellereynier.fr\/?page_id=647"},"modified":"2025-09-25T14:59:41","modified_gmt":"2025-09-25T12:59:41","slug":"patatam-woman","status":"publish","type":"page","link":"https:\/\/isabellereynier.fr\/uk\/patatam-woman\/","title":{"rendered":"Patatam women project"},"content":{"rendered":"<div data-elementor-type=\"wp-page\" data-elementor-id=\"647\" class=\"elementor elementor-647\">\n\t\t\t\t<div class=\"elementor-element elementor-element-c8e91cc e-flex e-con-boxed e-con e-parent\" data-id=\"c8e91cc\" data-element_type=\"container\" data-e-type=\"container\">\n\t\t\t\t\t<div class=\"e-con-inner\">\n\t\t\t\t<div class=\"elementor-element elementor-element-33cb399 elementor-widget elementor-widget-heading\" data-id=\"33cb399\" data-element_type=\"widget\" data-e-type=\"widget\" data-widget_type=\"heading.default\">\n\t\t\t\t<div class=\"elementor-widget-container\">\n\t\t\t\t\t<h5 class=\"elementor-heading-title elementor-size-default\">Digital creations - 2015 to 2019<\/h5>\t\t\t\t<\/div>\n\t\t\t\t<\/div>\n\t\t\t\t\t<\/div>\n\t\t\t\t<\/div>\n\t\t<div class=\"elementor-element elementor-element-cf4aa6c e-flex e-con-boxed e-con e-parent\" data-id=\"cf4aa6c\" data-element_type=\"container\" data-e-type=\"container\">\n\t\t\t\t\t<div class=\"e-con-inner\">\n\t\t\t\t<div class=\"elementor-element elementor-element-03af06e elementor-widget elementor-widget-text-editor\" data-id=\"03af06e\" data-element_type=\"widget\" data-e-type=\"widget\" data-widget_type=\"text-editor.default\">\n\t\t\t\t<div class=\"elementor-widget-container\">\n\t\t\t\t\t\t\t\t\tPatatam is an e-commerce platform launched in 2013 in the French Basque Country, specializing in buying and selling second-hand children\u2019s clothing (ages 0\u20136).\nIt has become one of Europe\u2019s leading companies in second-hand fashion, offering prices up to 70% lower than new. Clothes are collected and reused from consumers as well as from fashion and retail partners.\nIn late 2017, Patatam expanded to women\u2019s fashion, selling clothing and accessories in sizes 32 to 64, at discounts of up to 90% off retail prices.\n\n<br\/>\n<br\/>\n<strong><span style=\"color: #ea6b87; font-family: 'Red Hat Display';\">\ud83c\udf1f The wonders I\u2019ve crafted<\/span><\/strong>\n\n<br\/>\n<span style=\"color: #ea6b87;\">\u279b<\/span> Designed visual content for the web: banners, newsletters, social media posts, and display ads\n\n<br\/>\n<span style=\"color: #ea6b87;\">\u279b<\/span> Photography work included\t\t\t\t\t\t\t\t<\/div>\n\t\t\t\t<\/div>\n\t\t\t\t\t<\/div>\n\t\t\t\t<\/div>\n\t\t<div class=\"elementor-element elementor-element-6076d45 e-flex e-con-boxed e-con e-parent\" data-id=\"6076d45\" data-element_type=\"container\" data-e-type=\"container\">\n\t\t\t\t\t<div class=\"e-con-inner\">\n\t\t\t\t<div class=\"elementor-element elementor-element-d091c96 elementor-hidden-mobile elementor-widget elementor-widget-image\" data-id=\"d091c96\" data-element_type=\"widget\" data-e-type=\"widget\" data-widget_type=\"image.default\">\n\t\t\t\t<div class=\"elementor-widget-container\">\n\t\t\t\t\t\t\t\t\t\t\t\t\t\t\t<img fetchpriority=\"high\" decoding=\"async\" width=\"1920\" height=\"2500\" src=\"https:\/\/isabellereynier.fr\/wp-content\/uploads\/2025\/09\/isabelle-reynier-graphiste-patatam.jpg\" class=\"attachment-full size-full wp-image-672\" alt=\"\" srcset=\"https:\/\/isabellereynier.fr\/wp-content\/uploads\/2025\/09\/isabelle-reynier-graphiste-patatam.jpg 1920w, https:\/\/isabellereynier.fr\/wp-content\/uploads\/2025\/09\/isabelle-reynier-graphiste-patatam-230x300.jpg 230w, https:\/\/isabellereynier.fr\/wp-content\/uploads\/2025\/09\/isabelle-reynier-graphiste-patatam-786x1024.jpg 786w, https:\/\/isabellereynier.fr\/wp-content\/uploads\/2025\/09\/isabelle-reynier-graphiste-patatam-768x1000.jpg 768w, https:\/\/isabellereynier.fr\/wp-content\/uploads\/2025\/09\/isabelle-reynier-graphiste-patatam-1180x1536.jpg 1180w, https:\/\/isabellereynier.fr\/wp-content\/uploads\/2025\/09\/isabelle-reynier-graphiste-patatam-1573x2048.jpg 1573w\" sizes=\"(max-width: 1920px) 100vw, 1920px\" \/>\t\t\t\t\t\t\t\t\t\t\t\t\t\t\t<\/div>\n\t\t\t\t<\/div>\n\t\t\t\t\t<\/div>\n\t\t\t\t<\/div>\n\t\t<div class=\"elementor-element elementor-element-8885d95 e-flex e-con-boxed e-con e-parent\" data-id=\"8885d95\" data-element_type=\"container\" data-e-type=\"container\">\n\t\t\t\t\t<div class=\"e-con-inner\">\n\t\t\t\t<div class=\"elementor-element elementor-element-d23c4a3 elementor-hidden-desktop elementor-hidden-tablet elementor-widget elementor-widget-image\" data-id=\"d23c4a3\" data-element_type=\"widget\" data-e-type=\"widget\" data-widget_type=\"image.default\">\n\t\t\t\t<div class=\"elementor-widget-container\">\n\t\t\t\t\t\t\t\t\t\t\t\t\t\t\t<img decoding=\"async\" width=\"768\" height=\"3580\" src=\"https:\/\/isabellereynier.fr\/wp-content\/uploads\/2025\/09\/isabelle-reynier-graphiste-patatam-768.jpg\" class=\"attachment-full size-full wp-image-1258\" alt=\"\" \/>\t\t\t\t\t\t\t\t\t\t\t\t\t\t\t<\/div>\n\t\t\t\t<\/div>\n\t\t\t\t\t<\/div>\n\t\t\t\t<\/div>\n\t\t<div class=\"elementor-element elementor-element-48cc0ed e-flex e-con-boxed e-con e-parent\" data-id=\"48cc0ed\" data-element_type=\"container\" data-e-type=\"container\">\n\t\t\t\t\t<div class=\"e-con-inner\">\n\t\t\t\t<div class=\"elementor-element elementor-element-f94354d elementor-hidden-mobile elementor-widget elementor-widget-image\" data-id=\"f94354d\" data-element_type=\"widget\" data-e-type=\"widget\" data-widget_type=\"image.default\">\n\t\t\t\t<div class=\"elementor-widget-container\">\n\t\t\t\t\t\t\t\t\t\t\t\t\t\t\t<img decoding=\"async\" width=\"1920\" height=\"1800\" src=\"https:\/\/isabellereynier.fr\/wp-content\/uploads\/2025\/09\/isabelle-reynier-graphiste-patatam2.jpg\" class=\"attachment-full size-full wp-image-673\" alt=\"\" srcset=\"https:\/\/isabellereynier.fr\/wp-content\/uploads\/2025\/09\/isabelle-reynier-graphiste-patatam2.jpg 1920w, https:\/\/isabellereynier.fr\/wp-content\/uploads\/2025\/09\/isabelle-reynier-graphiste-patatam2-300x281.jpg 300w, https:\/\/isabellereynier.fr\/wp-content\/uploads\/2025\/09\/isabelle-reynier-graphiste-patatam2-1024x960.jpg 1024w, https:\/\/isabellereynier.fr\/wp-content\/uploads\/2025\/09\/isabelle-reynier-graphiste-patatam2-768x720.jpg 768w, https:\/\/isabellereynier.fr\/wp-content\/uploads\/2025\/09\/isabelle-reynier-graphiste-patatam2-1536x1440.jpg 1536w\" sizes=\"(max-width: 1920px) 100vw, 1920px\" \/>\t\t\t\t\t\t\t\t\t\t\t\t\t\t\t<\/div>\n\t\t\t\t<\/div>\n\t\t\t\t<div class=\"elementor-element elementor-element-4a94bae elementor-hidden-desktop elementor-hidden-tablet elementor-widget elementor-widget-image\" data-id=\"4a94bae\" data-element_type=\"widget\" data-e-type=\"widget\" data-widget_type=\"image.default\">\n\t\t\t\t<div class=\"elementor-widget-container\">\n\t\t\t\t\t\t\t\t\t\t\t\t\t\t\t<img loading=\"lazy\" decoding=\"async\" width=\"768\" height=\"1760\" src=\"https:\/\/isabellereynier.fr\/wp-content\/uploads\/2025\/09\/isabelle-reynier-graphiste-patatam-7682.jpg\" class=\"attachment-full size-full wp-image-723\" alt=\"\" srcset=\"https:\/\/isabellereynier.fr\/wp-content\/uploads\/2025\/09\/isabelle-reynier-graphiste-patatam-7682.jpg 768w, https:\/\/isabellereynier.fr\/wp-content\/uploads\/2025\/09\/isabelle-reynier-graphiste-patatam-7682-131x300.jpg 131w, https:\/\/isabellereynier.fr\/wp-content\/uploads\/2025\/09\/isabelle-reynier-graphiste-patatam-7682-447x1024.jpg 447w, https:\/\/isabellereynier.fr\/wp-content\/uploads\/2025\/09\/isabelle-reynier-graphiste-patatam-7682-670x1536.jpg 670w\" sizes=\"(max-width: 768px) 100vw, 768px\" \/>\t\t\t\t\t\t\t\t\t\t\t\t\t\t\t<\/div>\n\t\t\t\t<\/div>\n\t\t\t\t<div class=\"elementor-element elementor-element-84efec2 elementor-widget elementor-widget-image\" data-id=\"84efec2\" data-element_type=\"widget\" data-e-type=\"widget\" data-widget_type=\"image.default\">\n\t\t\t\t<div class=\"elementor-widget-container\">\n\t\t\t\t\t\t\t\t\t\t\t\t\t\t\t<img loading=\"lazy\" decoding=\"async\" width=\"1920\" height=\"1080\" src=\"https:\/\/isabellereynier.fr\/wp-content\/uploads\/2025\/09\/isabelle-reynier-graphiste-patatam-women-web-banners.gif\" class=\"attachment-full size-full wp-image-680\" alt=\"\" \/>\t\t\t\t\t\t\t\t\t\t\t\t\t\t\t<\/div>\n\t\t\t\t<\/div>\n\t\t\t\t<div class=\"elementor-element elementor-element-e8cb47e elementor-hidden-desktop elementor-hidden-tablet elementor-widget elementor-widget-image\" data-id=\"e8cb47e\" data-element_type=\"widget\" data-e-type=\"widget\" data-widget_type=\"image.default\">\n\t\t\t\t<div class=\"elementor-widget-container\">\n\t\t\t\t\t\t\t\t\t\t\t\t\t\t\t<img loading=\"lazy\" decoding=\"async\" width=\"768\" height=\"4300\" src=\"https:\/\/isabellereynier.fr\/wp-content\/uploads\/2025\/09\/isabelle-reynier-graphiste-patatam-7683.jpg\" class=\"attachment-full size-full wp-image-1256\" alt=\"\" srcset=\"https:\/\/isabellereynier.fr\/wp-content\/uploads\/2025\/09\/isabelle-reynier-graphiste-patatam-7683.jpg 768w, https:\/\/isabellereynier.fr\/wp-content\/uploads\/2025\/09\/isabelle-reynier-graphiste-patatam-7683-183x1024.jpg 183w, https:\/\/isabellereynier.fr\/wp-content\/uploads\/2025\/09\/isabelle-reynier-graphiste-patatam-7683-366x2048.jpg 366w\" sizes=\"(max-width: 768px) 100vw, 768px\" \/>\t\t\t\t\t\t\t\t\t\t\t\t\t\t\t<\/div>\n\t\t\t\t<\/div>\n\t\t\t\t<div class=\"elementor-element elementor-element-fc399b5 elementor-hidden-mobile elementor-widget elementor-widget-image\" data-id=\"fc399b5\" data-element_type=\"widget\" data-e-type=\"widget\" data-widget_type=\"image.default\">\n\t\t\t\t<div class=\"elementor-widget-container\">\n\t\t\t\t\t\t\t\t\t\t\t\t\t\t\t<img loading=\"lazy\" decoding=\"async\" width=\"1920\" height=\"3600\" src=\"https:\/\/isabellereynier.fr\/wp-content\/uploads\/2025\/09\/isabelle-reynier-graphiste-patatam3.jpg\" class=\"attachment-full size-full wp-image-1260\" alt=\"\" srcset=\"https:\/\/isabellereynier.fr\/wp-content\/uploads\/2025\/09\/isabelle-reynier-graphiste-patatam3.jpg 1920w, https:\/\/isabellereynier.fr\/wp-content\/uploads\/2025\/09\/isabelle-reynier-graphiste-patatam3-160x300.jpg 160w, https:\/\/isabellereynier.fr\/wp-content\/uploads\/2025\/09\/isabelle-reynier-graphiste-patatam3-546x1024.jpg 546w, https:\/\/isabellereynier.fr\/wp-content\/uploads\/2025\/09\/isabelle-reynier-graphiste-patatam3-768x1440.jpg 768w, https:\/\/isabellereynier.fr\/wp-content\/uploads\/2025\/09\/isabelle-reynier-graphiste-patatam3-819x1536.jpg 819w, https:\/\/isabellereynier.fr\/wp-content\/uploads\/2025\/09\/isabelle-reynier-graphiste-patatam3-1092x2048.jpg 1092w\" sizes=\"(max-width: 1920px) 100vw, 1920px\" \/>\t\t\t\t\t\t\t\t\t\t\t\t\t\t\t<\/div>\n\t\t\t\t<\/div>\n\t\t\t\t\t<\/div>\n\t\t\t\t<\/div>\n\t\t<div class=\"elementor-element elementor-element-bf4ac58 e-flex e-con-boxed e-con e-parent\" data-id=\"bf4ac58\" data-element_type=\"container\" data-e-type=\"container\">\n\t\t\t\t\t<div class=\"e-con-inner\">\n\t\t\t\t<div class=\"elementor-element elementor-element-27c189d elementor-hidden-mobile elementor-widget elementor-widget-image\" data-id=\"27c189d\" data-element_type=\"widget\" data-e-type=\"widget\" data-widget_type=\"image.default\">\n\t\t\t\t<div class=\"elementor-widget-container\">\n\t\t\t\t\t\t\t\t\t\t\t\t\t\t\t<img loading=\"lazy\" decoding=\"async\" width=\"1920\" height=\"1241\" src=\"https:\/\/isabellereynier.fr\/wp-content\/uploads\/2025\/09\/banniere-multidevice-patatam-studio-abelia2.png\" class=\"attachment-full size-full wp-image-1754\" alt=\"\" srcset=\"https:\/\/isabellereynier.fr\/wp-content\/uploads\/2025\/09\/banniere-multidevice-patatam-studio-abelia2.png 1920w, https:\/\/isabellereynier.fr\/wp-content\/uploads\/2025\/09\/banniere-multidevice-patatam-studio-abelia2-300x194.png 300w, https:\/\/isabellereynier.fr\/wp-content\/uploads\/2025\/09\/banniere-multidevice-patatam-studio-abelia2-1024x662.png 1024w, https:\/\/isabellereynier.fr\/wp-content\/uploads\/2025\/09\/banniere-multidevice-patatam-studio-abelia2-768x496.png 768w, https:\/\/isabellereynier.fr\/wp-content\/uploads\/2025\/09\/banniere-multidevice-patatam-studio-abelia2-1536x993.png 1536w\" sizes=\"(max-width: 1920px) 100vw, 1920px\" \/>\t\t\t\t\t\t\t\t\t\t\t\t\t\t\t<\/div>\n\t\t\t\t<\/div>\n\t\t\t\t<div class=\"elementor-element elementor-element-c9b87ea elementor-hidden-desktop elementor-hidden-tablet elementor-widget elementor-widget-image\" data-id=\"c9b87ea\" data-element_type=\"widget\" data-e-type=\"widget\" data-widget_type=\"image.default\">\n\t\t\t\t<div class=\"elementor-widget-container\">\n\t\t\t\t\t\t\t\t\t\t\t\t\t\t\t<img loading=\"lazy\" decoding=\"async\" width=\"768\" height=\"833\" src=\"https:\/\/isabellereynier.fr\/wp-content\/uploads\/2025\/09\/banniere-multidevice-patatam-studio-abelia7682.png\" class=\"attachment-full size-full wp-image-1755\" alt=\"\" srcset=\"https:\/\/isabellereynier.fr\/wp-content\/uploads\/2025\/09\/banniere-multidevice-patatam-studio-abelia7682.png 768w, https:\/\/isabellereynier.fr\/wp-content\/uploads\/2025\/09\/banniere-multidevice-patatam-studio-abelia7682-277x300.png 277w\" sizes=\"(max-width: 768px) 100vw, 768px\" \/>\t\t\t\t\t\t\t\t\t\t\t\t\t\t\t<\/div>\n\t\t\t\t<\/div>\n\t\t\t\t\t<\/div>\n\t\t\t\t<\/div>\n\t\t<div class=\"elementor-element elementor-element-074da51 e-flex e-con-boxed e-con e-parent\" data-id=\"074da51\" data-element_type=\"container\" data-e-type=\"container\">\n\t\t\t\t\t<div class=\"e-con-inner\">\n\t\t\t\t<div class=\"elementor-element elementor-element-6d64380 elementor-hidden-desktop elementor-hidden-tablet elementor-widget elementor-widget-image\" data-id=\"6d64380\" data-element_type=\"widget\" data-e-type=\"widget\" data-widget_type=\"image.default\">\n\t\t\t\t<div class=\"elementor-widget-container\">\n\t\t\t\t\t\t\t\t\t\t\t\t\t\t\t<img loading=\"lazy\" decoding=\"async\" width=\"768\" height=\"3840\" src=\"https:\/\/isabellereynier.fr\/wp-content\/uploads\/2025\/09\/isabelle-reynier-graphiste-patatam-7684.jpg\" class=\"attachment-full size-full wp-image-1257\" alt=\"\" srcset=\"https:\/\/isabellereynier.fr\/wp-content\/uploads\/2025\/09\/isabelle-reynier-graphiste-patatam-7684.jpg 768w, https:\/\/isabellereynier.fr\/wp-content\/uploads\/2025\/09\/isabelle-reynier-graphiste-patatam-7684-60x300.jpg 60w, https:\/\/isabellereynier.fr\/wp-content\/uploads\/2025\/09\/isabelle-reynier-graphiste-patatam-7684-205x1024.jpg 205w, https:\/\/isabellereynier.fr\/wp-content\/uploads\/2025\/09\/isabelle-reynier-graphiste-patatam-7684-307x1536.jpg 307w\" sizes=\"(max-width: 768px) 100vw, 768px\" \/>\t\t\t\t\t\t\t\t\t\t\t\t\t\t\t<\/div>\n\t\t\t\t<\/div>\n\t\t\t\t\t<\/div>\n\t\t\t\t<\/div>\n\t\t<div class=\"elementor-element elementor-element-472ceb4 e-flex e-con-boxed e-con e-parent\" data-id=\"472ceb4\" data-element_type=\"container\" data-e-type=\"container\">\n\t\t\t\t\t<div class=\"e-con-inner\">\n\t\t\t\t<div class=\"elementor-element elementor-element-f419764 elementor-hidden-mobile elementor-widget elementor-widget-image\" data-id=\"f419764\" data-element_type=\"widget\" data-e-type=\"widget\" data-widget_type=\"image.default\">\n\t\t\t\t<div class=\"elementor-widget-container\">\n\t\t\t\t\t\t\t\t\t\t\t\t\t\t\t<img loading=\"lazy\" decoding=\"async\" width=\"1920\" height=\"3200\" src=\"https:\/\/isabellereynier.fr\/wp-content\/uploads\/2025\/09\/isabelle-reynier-graphiste-patatam4.jpg\" class=\"attachment-full size-full wp-image-1259\" alt=\"\" srcset=\"https:\/\/isabellereynier.fr\/wp-content\/uploads\/2025\/09\/isabelle-reynier-graphiste-patatam4.jpg 1920w, https:\/\/isabellereynier.fr\/wp-content\/uploads\/2025\/09\/isabelle-reynier-graphiste-patatam4-180x300.jpg 180w, https:\/\/isabellereynier.fr\/wp-content\/uploads\/2025\/09\/isabelle-reynier-graphiste-patatam4-614x1024.jpg 614w, https:\/\/isabellereynier.fr\/wp-content\/uploads\/2025\/09\/isabelle-reynier-graphiste-patatam4-768x1280.jpg 768w, https:\/\/isabellereynier.fr\/wp-content\/uploads\/2025\/09\/isabelle-reynier-graphiste-patatam4-922x1536.jpg 922w, https:\/\/isabellereynier.fr\/wp-content\/uploads\/2025\/09\/isabelle-reynier-graphiste-patatam4-1229x2048.jpg 1229w\" sizes=\"(max-width: 1920px) 100vw, 1920px\" \/>\t\t\t\t\t\t\t\t\t\t\t\t\t\t\t<\/div>\n\t\t\t\t<\/div>\n\t\t\t\t\t<\/div>\n\t\t\t\t<\/div>\n\t\t<div class=\"elementor-element elementor-element-2b3c45f e-flex e-con-boxed e-con e-parent\" data-id=\"2b3c45f\" data-element_type=\"container\" data-e-type=\"container\">\n\t\t\t\t\t<div class=\"e-con-inner\">\n\t\t\t\t<div class=\"elementor-element elementor-element-aa1c855 elementor-hidden-mobile elementor-widget elementor-widget-image\" data-id=\"aa1c855\" data-element_type=\"widget\" data-e-type=\"widget\" data-widget_type=\"image.default\">\n\t\t\t\t<div class=\"elementor-widget-container\">\n\t\t\t\t\t\t\t\t\t\t\t\t\t\t\t<img loading=\"lazy\" decoding=\"async\" width=\"1920\" height=\"2150\" src=\"https:\/\/isabellereynier.fr\/wp-content\/uploads\/2025\/09\/isabelle-reynier-graphiste-patatam5.jpg\" class=\"attachment-full size-full wp-image-676\" alt=\"\" srcset=\"https:\/\/isabellereynier.fr\/wp-content\/uploads\/2025\/09\/isabelle-reynier-graphiste-patatam5.jpg 1920w, https:\/\/isabellereynier.fr\/wp-content\/uploads\/2025\/09\/isabelle-reynier-graphiste-patatam5-268x300.jpg 268w, https:\/\/isabellereynier.fr\/wp-content\/uploads\/2025\/09\/isabelle-reynier-graphiste-patatam5-914x1024.jpg 914w, https:\/\/isabellereynier.fr\/wp-content\/uploads\/2025\/09\/isabelle-reynier-graphiste-patatam5-768x860.jpg 768w, https:\/\/isabellereynier.fr\/wp-content\/uploads\/2025\/09\/isabelle-reynier-graphiste-patatam5-1372x1536.jpg 1372w, https:\/\/isabellereynier.fr\/wp-content\/uploads\/2025\/09\/isabelle-reynier-graphiste-patatam5-1829x2048.jpg 1829w\" sizes=\"(max-width: 1920px) 100vw, 1920px\" \/>\t\t\t\t\t\t\t\t\t\t\t\t\t\t\t<\/div>\n\t\t\t\t<\/div>\n\t\t\t\t\t<\/div>\n\t\t\t\t<\/div>\n\t\t<div class=\"elementor-element elementor-element-00329af e-flex e-con-boxed e-con e-parent\" data-id=\"00329af\" data-element_type=\"container\" data-e-type=\"container\">\n\t\t\t\t\t<div class=\"e-con-inner\">\n\t\t\t\t<div class=\"elementor-element elementor-element-6abf75b elementor-hidden-desktop elementor-hidden-tablet elementor-widget elementor-widget-image\" data-id=\"6abf75b\" data-element_type=\"widget\" data-e-type=\"widget\" data-widget_type=\"image.default\">\n\t\t\t\t<div class=\"elementor-widget-container\">\n\t\t\t\t\t\t\t\t\t\t\t\t\t\t\t<img loading=\"lazy\" decoding=\"async\" width=\"768\" height=\"2075\" src=\"https:\/\/isabellereynier.fr\/wp-content\/uploads\/2025\/09\/isabelle-reynier-graphiste-patatam-7685.jpg\" class=\"attachment-full size-full wp-image-726\" alt=\"\" srcset=\"https:\/\/isabellereynier.fr\/wp-content\/uploads\/2025\/09\/isabelle-reynier-graphiste-patatam-7685.jpg 768w, https:\/\/isabellereynier.fr\/wp-content\/uploads\/2025\/09\/isabelle-reynier-graphiste-patatam-7685-111x300.jpg 111w, https:\/\/isabellereynier.fr\/wp-content\/uploads\/2025\/09\/isabelle-reynier-graphiste-patatam-7685-379x1024.jpg 379w, https:\/\/isabellereynier.fr\/wp-content\/uploads\/2025\/09\/isabelle-reynier-graphiste-patatam-7685-569x1536.jpg 569w, https:\/\/isabellereynier.fr\/wp-content\/uploads\/2025\/09\/isabelle-reynier-graphiste-patatam-7685-758x2048.jpg 758w\" sizes=\"(max-width: 768px) 100vw, 768px\" \/>\t\t\t\t\t\t\t\t\t\t\t\t\t\t\t<\/div>\n\t\t\t\t<\/div>\n\t\t\t\t\t<\/div>\n\t\t\t\t<\/div>\n\t\t<div class=\"elementor-element elementor-element-0cb48f4 e-flex e-con-boxed e-con e-parent\" data-id=\"0cb48f4\" data-element_type=\"container\" data-e-type=\"container\">\n\t\t\t\t\t<div class=\"e-con-inner\">\n\t\t\t\t<div class=\"elementor-element elementor-element-6cb5185 elementor-widget elementor-widget-image\" data-id=\"6cb5185\" data-element_type=\"widget\" data-e-type=\"widget\" data-widget_type=\"image.default\">\n\t\t\t\t<div class=\"elementor-widget-container\">\n\t\t\t\t\t\t\t\t\t\t\t\t\t\t\t<img loading=\"lazy\" decoding=\"async\" width=\"1920\" height=\"2090\" src=\"https:\/\/isabellereynier.fr\/wp-content\/uploads\/2025\/09\/isabelle-reynier-graphiste-patatam-women-newsletter-vintage.gif\" class=\"attachment-full size-full wp-image-679\" alt=\"\" \/>\t\t\t\t\t\t\t\t\t\t\t\t\t\t\t<\/div>\n\t\t\t\t<\/div>\n\t\t\t\t\t<\/div>\n\t\t\t\t<\/div>\n\t\t<div class=\"elementor-element elementor-element-00c04a3 e-con-full elementor-hidden-mobile e-flex e-con e-parent\" data-id=\"00c04a3\" data-element_type=\"container\" data-e-type=\"container\">\n\t\t\t\t<div class=\"elementor-element elementor-element-645581f elementor-widget__width-initial mon-bouton elementor-widget elementor-widget-button\" data-id=\"645581f\" data-element_type=\"widget\" data-e-type=\"widget\" data-widget_type=\"button.default\">\n\t\t\t\t<div class=\"elementor-widget-container\">\n\t\t\t\t\t\t\t\t\t<div class=\"elementor-button-wrapper\">\n\t\t\t\t\t<a class=\"elementor-button elementor-button-link elementor-size-sm elementor-animation-float\" href=\"http:\/\/isabellereynier.fr\/uk\/#projets\" id=\"back\">\n\t\t\t\t\t\t<span class=\"elementor-button-content-wrapper\">\n\t\t\t\t\t\t<span class=\"elementor-button-icon\">\n\t\t\t\t<svg aria-hidden=\"true\" class=\"e-font-icon-svg e-fas-long-arrow-alt-left\" viewbox=\"0 0 448 512\" xmlns=\"http:\/\/www.w3.org\/2000\/svg\"><path d=\"M134.059 296H436c6.627 0 12-5.373 12-12v-56c0-6.627-5.373-12-12-12H134.059v-46.059c0-21.382-25.851-32.09-40.971-16.971L7.029 239.029c-9.373 9.373-9.373 24.569 0 33.941l86.059 86.059c15.119 15.119 40.971 4.411 40.971-16.971V296z\"><\/path><\/svg>\t\t\t<\/span>\n\t\t\t\t\t\t\t\t\t<span class=\"elementor-button-text\">back to projects<\/span>\n\t\t\t\t\t<\/span>\n\t\t\t\t\t<\/a>\n\t\t\t\t<\/div>\n\t\t\t\t\t\t\t\t<\/div>\n\t\t\t\t<\/div>\n\t\t\t\t<\/div>\n\t\t<div class=\"elementor-element elementor-element-2c49ba9 e-con-full elementor-hidden-desktop elementor-hidden-tablet e-flex e-con e-parent\" data-id=\"2c49ba9\" data-element_type=\"container\" data-e-type=\"container\">\n\t\t\t\t<div class=\"elementor-element elementor-element-74f2582 elementor-align-left elementor-widget__width-initial mon-bouton elementor-widget elementor-widget-button\" data-id=\"74f2582\" data-element_type=\"widget\" data-e-type=\"widget\" data-widget_type=\"button.default\">\n\t\t\t\t<div class=\"elementor-widget-container\">\n\t\t\t\t\t\t\t\t\t<div class=\"elementor-button-wrapper\">\n\t\t\t\t\t<a class=\"elementor-button elementor-button-link elementor-size-sm\" href=\"http:\/\/isabellereynier.fr\/uk\/#projets\" id=\"back-mob\">\n\t\t\t\t\t\t<span class=\"elementor-button-content-wrapper\">\n\t\t\t\t\t\t<span class=\"elementor-button-icon\">\n\t\t\t\t<svg aria-hidden=\"true\" class=\"e-font-icon-svg e-fas-long-arrow-alt-left\" viewbox=\"0 0 448 512\" xmlns=\"http:\/\/www.w3.org\/2000\/svg\"><path d=\"M134.059 296H436c6.627 0 12-5.373 12-12v-56c0-6.627-5.373-12-12-12H134.059v-46.059c0-21.382-25.851-32.09-40.971-16.971L7.029 239.029c-9.373 9.373-9.373 24.569 0 33.941l86.059 86.059c15.119 15.119 40.971 4.411 40.971-16.971V296z\"><\/path><\/svg>\t\t\t<\/span>\n\t\t\t\t\t\t\t\t\t<span class=\"elementor-button-text\">retour<\/span>\n\t\t\t\t\t<\/span>\n\t\t\t\t\t<\/a>\n\t\t\t\t<\/div>\n\t\t\t\t\t\t\t\t<\/div>\n\t\t\t\t<\/div>\n\t\t\t\t<\/div>\n\t\t<div class=\"elementor-element elementor-element-39baa33 e-flex e-con-boxed e-con e-parent\" data-id=\"39baa33\" data-element_type=\"container\" data-e-type=\"container\">\n\t\t\t\t\t<div class=\"e-con-inner\">\n\t\t\t\t\t<\/div>\n\t\t\t\t<\/div>\n\t\t<div class=\"elementor-element elementor-element-799fc73 e-flex e-con-boxed e-con e-parent\" data-id=\"799fc73\" data-element_type=\"container\" data-e-type=\"container\">\n\t\t\t\t\t<div class=\"e-con-inner\">\n\t\t\t\t\t<\/div>\n\t\t\t\t<\/div>\n\t\t\t\t<\/div>","protected":false},"excerpt":{"rendered":"<p>cr\u00e9ations pour le web &#8211; 2015 \u00e0 2019 Site e-commerce de rachat et vente de v\u00eatements de seconde main pour&hellip;<\/p>","protected":false},"author":2,"featured_media":0,"parent":0,"menu_order":0,"comment_status":"closed","ping_status":"closed","template":"elementor_theme","meta":{"_monsterinsights_skip_tracking":false,"_monsterinsights_sitenote_active":false,"_monsterinsights_sitenote_note":"","_monsterinsights_sitenote_category":0,"footnotes":""},"class_list":["post-647","page","type-page","status-publish","hentry"],"aioseo_notices":[],"_links":{"self":[{"href":"https:\/\/isabellereynier.fr\/uk\/wp-json\/wp\/v2\/pages\/647","targetHints":{"allow":["GET"]}}],"collection":[{"href":"https:\/\/isabellereynier.fr\/uk\/wp-json\/wp\/v2\/pages"}],"about":[{"href":"https:\/\/isabellereynier.fr\/uk\/wp-json\/wp\/v2\/types\/page"}],"author":[{"embeddable":true,"href":"https:\/\/isabellereynier.fr\/uk\/wp-json\/wp\/v2\/users\/2"}],"replies":[{"embeddable":true,"href":"https:\/\/isabellereynier.fr\/uk\/wp-json\/wp\/v2\/comments?post=647"}],"version-history":[{"count":238,"href":"https:\/\/isabellereynier.fr\/uk\/wp-json\/wp\/v2\/pages\/647\/revisions"}],"predecessor-version":[{"id":1758,"href":"https:\/\/isabellereynier.fr\/uk\/wp-json\/wp\/v2\/pages\/647\/revisions\/1758"}],"wp:attachment":[{"href":"https:\/\/isabellereynier.fr\/uk\/wp-json\/wp\/v2\/media?parent=647"}],"curies":[{"name":"wp","href":"https:\/\/api.w.org\/{rel}","templated":true}]}}