{"id":1668,"date":"2025-09-25T11:51:08","date_gmt":"2025-09-25T09:51:08","guid":{"rendered":"https:\/\/isabellereynier.fr\/?page_id=1668"},"modified":"2025-09-25T14:29:30","modified_gmt":"2025-09-25T12:29:30","slug":"ape-lande","status":"publish","type":"page","link":"https:\/\/isabellereynier.fr\/uk\/ape-lande\/","title":{"rendered":"APE la Lande project"},"content":{"rendered":"<div data-elementor-type=\"wp-page\" data-elementor-id=\"1668\" class=\"elementor elementor-1668\">\n\t\t\t\t<div class=\"elementor-element elementor-element-1f9f55a1 e-flex e-con-boxed e-con e-parent\" data-id=\"1f9f55a1\" data-element_type=\"container\" data-e-type=\"container\">\n\t\t\t\t\t<div class=\"e-con-inner\">\n\t\t\t\t<div class=\"elementor-element elementor-element-7291f6c4 elementor-widget elementor-widget-heading\" data-id=\"7291f6c4\" data-element_type=\"widget\" data-e-type=\"widget\" data-widget_type=\"heading.default\">\n\t\t\t\t<div class=\"elementor-widget-container\">\n\t\t\t\t\t<h5 class=\"elementor-heading-title elementor-size-default\">Logo and brand identity design \u2013 2024<\/h5>\t\t\t\t<\/div>\n\t\t\t\t<\/div>\n\t\t\t\t\t<\/div>\n\t\t\t\t<\/div>\n\t\t<div class=\"elementor-element elementor-element-5cf2c686 e-flex e-con-boxed e-con e-parent\" data-id=\"5cf2c686\" data-element_type=\"container\" data-e-type=\"container\">\n\t\t\t\t\t<div class=\"e-con-inner\">\n\t\t\t\t<div class=\"elementor-element elementor-element-62a7e8ff elementor-widget elementor-widget-text-editor\" data-id=\"62a7e8ff\" data-element_type=\"widget\" data-e-type=\"widget\" data-widget_type=\"text-editor.default\">\n\t\t\t\t<div class=\"elementor-widget-container\">\n\t\t\t\t\t\t\t\t\tAPE La Lande is a parents\u2019 association for the school community.\n<br\/><br\/>\n<strong><span style=\"color: #ea6b87; font-family: 'Red Hat Display';\">\ud83c\udf1f The wonders I\u2019ve crafted<\/span><\/strong>\n<br\/>\n<span style=\"color: #ea6b87;\">\u279b<\/span> Logo and brand identity design\n<br\/>\n<span style=\"color: #ea6b87;\">\u279b<\/span> Branded poster variations\t\t\t\t\t\t\t\t<\/div>\n\t\t\t\t<\/div>\n\t\t\t\t\t<\/div>\n\t\t\t\t<\/div>\n\t\t<div class=\"elementor-element elementor-element-6394137b e-flex e-con-boxed e-con e-parent\" data-id=\"6394137b\" data-element_type=\"container\" data-e-type=\"container\">\n\t\t\t\t\t<div class=\"e-con-inner\">\n\t\t\t\t<div class=\"elementor-element elementor-element-e477238 elementor-hidden-mobile elementor-widget elementor-widget-image\" data-id=\"e477238\" data-element_type=\"widget\" data-e-type=\"widget\" data-widget_type=\"image.default\">\n\t\t\t\t<div class=\"elementor-widget-container\">\n\t\t\t\t\t\t\t\t\t\t\t\t\t\t\t<img fetchpriority=\"high\" decoding=\"async\" width=\"1920\" height=\"1452\" src=\"https:\/\/isabellereynier.fr\/wp-content\/uploads\/2025\/09\/logo-ape1920.jpg\" class=\"attachment-full size-full wp-image-1673\" alt=\"\" srcset=\"https:\/\/isabellereynier.fr\/wp-content\/uploads\/2025\/09\/logo-ape1920.jpg 1920w, https:\/\/isabellereynier.fr\/wp-content\/uploads\/2025\/09\/logo-ape1920-300x227.jpg 300w, https:\/\/isabellereynier.fr\/wp-content\/uploads\/2025\/09\/logo-ape1920-1024x774.jpg 1024w, https:\/\/isabellereynier.fr\/wp-content\/uploads\/2025\/09\/logo-ape1920-768x581.jpg 768w, https:\/\/isabellereynier.fr\/wp-content\/uploads\/2025\/09\/logo-ape1920-1536x1162.jpg 1536w\" sizes=\"(max-width: 1920px) 100vw, 1920px\" \/>\t\t\t\t\t\t\t\t\t\t\t\t\t\t\t<\/div>\n\t\t\t\t<\/div>\n\t\t\t\t\t<\/div>\n\t\t\t\t<\/div>\n\t\t<div class=\"elementor-element elementor-element-9eecf4b e-flex e-con-boxed e-con e-parent\" data-id=\"9eecf4b\" data-element_type=\"container\" data-e-type=\"container\">\n\t\t\t\t\t<div class=\"e-con-inner\">\n\t\t\t\t<div class=\"elementor-element elementor-element-65370155 elementor-hidden-desktop elementor-hidden-tablet elementor-widget elementor-widget-image\" data-id=\"65370155\" data-element_type=\"widget\" data-e-type=\"widget\" data-widget_type=\"image.default\">\n\t\t\t\t<div class=\"elementor-widget-container\">\n\t\t\t\t\t\t\t\t\t\t\t\t\t\t\t<img decoding=\"async\" width=\"769\" height=\"1656\" src=\"https:\/\/isabellereynier.fr\/wp-content\/uploads\/2025\/09\/logo-ape768.jpg\" class=\"attachment-full size-full wp-image-1672\" alt=\"\" srcset=\"https:\/\/isabellereynier.fr\/wp-content\/uploads\/2025\/09\/logo-ape768.jpg 769w, https:\/\/isabellereynier.fr\/wp-content\/uploads\/2025\/09\/logo-ape768-139x300.jpg 139w, https:\/\/isabellereynier.fr\/wp-content\/uploads\/2025\/09\/logo-ape768-476x1024.jpg 476w, https:\/\/isabellereynier.fr\/wp-content\/uploads\/2025\/09\/logo-ape768-768x1654.jpg 768w, https:\/\/isabellereynier.fr\/wp-content\/uploads\/2025\/09\/logo-ape768-713x1536.jpg 713w\" sizes=\"(max-width: 769px) 100vw, 769px\" \/>\t\t\t\t\t\t\t\t\t\t\t\t\t\t\t<\/div>\n\t\t\t\t<\/div>\n\t\t\t\t\t<\/div>\n\t\t\t\t<\/div>\n\t\t<div class=\"elementor-element elementor-element-15ff22e9 e-flex e-con-boxed e-con e-parent\" data-id=\"15ff22e9\" data-element_type=\"container\" data-e-type=\"container\">\n\t\t\t\t\t<div class=\"e-con-inner\">\n\t\t\t\t<div class=\"elementor-element elementor-element-22772482 elementor-hidden-mobile elementor-widget elementor-widget-image\" data-id=\"22772482\" data-element_type=\"widget\" data-e-type=\"widget\" data-widget_type=\"image.default\">\n\t\t\t\t<div class=\"elementor-widget-container\">\n\t\t\t\t\t\t\t\t\t\t\t\t\t\t\t<img decoding=\"async\" width=\"1920\" height=\"3958\" src=\"https:\/\/isabellereynier.fr\/wp-content\/uploads\/2025\/09\/affiches-ape1920.jpg\" class=\"attachment-full size-full wp-image-1671\" alt=\"\" srcset=\"https:\/\/isabellereynier.fr\/wp-content\/uploads\/2025\/09\/affiches-ape1920.jpg 1920w, https:\/\/isabellereynier.fr\/wp-content\/uploads\/2025\/09\/affiches-ape1920-146x300.jpg 146w, https:\/\/isabellereynier.fr\/wp-content\/uploads\/2025\/09\/affiches-ape1920-497x1024.jpg 497w, https:\/\/isabellereynier.fr\/wp-content\/uploads\/2025\/09\/affiches-ape1920-768x1583.jpg 768w, https:\/\/isabellereynier.fr\/wp-content\/uploads\/2025\/09\/affiches-ape1920-745x1536.jpg 745w, https:\/\/isabellereynier.fr\/wp-content\/uploads\/2025\/09\/affiches-ape1920-993x2048.jpg 993w\" sizes=\"(max-width: 1920px) 100vw, 1920px\" \/>\t\t\t\t\t\t\t\t\t\t\t\t\t\t\t<\/div>\n\t\t\t\t<\/div>\n\t\t\t\t<div class=\"elementor-element elementor-element-64f86c10 elementor-hidden-desktop elementor-hidden-tablet elementor-widget elementor-widget-image\" data-id=\"64f86c10\" data-element_type=\"widget\" data-e-type=\"widget\" data-widget_type=\"image.default\">\n\t\t\t\t<div class=\"elementor-widget-container\">\n\t\t\t\t\t\t\t\t\t\t\t\t\t\t\t<img loading=\"lazy\" decoding=\"async\" width=\"769\" height=\"3713\" src=\"https:\/\/isabellereynier.fr\/wp-content\/uploads\/2025\/09\/affiches-ape768.jpg\" class=\"attachment-full size-full wp-image-1670\" alt=\"\" srcset=\"https:\/\/isabellereynier.fr\/wp-content\/uploads\/2025\/09\/affiches-ape768.jpg 769w, https:\/\/isabellereynier.fr\/wp-content\/uploads\/2025\/09\/affiches-ape768-62x300.jpg 62w, https:\/\/isabellereynier.fr\/wp-content\/uploads\/2025\/09\/affiches-ape768-212x1024.jpg 212w, https:\/\/isabellereynier.fr\/wp-content\/uploads\/2025\/09\/affiches-ape768-768x3708.jpg 768w, https:\/\/isabellereynier.fr\/wp-content\/uploads\/2025\/09\/affiches-ape768-318x1536.jpg 318w, https:\/\/isabellereynier.fr\/wp-content\/uploads\/2025\/09\/affiches-ape768-424x2048.jpg 424w\" sizes=\"(max-width: 769px) 100vw, 769px\" \/>\t\t\t\t\t\t\t\t\t\t\t\t\t\t\t<\/div>\n\t\t\t\t<\/div>\n\t\t\t\t<div class=\"elementor-element elementor-element-6ab6cbfb elementor-hidden-desktop elementor-hidden-tablet elementor-widget elementor-widget-image\" data-id=\"6ab6cbfb\" data-element_type=\"widget\" data-e-type=\"widget\" data-widget_type=\"image.default\">\n\t\t\t\t<div class=\"elementor-widget-container\">\n\t\t\t\t\t\t\t\t\t\t\t\t\t\t\t<img loading=\"lazy\" decoding=\"async\" width=\"769\" height=\"1366\" src=\"https:\/\/isabellereynier.fr\/wp-content\/uploads\/2025\/09\/tshirt-ape768.jpg\" class=\"attachment-full size-full wp-image-1674\" alt=\"\" srcset=\"https:\/\/isabellereynier.fr\/wp-content\/uploads\/2025\/09\/tshirt-ape768.jpg 769w, https:\/\/isabellereynier.fr\/wp-content\/uploads\/2025\/09\/tshirt-ape768-169x300.jpg 169w, https:\/\/isabellereynier.fr\/wp-content\/uploads\/2025\/09\/tshirt-ape768-576x1024.jpg 576w, https:\/\/isabellereynier.fr\/wp-content\/uploads\/2025\/09\/tshirt-ape768-768x1364.jpg 768w\" sizes=\"(max-width: 769px) 100vw, 769px\" \/>\t\t\t\t\t\t\t\t\t\t\t\t\t\t\t<\/div>\n\t\t\t\t<\/div>\n\t\t\t\t<div class=\"elementor-element elementor-element-188ec670 elementor-hidden-mobile elementor-widget elementor-widget-image\" data-id=\"188ec670\" data-element_type=\"widget\" data-e-type=\"widget\" data-widget_type=\"image.default\">\n\t\t\t\t<div class=\"elementor-widget-container\">\n\t\t\t\t\t\t\t\t\t\t\t\t\t\t\t<img loading=\"lazy\" decoding=\"async\" width=\"1920\" height=\"2797\" src=\"https:\/\/isabellereynier.fr\/wp-content\/uploads\/2025\/09\/tshirt-ape1920.jpg\" class=\"attachment-full size-full wp-image-1675\" alt=\"\" srcset=\"https:\/\/isabellereynier.fr\/wp-content\/uploads\/2025\/09\/tshirt-ape1920.jpg 1920w, https:\/\/isabellereynier.fr\/wp-content\/uploads\/2025\/09\/tshirt-ape1920-206x300.jpg 206w, https:\/\/isabellereynier.fr\/wp-content\/uploads\/2025\/09\/tshirt-ape1920-703x1024.jpg 703w, https:\/\/isabellereynier.fr\/wp-content\/uploads\/2025\/09\/tshirt-ape1920-768x1119.jpg 768w, https:\/\/isabellereynier.fr\/wp-content\/uploads\/2025\/09\/tshirt-ape1920-1054x1536.jpg 1054w, https:\/\/isabellereynier.fr\/wp-content\/uploads\/2025\/09\/tshirt-ape1920-1406x2048.jpg 1406w\" sizes=\"(max-width: 1920px) 100vw, 1920px\" \/>\t\t\t\t\t\t\t\t\t\t\t\t\t\t\t<\/div>\n\t\t\t\t<\/div>\n\t\t\t\t\t<\/div>\n\t\t\t\t<\/div>\n\t\t<div class=\"elementor-element elementor-element-3017067c e-con-full elementor-hidden-mobile e-flex e-con e-parent\" data-id=\"3017067c\" data-element_type=\"container\" data-e-type=\"container\">\n\t\t\t\t<div class=\"elementor-element elementor-element-6dbf9841 elementor-widget__width-initial mon-bouton elementor-widget elementor-widget-button\" data-id=\"6dbf9841\" data-element_type=\"widget\" data-e-type=\"widget\" data-widget_type=\"button.default\">\n\t\t\t\t<div class=\"elementor-widget-container\">\n\t\t\t\t\t\t\t\t\t<div class=\"elementor-button-wrapper\">\n\t\t\t\t\t<a class=\"elementor-button elementor-button-link elementor-size-sm elementor-animation-float\" href=\"http:\/\/isabellereynier.fr\/uk\/#projets\" id=\"back\">\n\t\t\t\t\t\t<span class=\"elementor-button-content-wrapper\">\n\t\t\t\t\t\t<span class=\"elementor-button-icon\">\n\t\t\t\t<svg aria-hidden=\"true\" class=\"e-font-icon-svg e-fas-long-arrow-alt-left\" viewbox=\"0 0 448 512\" xmlns=\"http:\/\/www.w3.org\/2000\/svg\"><path d=\"M134.059 296H436c6.627 0 12-5.373 12-12v-56c0-6.627-5.373-12-12-12H134.059v-46.059c0-21.382-25.851-32.09-40.971-16.971L7.029 239.029c-9.373 9.373-9.373 24.569 0 33.941l86.059 86.059c15.119 15.119 40.971 4.411 40.971-16.971V296z\"><\/path><\/svg>\t\t\t<\/span>\n\t\t\t\t\t\t\t\t\t<span class=\"elementor-button-text\">back to projects<\/span>\n\t\t\t\t\t<\/span>\n\t\t\t\t\t<\/a>\n\t\t\t\t<\/div>\n\t\t\t\t\t\t\t\t<\/div>\n\t\t\t\t<\/div>\n\t\t\t\t<\/div>\n\t\t<div class=\"elementor-element elementor-element-6a5d3da2 e-con-full elementor-hidden-desktop elementor-hidden-tablet e-flex e-con e-parent\" data-id=\"6a5d3da2\" data-element_type=\"container\" data-e-type=\"container\">\n\t\t\t\t<div class=\"elementor-element elementor-element-7add6e08 elementor-align-left elementor-widget__width-initial mon-bouton elementor-widget elementor-widget-button\" data-id=\"7add6e08\" data-element_type=\"widget\" data-e-type=\"widget\" data-widget_type=\"button.default\">\n\t\t\t\t<div class=\"elementor-widget-container\">\n\t\t\t\t\t\t\t\t\t<div class=\"elementor-button-wrapper\">\n\t\t\t\t\t<a class=\"elementor-button elementor-button-link elementor-size-sm\" href=\"http:\/\/isabellereynier.fr\/uk\/#projets\" id=\"back-mob\">\n\t\t\t\t\t\t<span class=\"elementor-button-content-wrapper\">\n\t\t\t\t\t\t<span class=\"elementor-button-icon\">\n\t\t\t\t<svg aria-hidden=\"true\" class=\"e-font-icon-svg e-fas-long-arrow-alt-left\" viewbox=\"0 0 448 512\" xmlns=\"http:\/\/www.w3.org\/2000\/svg\"><path d=\"M134.059 296H436c6.627 0 12-5.373 12-12v-56c0-6.627-5.373-12-12-12H134.059v-46.059c0-21.382-25.851-32.09-40.971-16.971L7.029 239.029c-9.373 9.373-9.373 24.569 0 33.941l86.059 86.059c15.119 15.119 40.971 4.411 40.971-16.971V296z\"><\/path><\/svg>\t\t\t<\/span>\n\t\t\t\t\t\t\t\t\t<span class=\"elementor-button-text\">retour<\/span>\n\t\t\t\t\t<\/span>\n\t\t\t\t\t<\/a>\n\t\t\t\t<\/div>\n\t\t\t\t\t\t\t\t<\/div>\n\t\t\t\t<\/div>\n\t\t\t\t<\/div>\n\t\t<div class=\"elementor-element elementor-element-2b78cdb7 e-flex e-con-boxed e-con e-parent\" data-id=\"2b78cdb7\" data-element_type=\"container\" data-e-type=\"container\">\n\t\t\t\t\t<div class=\"e-con-inner\">\n\t\t\t\t\t<\/div>\n\t\t\t\t<\/div>\n\t\t\t\t<\/div>","protected":false},"excerpt":{"rendered":"<p>cr\u00e9ation d&rsquo;un logo et de l&rsquo;identit\u00e9 visuelle associ\u00e9e &#8211; 2024 APE la lande est une association de parents d&rsquo;\u00e9l\u00e8ves. \ud83c\udf1f&hellip;<\/p>","protected":false},"author":2,"featured_media":0,"parent":0,"menu_order":0,"comment_status":"closed","ping_status":"closed","template":"elementor_theme","meta":{"_monsterinsights_skip_tracking":false,"_monsterinsights_sitenote_active":false,"_monsterinsights_sitenote_note":"","_monsterinsights_sitenote_category":0,"footnotes":""},"class_list":["post-1668","page","type-page","status-publish","hentry"],"aioseo_notices":[],"_links":{"self":[{"href":"https:\/\/isabellereynier.fr\/uk\/wp-json\/wp\/v2\/pages\/1668","targetHints":{"allow":["GET"]}}],"collection":[{"href":"https:\/\/isabellereynier.fr\/uk\/wp-json\/wp\/v2\/pages"}],"about":[{"href":"https:\/\/isabellereynier.fr\/uk\/wp-json\/wp\/v2\/types\/page"}],"author":[{"embeddable":true,"href":"https:\/\/isabellereynier.fr\/uk\/wp-json\/wp\/v2\/users\/2"}],"replies":[{"embeddable":true,"href":"https:\/\/isabellereynier.fr\/uk\/wp-json\/wp\/v2\/comments?post=1668"}],"version-history":[{"count":20,"href":"https:\/\/isabellereynier.fr\/uk\/wp-json\/wp\/v2\/pages\/1668\/revisions"}],"predecessor-version":[{"id":1698,"href":"https:\/\/isabellereynier.fr\/uk\/wp-json\/wp\/v2\/pages\/1668\/revisions\/1698"}],"wp:attachment":[{"href":"https:\/\/isabellereynier.fr\/uk\/wp-json\/wp\/v2\/media?parent=1668"}],"curies":[{"name":"wp","href":"https:\/\/api.w.org\/{rel}","templated":true}]}}