{"id":1644,"date":"2025-09-23T15:18:25","date_gmt":"2025-09-23T13:18:25","guid":{"rendered":"https:\/\/isabellereynier.fr\/?page_id=1644"},"modified":"2025-09-25T14:28:14","modified_gmt":"2025-09-25T12:28:14","slug":"dj-optima","status":"publish","type":"page","link":"https:\/\/isabellereynier.fr\/uk\/dj-optima\/","title":{"rendered":"Dj Optima project"},"content":{"rendered":"<div data-elementor-type=\"wp-page\" data-elementor-id=\"1644\" class=\"elementor elementor-1644\">\n\t\t\t\t<div class=\"elementor-element elementor-element-7854f9c0 e-flex e-con-boxed e-con e-parent\" data-id=\"7854f9c0\" data-element_type=\"container\" data-e-type=\"container\">\n\t\t\t\t\t<div class=\"e-con-inner\">\n\t\t\t\t<div class=\"elementor-element elementor-element-5d786494 elementor-widget elementor-widget-heading\" data-id=\"5d786494\" data-element_type=\"widget\" data-e-type=\"widget\" data-widget_type=\"heading.default\">\n\t\t\t\t<div class=\"elementor-widget-container\">\n\t\t\t\t\t<h5 class=\"elementor-heading-title elementor-size-default\">Brand identity design \u2013 2025<\/h5>\t\t\t\t<\/div>\n\t\t\t\t<\/div>\n\t\t\t\t\t<\/div>\n\t\t\t\t<\/div>\n\t\t<div class=\"elementor-element elementor-element-451a817 e-flex e-con-boxed e-con e-parent\" data-id=\"451a817\" data-element_type=\"container\" data-e-type=\"container\">\n\t\t\t\t\t<div class=\"e-con-inner\">\n\t\t\t\t<div class=\"elementor-element elementor-element-3f7333b6 elementor-widget elementor-widget-text-editor\" data-id=\"3f7333b6\" data-element_type=\"widget\" data-e-type=\"widget\" data-widget_type=\"text-editor.default\">\n\t\t\t\t<div class=\"elementor-widget-container\">\n\t\t\t\t\t\t\t\t\tDJ Optima is a French electronic music producer and event entertainer.\n<br\/>\n<br\/>\n<strong><span style=\"color: #ea6b87; font-family: 'Red Hat Display';\">\ud83d\ude0e Freshly brewed gems from my morning coffee<\/span><\/strong>\n<br\/>\n<span style=\"color: #ea6b87;\">\u279b<\/span> Logo &amp; brand identity\n<br\/>\n<span style=\"color: #ea6b87;\">\u279b<\/span> Designing social media content\n<br\/>\n<span style=\"color: #ea6b87;\">\u279b<\/span> Vinyl cover design\t\t\t\t\t\t\t\t<\/div>\n\t\t\t\t<\/div>\n\t\t\t\t\t<\/div>\n\t\t\t\t<\/div>\n\t\t<div class=\"elementor-element elementor-element-74d314f0 e-flex e-con-boxed e-con e-parent\" data-id=\"74d314f0\" data-element_type=\"container\" data-e-type=\"container\">\n\t\t\t\t\t<div class=\"e-con-inner\">\n\t\t\t\t<div class=\"elementor-element elementor-element-2f6052ad elementor-hidden-mobile elementor-widget elementor-widget-image\" data-id=\"2f6052ad\" data-element_type=\"widget\" data-e-type=\"widget\" data-widget_type=\"image.default\">\n\t\t\t\t<div class=\"elementor-widget-container\">\n\t\t\t\t\t\t\t\t\t\t\t\t\t\t\t<img fetchpriority=\"high\" decoding=\"async\" width=\"1920\" height=\"4185\" src=\"https:\/\/isabellereynier.fr\/wp-content\/uploads\/2025\/09\/dj-optima-logo1920.jpg\" class=\"attachment-full size-full wp-image-1650\" alt=\"\" srcset=\"https:\/\/isabellereynier.fr\/wp-content\/uploads\/2025\/09\/dj-optima-logo1920.jpg 1920w, https:\/\/isabellereynier.fr\/wp-content\/uploads\/2025\/09\/dj-optima-logo1920-138x300.jpg 138w, https:\/\/isabellereynier.fr\/wp-content\/uploads\/2025\/09\/dj-optima-logo1920-470x1024.jpg 470w, https:\/\/isabellereynier.fr\/wp-content\/uploads\/2025\/09\/dj-optima-logo1920-768x1674.jpg 768w, https:\/\/isabellereynier.fr\/wp-content\/uploads\/2025\/09\/dj-optima-logo1920-705x1536.jpg 705w, https:\/\/isabellereynier.fr\/wp-content\/uploads\/2025\/09\/dj-optima-logo1920-940x2048.jpg 940w\" sizes=\"(max-width: 1920px) 100vw, 1920px\" \/>\t\t\t\t\t\t\t\t\t\t\t\t\t\t\t<\/div>\n\t\t\t\t<\/div>\n\t\t\t\t\t<\/div>\n\t\t\t\t<\/div>\n\t\t<div class=\"elementor-element elementor-element-2c75958e e-flex e-con-boxed e-con e-parent\" data-id=\"2c75958e\" data-element_type=\"container\" data-e-type=\"container\">\n\t\t\t\t\t<div class=\"e-con-inner\">\n\t\t\t\t<div class=\"elementor-element elementor-element-1c5acf97 elementor-hidden-desktop elementor-hidden-tablet elementor-widget elementor-widget-image\" data-id=\"1c5acf97\" data-element_type=\"widget\" data-e-type=\"widget\" data-widget_type=\"image.default\">\n\t\t\t\t<div class=\"elementor-widget-container\">\n\t\t\t\t\t\t\t\t\t\t\t\t\t\t\t<img decoding=\"async\" width=\"769\" height=\"2596\" src=\"https:\/\/isabellereynier.fr\/wp-content\/uploads\/2025\/09\/dj-optima-logo768.jpg\" class=\"attachment-full size-full wp-image-1649\" alt=\"\" srcset=\"https:\/\/isabellereynier.fr\/wp-content\/uploads\/2025\/09\/dj-optima-logo768.jpg 769w, https:\/\/isabellereynier.fr\/wp-content\/uploads\/2025\/09\/dj-optima-logo768-89x300.jpg 89w, https:\/\/isabellereynier.fr\/wp-content\/uploads\/2025\/09\/dj-optima-logo768-303x1024.jpg 303w, https:\/\/isabellereynier.fr\/wp-content\/uploads\/2025\/09\/dj-optima-logo768-768x2593.jpg 768w, https:\/\/isabellereynier.fr\/wp-content\/uploads\/2025\/09\/dj-optima-logo768-455x1536.jpg 455w, https:\/\/isabellereynier.fr\/wp-content\/uploads\/2025\/09\/dj-optima-logo768-607x2048.jpg 607w\" sizes=\"(max-width: 769px) 100vw, 769px\" \/>\t\t\t\t\t\t\t\t\t\t\t\t\t\t\t<\/div>\n\t\t\t\t<\/div>\n\t\t\t\t\t<\/div>\n\t\t\t\t<\/div>\n\t\t<div class=\"elementor-element elementor-element-123253e5 e-flex e-con-boxed e-con e-parent\" data-id=\"123253e5\" data-element_type=\"container\" data-e-type=\"container\">\n\t\t\t\t\t<div class=\"e-con-inner\">\n\t\t\t\t<div class=\"elementor-element elementor-element-60887914 elementor-hidden-mobile elementor-widget elementor-widget-image\" data-id=\"60887914\" data-element_type=\"widget\" data-e-type=\"widget\" data-widget_type=\"image.default\">\n\t\t\t\t<div class=\"elementor-widget-container\">\n\t\t\t\t\t\t\t\t\t\t\t\t\t\t\t<img decoding=\"async\" width=\"1920\" height=\"500\" src=\"https:\/\/isabellereynier.fr\/wp-content\/uploads\/2025\/09\/anim-logo-plein.gif\" class=\"attachment-full size-full wp-image-1654\" alt=\"\" \/>\t\t\t\t\t\t\t\t\t\t\t\t\t\t\t<\/div>\n\t\t\t\t<\/div>\n\t\t\t\t<div class=\"elementor-element elementor-element-33d696f7 elementor-hidden-desktop elementor-hidden-tablet elementor-widget elementor-widget-image\" data-id=\"33d696f7\" data-element_type=\"widget\" data-e-type=\"widget\" data-widget_type=\"image.default\">\n\t\t\t\t<div class=\"elementor-widget-container\">\n\t\t\t\t\t\t\t\t\t\t\t\t\t\t\t<img loading=\"lazy\" decoding=\"async\" width=\"768\" height=\"500\" src=\"https:\/\/isabellereynier.fr\/wp-content\/uploads\/2025\/09\/anim-logo-plein768.gif\" class=\"attachment-full size-full wp-image-1655\" alt=\"\" \/>\t\t\t\t\t\t\t\t\t\t\t\t\t\t\t<\/div>\n\t\t\t\t<\/div>\n\t\t\t\t<div class=\"elementor-element elementor-element-3994d618 elementor-hidden-desktop elementor-hidden-tablet elementor-widget elementor-widget-image\" data-id=\"3994d618\" data-element_type=\"widget\" data-e-type=\"widget\" data-widget_type=\"image.default\">\n\t\t\t\t<div class=\"elementor-widget-container\">\n\t\t\t\t\t\t\t\t\t\t\t\t\t\t\t<img loading=\"lazy\" decoding=\"async\" width=\"769\" height=\"1299\" src=\"https:\/\/isabellereynier.fr\/wp-content\/uploads\/2025\/09\/dj-optima-patern768.jpg\" class=\"attachment-full size-full wp-image-1651\" alt=\"\" srcset=\"https:\/\/isabellereynier.fr\/wp-content\/uploads\/2025\/09\/dj-optima-patern768.jpg 769w, https:\/\/isabellereynier.fr\/wp-content\/uploads\/2025\/09\/dj-optima-patern768-178x300.jpg 178w, https:\/\/isabellereynier.fr\/wp-content\/uploads\/2025\/09\/dj-optima-patern768-606x1024.jpg 606w, https:\/\/isabellereynier.fr\/wp-content\/uploads\/2025\/09\/dj-optima-patern768-768x1297.jpg 768w\" sizes=\"(max-width: 769px) 100vw, 769px\" \/>\t\t\t\t\t\t\t\t\t\t\t\t\t\t\t<\/div>\n\t\t\t\t<\/div>\n\t\t\t\t<div class=\"elementor-element elementor-element-2eedcb91 elementor-hidden-mobile elementor-widget elementor-widget-image\" data-id=\"2eedcb91\" data-element_type=\"widget\" data-e-type=\"widget\" data-widget_type=\"image.default\">\n\t\t\t\t<div class=\"elementor-widget-container\">\n\t\t\t\t\t\t\t\t\t\t\t\t\t\t\t<img loading=\"lazy\" decoding=\"async\" width=\"1920\" height=\"2859\" src=\"https:\/\/isabellereynier.fr\/wp-content\/uploads\/2025\/09\/dj-optima-patern1920.jpg\" class=\"attachment-full size-full wp-image-1652\" alt=\"\" srcset=\"https:\/\/isabellereynier.fr\/wp-content\/uploads\/2025\/09\/dj-optima-patern1920.jpg 1920w, https:\/\/isabellereynier.fr\/wp-content\/uploads\/2025\/09\/dj-optima-patern1920-201x300.jpg 201w, https:\/\/isabellereynier.fr\/wp-content\/uploads\/2025\/09\/dj-optima-patern1920-688x1024.jpg 688w, https:\/\/isabellereynier.fr\/wp-content\/uploads\/2025\/09\/dj-optima-patern1920-768x1144.jpg 768w, https:\/\/isabellereynier.fr\/wp-content\/uploads\/2025\/09\/dj-optima-patern1920-1032x1536.jpg 1032w, https:\/\/isabellereynier.fr\/wp-content\/uploads\/2025\/09\/dj-optima-patern1920-1375x2048.jpg 1375w\" sizes=\"(max-width: 1920px) 100vw, 1920px\" \/>\t\t\t\t\t\t\t\t\t\t\t\t\t\t\t<\/div>\n\t\t\t\t<\/div>\n\t\t\t\t\t<\/div>\n\t\t\t\t<\/div>\n\t\t<div class=\"elementor-element elementor-element-7d7103cd e-flex e-con-boxed e-con e-parent\" data-id=\"7d7103cd\" data-element_type=\"container\" data-e-type=\"container\">\n\t\t\t\t\t<div class=\"e-con-inner\">\n\t\t\t\t<div class=\"elementor-element elementor-element-424588a4 elementor-hidden-desktop elementor-hidden-tablet elementor-widget elementor-widget-image\" data-id=\"424588a4\" data-element_type=\"widget\" data-e-type=\"widget\" data-widget_type=\"image.default\">\n\t\t\t\t<div class=\"elementor-widget-container\">\n\t\t\t\t\t\t\t\t\t\t\t\t\t\t\t<img loading=\"lazy\" decoding=\"async\" width=\"769\" height=\"1554\" src=\"https:\/\/isabellereynier.fr\/wp-content\/uploads\/2025\/09\/dj-optima-vinyl768.jpg\" class=\"attachment-full size-full wp-image-1653\" alt=\"\" srcset=\"https:\/\/isabellereynier.fr\/wp-content\/uploads\/2025\/09\/dj-optima-vinyl768.jpg 769w, https:\/\/isabellereynier.fr\/wp-content\/uploads\/2025\/09\/dj-optima-vinyl768-148x300.jpg 148w, https:\/\/isabellereynier.fr\/wp-content\/uploads\/2025\/09\/dj-optima-vinyl768-507x1024.jpg 507w, https:\/\/isabellereynier.fr\/wp-content\/uploads\/2025\/09\/dj-optima-vinyl768-768x1552.jpg 768w, https:\/\/isabellereynier.fr\/wp-content\/uploads\/2025\/09\/dj-optima-vinyl768-760x1536.jpg 760w\" sizes=\"(max-width: 769px) 100vw, 769px\" \/>\t\t\t\t\t\t\t\t\t\t\t\t\t\t\t<\/div>\n\t\t\t\t<\/div>\n\t\t\t\t\t<\/div>\n\t\t\t\t<\/div>\n\t\t<div class=\"elementor-element elementor-element-1b5723e0 e-flex e-con-boxed e-con e-parent\" data-id=\"1b5723e0\" data-element_type=\"container\" data-e-type=\"container\">\n\t\t\t\t\t<div class=\"e-con-inner\">\n\t\t\t\t<div class=\"elementor-element elementor-element-3616b5a9 elementor-hidden-mobile elementor-widget elementor-widget-image\" data-id=\"3616b5a9\" data-element_type=\"widget\" data-e-type=\"widget\" data-widget_type=\"image.default\">\n\t\t\t\t<div class=\"elementor-widget-container\">\n\t\t\t\t\t\t\t\t\t\t\t\t\t\t\t<img loading=\"lazy\" decoding=\"async\" width=\"1920\" height=\"3556\" src=\"https:\/\/isabellereynier.fr\/wp-content\/uploads\/2025\/09\/dj-optima-vinyl1920.jpg\" class=\"attachment-full size-full wp-image-1646\" alt=\"\" srcset=\"https:\/\/isabellereynier.fr\/wp-content\/uploads\/2025\/09\/dj-optima-vinyl1920.jpg 1920w, https:\/\/isabellereynier.fr\/wp-content\/uploads\/2025\/09\/dj-optima-vinyl1920-162x300.jpg 162w, https:\/\/isabellereynier.fr\/wp-content\/uploads\/2025\/09\/dj-optima-vinyl1920-553x1024.jpg 553w, https:\/\/isabellereynier.fr\/wp-content\/uploads\/2025\/09\/dj-optima-vinyl1920-768x1422.jpg 768w, https:\/\/isabellereynier.fr\/wp-content\/uploads\/2025\/09\/dj-optima-vinyl1920-829x1536.jpg 829w, https:\/\/isabellereynier.fr\/wp-content\/uploads\/2025\/09\/dj-optima-vinyl1920-1106x2048.jpg 1106w\" sizes=\"(max-width: 1920px) 100vw, 1920px\" \/>\t\t\t\t\t\t\t\t\t\t\t\t\t\t\t<\/div>\n\t\t\t\t<\/div>\n\t\t\t\t\t<\/div>\n\t\t\t\t<\/div>\n\t\t<div class=\"elementor-element elementor-element-5d40bed2 e-flex e-con-boxed e-con e-parent\" data-id=\"5d40bed2\" data-element_type=\"container\" data-e-type=\"container\">\n\t\t\t\t\t<div class=\"e-con-inner\">\n\t\t\t\t<div class=\"elementor-element elementor-element-5d811399 elementor-hidden-mobile elementor-widget elementor-widget-image\" data-id=\"5d811399\" data-element_type=\"widget\" data-e-type=\"widget\" data-widget_type=\"image.default\">\n\t\t\t\t<div class=\"elementor-widget-container\">\n\t\t\t\t\t\t\t\t\t\t\t\t\t\t\t<img loading=\"lazy\" decoding=\"async\" width=\"1920\" height=\"500\" src=\"https:\/\/isabellereynier.fr\/wp-content\/uploads\/2025\/09\/anim-logo-vide.gif\" class=\"attachment-full size-full wp-image-1647\" alt=\"\" \/>\t\t\t\t\t\t\t\t\t\t\t\t\t\t\t<\/div>\n\t\t\t\t<\/div>\n\t\t\t\t\t<\/div>\n\t\t\t\t<\/div>\n\t\t<div class=\"elementor-element elementor-element-2b6c98ba e-flex e-con-boxed e-con e-parent\" data-id=\"2b6c98ba\" data-element_type=\"container\" data-e-type=\"container\">\n\t\t\t\t\t<div class=\"e-con-inner\">\n\t\t\t\t<div class=\"elementor-element elementor-element-6d84f8d1 elementor-hidden-desktop elementor-hidden-tablet elementor-widget elementor-widget-image\" data-id=\"6d84f8d1\" data-element_type=\"widget\" data-e-type=\"widget\" data-widget_type=\"image.default\">\n\t\t\t\t<div class=\"elementor-widget-container\">\n\t\t\t\t\t\t\t\t\t\t\t\t\t\t\t<img loading=\"lazy\" decoding=\"async\" width=\"768\" height=\"500\" src=\"https:\/\/isabellereynier.fr\/wp-content\/uploads\/2025\/09\/anim-logo-vide768.gif\" class=\"attachment-full size-full wp-image-1648\" alt=\"\" \/>\t\t\t\t\t\t\t\t\t\t\t\t\t\t\t<\/div>\n\t\t\t\t<\/div>\n\t\t\t\t\t<\/div>\n\t\t\t\t<\/div>\n\t\t<div class=\"elementor-element elementor-element-66876e67 e-con-full elementor-hidden-mobile e-flex e-con e-parent\" data-id=\"66876e67\" data-element_type=\"container\" data-e-type=\"container\">\n\t\t\t\t<div class=\"elementor-element elementor-element-5d13477e elementor-widget__width-initial mon-bouton elementor-widget elementor-widget-button\" data-id=\"5d13477e\" data-element_type=\"widget\" data-e-type=\"widget\" data-widget_type=\"button.default\">\n\t\t\t\t<div class=\"elementor-widget-container\">\n\t\t\t\t\t\t\t\t\t<div class=\"elementor-button-wrapper\">\n\t\t\t\t\t<a class=\"elementor-button elementor-button-link elementor-size-sm elementor-animation-float\" href=\"http:\/\/isabellereynier.fr\/uk\/#projets\" id=\"back\">\n\t\t\t\t\t\t<span class=\"elementor-button-content-wrapper\">\n\t\t\t\t\t\t<span class=\"elementor-button-icon\">\n\t\t\t\t<svg aria-hidden=\"true\" class=\"e-font-icon-svg e-fas-long-arrow-alt-left\" viewbox=\"0 0 448 512\" xmlns=\"http:\/\/www.w3.org\/2000\/svg\"><path d=\"M134.059 296H436c6.627 0 12-5.373 12-12v-56c0-6.627-5.373-12-12-12H134.059v-46.059c0-21.382-25.851-32.09-40.971-16.971L7.029 239.029c-9.373 9.373-9.373 24.569 0 33.941l86.059 86.059c15.119 15.119 40.971 4.411 40.971-16.971V296z\"><\/path><\/svg>\t\t\t<\/span>\n\t\t\t\t\t\t\t\t\t<span class=\"elementor-button-text\">back to projects<\/span>\n\t\t\t\t\t<\/span>\n\t\t\t\t\t<\/a>\n\t\t\t\t<\/div>\n\t\t\t\t\t\t\t\t<\/div>\n\t\t\t\t<\/div>\n\t\t\t\t<\/div>\n\t\t<div class=\"elementor-element elementor-element-7ee4b83a e-con-full elementor-hidden-desktop elementor-hidden-tablet e-flex e-con e-parent\" data-id=\"7ee4b83a\" data-element_type=\"container\" data-e-type=\"container\">\n\t\t\t\t<div class=\"elementor-element elementor-element-494aec0b elementor-align-left elementor-widget__width-initial mon-bouton elementor-widget elementor-widget-button\" data-id=\"494aec0b\" data-element_type=\"widget\" data-e-type=\"widget\" data-widget_type=\"button.default\">\n\t\t\t\t<div class=\"elementor-widget-container\">\n\t\t\t\t\t\t\t\t\t<div class=\"elementor-button-wrapper\">\n\t\t\t\t\t<a class=\"elementor-button elementor-button-link elementor-size-sm\" href=\"http:\/\/isabellereynier.fr\/uk\/#projets\" id=\"back-mob\">\n\t\t\t\t\t\t<span class=\"elementor-button-content-wrapper\">\n\t\t\t\t\t\t<span class=\"elementor-button-icon\">\n\t\t\t\t<svg aria-hidden=\"true\" class=\"e-font-icon-svg e-fas-long-arrow-alt-left\" viewbox=\"0 0 448 512\" xmlns=\"http:\/\/www.w3.org\/2000\/svg\"><path d=\"M134.059 296H436c6.627 0 12-5.373 12-12v-56c0-6.627-5.373-12-12-12H134.059v-46.059c0-21.382-25.851-32.09-40.971-16.971L7.029 239.029c-9.373 9.373-9.373 24.569 0 33.941l86.059 86.059c15.119 15.119 40.971 4.411 40.971-16.971V296z\"><\/path><\/svg>\t\t\t<\/span>\n\t\t\t\t\t\t\t\t\t<span class=\"elementor-button-text\">retour<\/span>\n\t\t\t\t\t<\/span>\n\t\t\t\t\t<\/a>\n\t\t\t\t<\/div>\n\t\t\t\t\t\t\t\t<\/div>\n\t\t\t\t<\/div>\n\t\t\t\t<\/div>\n\t\t<div class=\"elementor-element elementor-element-20c824b2 e-flex e-con-boxed e-con e-parent\" data-id=\"20c824b2\" data-element_type=\"container\" data-e-type=\"container\">\n\t\t\t\t\t<div class=\"e-con-inner\">\n\t\t\t\t\t<\/div>\n\t\t\t\t<\/div>\n\t\t\t\t<\/div>","protected":false},"excerpt":{"rendered":"<p>cr\u00e9ation d&rsquo;une identit\u00e9 de marque &#8211; 2025 Dj Optima est un cr\u00e9ateur de musiques \u00e9lectroniques et animateur de soir\u00e9es. \ud83d\ude0e&hellip;<\/p>","protected":false},"author":2,"featured_media":0,"parent":0,"menu_order":0,"comment_status":"closed","ping_status":"closed","template":"elementor_theme","meta":{"_monsterinsights_skip_tracking":false,"_monsterinsights_sitenote_active":false,"_monsterinsights_sitenote_note":"","_monsterinsights_sitenote_category":0,"footnotes":""},"class_list":["post-1644","page","type-page","status-publish","hentry"],"aioseo_notices":[],"_links":{"self":[{"href":"https:\/\/isabellereynier.fr\/uk\/wp-json\/wp\/v2\/pages\/1644","targetHints":{"allow":["GET"]}}],"collection":[{"href":"https:\/\/isabellereynier.fr\/uk\/wp-json\/wp\/v2\/pages"}],"about":[{"href":"https:\/\/isabellereynier.fr\/uk\/wp-json\/wp\/v2\/types\/page"}],"author":[{"embeddable":true,"href":"https:\/\/isabellereynier.fr\/uk\/wp-json\/wp\/v2\/users\/2"}],"replies":[{"embeddable":true,"href":"https:\/\/isabellereynier.fr\/uk\/wp-json\/wp\/v2\/comments?post=1644"}],"version-history":[{"count":16,"href":"https:\/\/isabellereynier.fr\/uk\/wp-json\/wp\/v2\/pages\/1644\/revisions"}],"predecessor-version":[{"id":1695,"href":"https:\/\/isabellereynier.fr\/uk\/wp-json\/wp\/v2\/pages\/1644\/revisions\/1695"}],"wp:attachment":[{"href":"https:\/\/isabellereynier.fr\/uk\/wp-json\/wp\/v2\/media?parent=1644"}],"curies":[{"name":"wp","href":"https:\/\/api.w.org\/{rel}","templated":true}]}}