{"id":1239,"date":"2025-09-12T11:26:28","date_gmt":"2025-09-12T09:26:28","guid":{"rendered":"https:\/\/dev.isabellereynier.fr\/?page_id=1239"},"modified":"2025-10-06T15:18:07","modified_gmt":"2025-10-06T13:18:07","slug":"zoomalia-refuges","status":"publish","type":"page","link":"https:\/\/isabellereynier.fr\/uk\/zoomalia-refuges\/","title":{"rendered":"Projet Zoomalia &#8211; 1 commande = 1 repas"},"content":{"rendered":"<div data-elementor-type=\"wp-page\" data-elementor-id=\"1239\" class=\"elementor elementor-1239\">\n\t\t\t\t<div class=\"elementor-element elementor-element-54b6742e e-flex e-con-boxed e-con e-parent\" data-id=\"54b6742e\" data-element_type=\"container\" data-e-type=\"container\">\n\t\t\t\t\t<div class=\"e-con-inner\">\n\t\t\t\t<div class=\"elementor-element elementor-element-60db82c5 elementor-widget elementor-widget-heading\" data-id=\"60db82c5\" data-element_type=\"widget\" data-e-type=\"widget\" data-widget_type=\"heading.default\">\n\t\t\t\t<div class=\"elementor-widget-container\">\n\t\t\t\t\t<h5 class=\"elementor-heading-title elementor-size-default\">Visual Identity design \u2013 2021<\/h5>\t\t\t\t<\/div>\n\t\t\t\t<\/div>\n\t\t\t\t\t<\/div>\n\t\t\t\t<\/div>\n\t\t<div class=\"elementor-element elementor-element-69b01c5f e-flex e-con-boxed e-con e-parent\" data-id=\"69b01c5f\" data-element_type=\"container\" data-e-type=\"container\">\n\t\t\t\t\t<div class=\"e-con-inner\">\n\t\t\t\t<div class=\"elementor-element elementor-element-7482324b elementor-widget elementor-widget-text-editor\" data-id=\"7482324b\" data-element_type=\"widget\" data-e-type=\"widget\" data-widget_type=\"text-editor.default\">\n\t\t\t\t<div class=\"elementor-widget-container\">\n\t\t\t\t\t\t\t\t\tZoomalia is a pet store. For every order placed on zoomalia.com, 1\u20ac is donated to a shelter or an association supporting animal protection. To support new pet adopters, Zoomalia offers \u2018discovery boxes\u2019 filled with goodies, accessories, and food.\n<br\/>\n<br\/>\n<strong><span style=\"color: #ea6b87; font-family: 'Red Hat Display';\">\ud83d\ude80 The fun stuff I designed<\/span><\/strong>\n<br\/>\n<span style=\"color: #ea6b87;\">\u279b<\/span> Designed the packaging for the discovery boxes and the accompanying leaflets\n<br\/>\n<span style=\"color: #ea6b87;\">\u279b<\/span> Created the magnetic giveaway included in the boxes and the pet food packaging donated to shelters and associations\n<br\/>\n<span style=\"color: #ea6b87;\">\u279b<\/span> Adapted the campaign for the web with a dedicated landing page\t\t\t\t\t\t\t\t<\/div>\n\t\t\t\t<\/div>\n\t\t\t\t\t<\/div>\n\t\t\t\t<\/div>\n\t\t<div class=\"elementor-element elementor-element-49bb34f6 e-flex e-con-boxed e-con e-parent\" data-id=\"49bb34f6\" data-element_type=\"container\" data-e-type=\"container\">\n\t\t\t\t\t<div class=\"e-con-inner\">\n\t\t\t\t<div class=\"elementor-element elementor-element-5c80f255 elementor-hidden-mobile elementor-widget elementor-widget-image\" data-id=\"5c80f255\" data-element_type=\"widget\" data-e-type=\"widget\" data-widget_type=\"image.default\">\n\t\t\t\t<div class=\"elementor-widget-container\">\n\t\t\t\t\t\t\t\t\t\t\t\t\t\t\t<img fetchpriority=\"high\" decoding=\"async\" width=\"1920\" height=\"2001\" src=\"https:\/\/isabellereynier.fr\/wp-content\/uploads\/2025\/09\/packaging-refuge-zoomalia-studio-abelia.png\" class=\"attachment-full size-full wp-image-1243\" alt=\"\" srcset=\"https:\/\/isabellereynier.fr\/wp-content\/uploads\/2025\/09\/packaging-refuge-zoomalia-studio-abelia.png 1920w, https:\/\/isabellereynier.fr\/wp-content\/uploads\/2025\/09\/packaging-refuge-zoomalia-studio-abelia-288x300.png 288w, https:\/\/isabellereynier.fr\/wp-content\/uploads\/2025\/09\/packaging-refuge-zoomalia-studio-abelia-983x1024.png 983w, https:\/\/isabellereynier.fr\/wp-content\/uploads\/2025\/09\/packaging-refuge-zoomalia-studio-abelia-768x800.png 768w, https:\/\/isabellereynier.fr\/wp-content\/uploads\/2025\/09\/packaging-refuge-zoomalia-studio-abelia-1474x1536.png 1474w\" sizes=\"(max-width: 1920px) 100vw, 1920px\" \/>\t\t\t\t\t\t\t\t\t\t\t\t\t\t\t<\/div>\n\t\t\t\t<\/div>\n\t\t\t\t\t<\/div>\n\t\t\t\t<\/div>\n\t\t<div class=\"elementor-element elementor-element-5e3644e4 e-flex e-con-boxed e-con e-parent\" data-id=\"5e3644e4\" data-element_type=\"container\" data-e-type=\"container\">\n\t\t\t\t\t<div class=\"e-con-inner\">\n\t\t\t\t<div class=\"elementor-element elementor-element-5cb366c1 elementor-hidden-desktop elementor-hidden-tablet elementor-widget elementor-widget-image\" data-id=\"5cb366c1\" data-element_type=\"widget\" data-e-type=\"widget\" data-widget_type=\"image.default\">\n\t\t\t\t<div class=\"elementor-widget-container\">\n\t\t\t\t\t\t\t\t\t\t\t\t\t\t\t<img decoding=\"async\" width=\"768\" height=\"1191\" src=\"https:\/\/isabellereynier.fr\/wp-content\/uploads\/2025\/09\/packaging-refuge-zoomalia-studio-abelia768.png\" class=\"attachment-full size-full wp-image-1244\" alt=\"\" srcset=\"https:\/\/isabellereynier.fr\/wp-content\/uploads\/2025\/09\/packaging-refuge-zoomalia-studio-abelia768.png 768w, https:\/\/isabellereynier.fr\/wp-content\/uploads\/2025\/09\/packaging-refuge-zoomalia-studio-abelia768-193x300.png 193w, https:\/\/isabellereynier.fr\/wp-content\/uploads\/2025\/09\/packaging-refuge-zoomalia-studio-abelia768-660x1024.png 660w\" sizes=\"(max-width: 768px) 100vw, 768px\" \/>\t\t\t\t\t\t\t\t\t\t\t\t\t\t\t<\/div>\n\t\t\t\t<\/div>\n\t\t\t\t\t<\/div>\n\t\t\t\t<\/div>\n\t\t<div class=\"elementor-element elementor-element-227dd6db e-flex e-con-boxed e-con e-parent\" data-id=\"227dd6db\" data-element_type=\"container\" data-e-type=\"container\">\n\t\t\t\t\t<div class=\"e-con-inner\">\n\t\t\t\t<div class=\"elementor-element elementor-element-6bec8e15 elementor-hidden-mobile elementor-widget elementor-widget-image\" data-id=\"6bec8e15\" data-element_type=\"widget\" data-e-type=\"widget\" data-widget_type=\"image.default\">\n\t\t\t\t<div class=\"elementor-widget-container\">\n\t\t\t\t\t\t\t\t\t\t\t\t\t\t\t<img decoding=\"async\" src=\"https:\/\/isabellereynier.fr\/wp-content\/uploads\/2025\/09\/goodies-refuge-zoomalia-studio-abelia-scaled.png\" title=\"\" alt=\"\" loading=\"lazy\" \/>\t\t\t\t\t\t\t\t\t\t\t\t\t\t\t<\/div>\n\t\t\t\t<\/div>\n\t\t\t\t<div class=\"elementor-element elementor-element-37066ee4 elementor-hidden-desktop elementor-hidden-tablet elementor-widget elementor-widget-image\" data-id=\"37066ee4\" data-element_type=\"widget\" data-e-type=\"widget\" data-widget_type=\"image.default\">\n\t\t\t\t<div class=\"elementor-widget-container\">\n\t\t\t\t\t\t\t\t\t\t\t\t\t\t\t<img decoding=\"async\" width=\"768\" height=\"1984\" src=\"https:\/\/isabellereynier.fr\/wp-content\/uploads\/2025\/09\/goodies-refuge-zoomalia-studio-abelia768.png\" class=\"attachment-full size-full wp-image-1242\" alt=\"\" srcset=\"https:\/\/isabellereynier.fr\/wp-content\/uploads\/2025\/09\/goodies-refuge-zoomalia-studio-abelia768.png 768w, https:\/\/isabellereynier.fr\/wp-content\/uploads\/2025\/09\/goodies-refuge-zoomalia-studio-abelia768-116x300.png 116w, https:\/\/isabellereynier.fr\/wp-content\/uploads\/2025\/09\/goodies-refuge-zoomalia-studio-abelia768-396x1024.png 396w, https:\/\/isabellereynier.fr\/wp-content\/uploads\/2025\/09\/goodies-refuge-zoomalia-studio-abelia768-595x1536.png 595w\" sizes=\"(max-width: 768px) 100vw, 768px\" \/>\t\t\t\t\t\t\t\t\t\t\t\t\t\t\t<\/div>\n\t\t\t\t<\/div>\n\t\t\t\t<div class=\"elementor-element elementor-element-023583d elementor-hidden-mobile elementor-widget elementor-widget-image\" data-id=\"023583d\" data-element_type=\"widget\" data-e-type=\"widget\" data-widget_type=\"image.default\">\n\t\t\t\t<div class=\"elementor-widget-container\">\n\t\t\t\t\t\t\t\t\t\t\t\t\t\t\t<img loading=\"lazy\" decoding=\"async\" width=\"1920\" height=\"2852\" src=\"https:\/\/isabellereynier.fr\/wp-content\/uploads\/2025\/09\/goodies-refuge-zoomalia-studio-abelia.png\" class=\"attachment-full size-full wp-image-1253\" alt=\"\" srcset=\"https:\/\/isabellereynier.fr\/wp-content\/uploads\/2025\/09\/goodies-refuge-zoomalia-studio-abelia.png 1920w, https:\/\/isabellereynier.fr\/wp-content\/uploads\/2025\/09\/goodies-refuge-zoomalia-studio-abelia-202x300.png 202w, https:\/\/isabellereynier.fr\/wp-content\/uploads\/2025\/09\/goodies-refuge-zoomalia-studio-abelia-689x1024.png 689w, https:\/\/isabellereynier.fr\/wp-content\/uploads\/2025\/09\/goodies-refuge-zoomalia-studio-abelia-768x1141.png 768w, https:\/\/isabellereynier.fr\/wp-content\/uploads\/2025\/09\/goodies-refuge-zoomalia-studio-abelia-1034x1536.png 1034w, https:\/\/isabellereynier.fr\/wp-content\/uploads\/2025\/09\/goodies-refuge-zoomalia-studio-abelia-1379x2048.png 1379w\" sizes=\"(max-width: 1920px) 100vw, 1920px\" \/>\t\t\t\t\t\t\t\t\t\t\t\t\t\t\t<\/div>\n\t\t\t\t<\/div>\n\t\t\t\t<div class=\"elementor-element elementor-element-221e135a elementor-hidden-desktop elementor-hidden-tablet elementor-widget elementor-widget-image\" data-id=\"221e135a\" data-element_type=\"widget\" data-e-type=\"widget\" data-widget_type=\"image.default\">\n\t\t\t\t<div class=\"elementor-widget-container\">\n\t\t\t\t\t\t\t\t\t\t\t\t\t\t\t<img loading=\"lazy\" decoding=\"async\" width=\"768\" height=\"381\" src=\"https:\/\/isabellereynier.fr\/wp-content\/uploads\/2025\/09\/webdesign-refuge-zoomalia-studio-abelia768.gif\" class=\"attachment-full size-full wp-image-1246\" alt=\"\" \/>\t\t\t\t\t\t\t\t\t\t\t\t\t\t\t<\/div>\n\t\t\t\t<\/div>\n\t\t\t\t<div class=\"elementor-element elementor-element-31ece351 elementor-hidden-mobile elementor-widget elementor-widget-image\" data-id=\"31ece351\" data-element_type=\"widget\" data-e-type=\"widget\" data-widget_type=\"image.default\">\n\t\t\t\t<div class=\"elementor-widget-container\">\n\t\t\t\t\t\t\t\t\t\t\t\t\t\t\t<img loading=\"lazy\" decoding=\"async\" width=\"1920\" height=\"661\" src=\"https:\/\/isabellereynier.fr\/wp-content\/uploads\/2025\/09\/webdesign-refuge-zoomalia-studio-abelia.gif\" class=\"attachment-full size-full wp-image-1245\" alt=\"\" \/>\t\t\t\t\t\t\t\t\t\t\t\t\t\t\t<\/div>\n\t\t\t\t<\/div>\n\t\t\t\t\t<\/div>\n\t\t\t\t<\/div>\n\t\t<div class=\"elementor-element elementor-element-8eda878 e-flex e-con-boxed e-con e-parent\" data-id=\"8eda878\" data-element_type=\"container\" data-e-type=\"container\">\n\t\t\t\t\t<div class=\"e-con-inner\">\n\t\t\t\t\t<\/div>\n\t\t\t\t<\/div>\n\t\t<div class=\"elementor-element elementor-element-1cbda85f e-con-full elementor-hidden-mobile e-flex e-con e-parent\" data-id=\"1cbda85f\" data-element_type=\"container\" data-e-type=\"container\">\n\t\t\t\t<div class=\"elementor-element elementor-element-5c0fcd49 elementor-widget__width-initial mon-bouton elementor-widget elementor-widget-button\" data-id=\"5c0fcd49\" data-element_type=\"widget\" data-e-type=\"widget\" data-widget_type=\"button.default\">\n\t\t\t\t<div class=\"elementor-widget-container\">\n\t\t\t\t\t\t\t\t\t<div class=\"elementor-button-wrapper\">\n\t\t\t\t\t<a class=\"elementor-button elementor-button-link elementor-size-sm elementor-animation-float\" href=\"http:\/\/isabellereynier.fr\/uk\/#projets\" id=\"back\">\n\t\t\t\t\t\t<span class=\"elementor-button-content-wrapper\">\n\t\t\t\t\t\t<span class=\"elementor-button-icon\">\n\t\t\t\t<svg aria-hidden=\"true\" class=\"e-font-icon-svg e-fas-long-arrow-alt-left\" viewbox=\"0 0 448 512\" xmlns=\"http:\/\/www.w3.org\/2000\/svg\"><path d=\"M134.059 296H436c6.627 0 12-5.373 12-12v-56c0-6.627-5.373-12-12-12H134.059v-46.059c0-21.382-25.851-32.09-40.971-16.971L7.029 239.029c-9.373 9.373-9.373 24.569 0 33.941l86.059 86.059c15.119 15.119 40.971 4.411 40.971-16.971V296z\"><\/path><\/svg>\t\t\t<\/span>\n\t\t\t\t\t\t\t\t\t<span class=\"elementor-button-text\">back to projects<\/span>\n\t\t\t\t\t<\/span>\n\t\t\t\t\t<\/a>\n\t\t\t\t<\/div>\n\t\t\t\t\t\t\t\t<\/div>\n\t\t\t\t<\/div>\n\t\t\t\t<\/div>\n\t\t<div class=\"elementor-element elementor-element-591f09d1 e-con-full elementor-hidden-desktop elementor-hidden-tablet e-flex e-con e-parent\" data-id=\"591f09d1\" data-element_type=\"container\" data-e-type=\"container\">\n\t\t\t\t<div class=\"elementor-element elementor-element-573e3a46 elementor-align-left elementor-widget__width-initial mon-bouton elementor-widget elementor-widget-button\" data-id=\"573e3a46\" data-element_type=\"widget\" data-e-type=\"widget\" data-widget_type=\"button.default\">\n\t\t\t\t<div class=\"elementor-widget-container\">\n\t\t\t\t\t\t\t\t\t<div class=\"elementor-button-wrapper\">\n\t\t\t\t\t<a class=\"elementor-button elementor-button-link elementor-size-sm\" href=\"http:\/\/isabellereynier.fr\/uk\/#projets\" id=\"back-mob\">\n\t\t\t\t\t\t<span class=\"elementor-button-content-wrapper\">\n\t\t\t\t\t\t<span class=\"elementor-button-icon\">\n\t\t\t\t<svg aria-hidden=\"true\" class=\"e-font-icon-svg e-fas-long-arrow-alt-left\" viewbox=\"0 0 448 512\" xmlns=\"http:\/\/www.w3.org\/2000\/svg\"><path d=\"M134.059 296H436c6.627 0 12-5.373 12-12v-56c0-6.627-5.373-12-12-12H134.059v-46.059c0-21.382-25.851-32.09-40.971-16.971L7.029 239.029c-9.373 9.373-9.373 24.569 0 33.941l86.059 86.059c15.119 15.119 40.971 4.411 40.971-16.971V296z\"><\/path><\/svg>\t\t\t<\/span>\n\t\t\t\t\t\t\t\t\t<span class=\"elementor-button-text\">retour<\/span>\n\t\t\t\t\t<\/span>\n\t\t\t\t\t<\/a>\n\t\t\t\t<\/div>\n\t\t\t\t\t\t\t\t<\/div>\n\t\t\t\t<\/div>\n\t\t\t\t<\/div>\n\t\t<div class=\"elementor-element elementor-element-400b4bf7 e-flex e-con-boxed e-con e-parent\" data-id=\"400b4bf7\" data-element_type=\"container\" data-e-type=\"container\">\n\t\t\t\t\t<div class=\"e-con-inner\">\n\t\t\t\t\t<\/div>\n\t\t\t\t<\/div>\n\t\t\t\t<\/div>","protected":false},"excerpt":{"rendered":"<p>cr\u00e9ation d&rsquo;une identit\u00e9 visuelle &#8211; 2021 Zoomalia est une animalerie. Pour chaque commande pass\u00e9e sur zoomalia.com, 1\u20ac est revers\u00e9 \u00e0&hellip;<\/p>","protected":false},"author":2,"featured_media":0,"parent":0,"menu_order":0,"comment_status":"closed","ping_status":"closed","template":"elementor_theme","meta":{"_monsterinsights_skip_tracking":false,"_monsterinsights_sitenote_active":false,"_monsterinsights_sitenote_note":"","_monsterinsights_sitenote_category":0,"footnotes":""},"class_list":["post-1239","page","type-page","status-publish","hentry"],"aioseo_notices":[],"_links":{"self":[{"href":"https:\/\/isabellereynier.fr\/uk\/wp-json\/wp\/v2\/pages\/1239","targetHints":{"allow":["GET"]}}],"collection":[{"href":"https:\/\/isabellereynier.fr\/uk\/wp-json\/wp\/v2\/pages"}],"about":[{"href":"https:\/\/isabellereynier.fr\/uk\/wp-json\/wp\/v2\/types\/page"}],"author":[{"embeddable":true,"href":"https:\/\/isabellereynier.fr\/uk\/wp-json\/wp\/v2\/users\/2"}],"replies":[{"embeddable":true,"href":"https:\/\/isabellereynier.fr\/uk\/wp-json\/wp\/v2\/comments?post=1239"}],"version-history":[{"count":50,"href":"https:\/\/isabellereynier.fr\/uk\/wp-json\/wp\/v2\/pages\/1239\/revisions"}],"predecessor-version":[{"id":1847,"href":"https:\/\/isabellereynier.fr\/uk\/wp-json\/wp\/v2\/pages\/1239\/revisions\/1847"}],"wp:attachment":[{"href":"https:\/\/isabellereynier.fr\/uk\/wp-json\/wp\/v2\/media?parent=1239"}],"curies":[{"name":"wp","href":"https:\/\/api.w.org\/{rel}","templated":true}]}}