{"id":1208,"date":"2025-09-12T11:02:21","date_gmt":"2025-09-12T09:02:21","guid":{"rendered":"https:\/\/dev.isabellereynier.fr\/?page_id=1208"},"modified":"2025-09-25T15:36:12","modified_gmt":"2025-09-25T13:36:12","slug":"zoomalia-magazines","status":"publish","type":"page","link":"https:\/\/isabellereynier.fr\/uk\/zoomalia-magazines\/","title":{"rendered":"Zoomalia Project \u2013 Magazines"},"content":{"rendered":"<div data-elementor-type=\"wp-page\" data-elementor-id=\"1208\" class=\"elementor elementor-1208\">\n\t\t\t\t<div class=\"elementor-element elementor-element-383fd3af e-flex e-con-boxed e-con e-parent\" data-id=\"383fd3af\" data-element_type=\"container\" data-e-type=\"container\">\n\t\t\t\t\t<div class=\"e-con-inner\">\n\t\t\t\t<div class=\"elementor-element elementor-element-123ebbf1 elementor-widget elementor-widget-heading\" data-id=\"123ebbf1\" data-element_type=\"widget\" data-e-type=\"widget\" data-widget_type=\"heading.default\">\n\t\t\t\t<div class=\"elementor-widget-container\">\n\t\t\t\t\t<h5 class=\"elementor-heading-title elementor-size-default\">Print design \u2013 2021 to 2023<\/h5>\t\t\t\t<\/div>\n\t\t\t\t<\/div>\n\t\t\t\t\t<\/div>\n\t\t\t\t<\/div>\n\t\t<div class=\"elementor-element elementor-element-22a295a5 e-flex e-con-boxed e-con e-parent\" data-id=\"22a295a5\" data-element_type=\"container\" data-e-type=\"container\">\n\t\t\t\t\t<div class=\"e-con-inner\">\n\t\t\t\t<div class=\"elementor-element elementor-element-5fa73767 elementor-widget elementor-widget-text-editor\" data-id=\"5fa73767\" data-element_type=\"widget\" data-e-type=\"widget\" data-widget_type=\"text-editor.default\">\n\t\t\t\t<div class=\"elementor-widget-container\">\n\t\t\t\t\t\t\t\t\tZoomalia is a pet store.\n<br\/><br\/>\n\n<strong><span style=\"color: #ea6b87; font-family: 'Red Hat Display';\">\u2728 What I designed with love (and lots of coffee)<\/span><\/strong>\n<br\/>\n<span style=\"color: #ea6b87;\">\u279b<\/span> Designed and produced the customer magazine (100,000 copies) and the internal magazine\n<br\/>\n<span style=\"color: #ea6b87;\">\u279b<\/span> Created advertising flyers delivered to mailboxes\n<br\/>\n<span style=\"color: #ea6b87;\">\u279b<\/span> Designed a range of printed materials: posters, flyers, booklets\u2026\n<br\/>\n<span style=\"color: #ea6b87;\">\u279b<\/span> Photography work included\t\t\t\t\t\t\t\t<\/div>\n\t\t\t\t<\/div>\n\t\t\t\t\t<\/div>\n\t\t\t\t<\/div>\n\t\t<div class=\"elementor-element elementor-element-a20bbcc e-flex e-con-boxed e-con e-parent\" data-id=\"a20bbcc\" data-element_type=\"container\" data-e-type=\"container\">\n\t\t\t\t\t<div class=\"e-con-inner\">\n\t\t\t\t<div class=\"elementor-element elementor-element-3ec61627 elementor-hidden-mobile elementor-widget elementor-widget-image\" data-id=\"3ec61627\" data-element_type=\"widget\" data-e-type=\"widget\" data-widget_type=\"image.default\">\n\t\t\t\t<div class=\"elementor-widget-container\">\n\t\t\t\t\t\t\t\t\t\t\t\t\t\t\t<img fetchpriority=\"high\" decoding=\"async\" width=\"1920\" height=\"992\" src=\"https:\/\/isabellereynier.fr\/wp-content\/uploads\/2025\/09\/prospectif-zoomalia-studio-abelia-graphiste.png\" class=\"attachment-full size-full wp-image-1217\" alt=\"\" srcset=\"https:\/\/isabellereynier.fr\/wp-content\/uploads\/2025\/09\/prospectif-zoomalia-studio-abelia-graphiste.png 1920w, https:\/\/isabellereynier.fr\/wp-content\/uploads\/2025\/09\/prospectif-zoomalia-studio-abelia-graphiste-300x155.png 300w, https:\/\/isabellereynier.fr\/wp-content\/uploads\/2025\/09\/prospectif-zoomalia-studio-abelia-graphiste-1024x529.png 1024w, https:\/\/isabellereynier.fr\/wp-content\/uploads\/2025\/09\/prospectif-zoomalia-studio-abelia-graphiste-768x397.png 768w, https:\/\/isabellereynier.fr\/wp-content\/uploads\/2025\/09\/prospectif-zoomalia-studio-abelia-graphiste-1536x794.png 1536w\" sizes=\"(max-width: 1920px) 100vw, 1920px\" \/>\t\t\t\t\t\t\t\t\t\t\t\t\t\t\t<\/div>\n\t\t\t\t<\/div>\n\t\t\t\t\t<\/div>\n\t\t\t\t<\/div>\n\t\t<div class=\"elementor-element elementor-element-28a8b4f4 e-flex e-con-boxed e-con e-parent\" data-id=\"28a8b4f4\" data-element_type=\"container\" data-e-type=\"container\">\n\t\t\t\t\t<div class=\"e-con-inner\">\n\t\t\t\t<div class=\"elementor-element elementor-element-5d988033 elementor-hidden-desktop elementor-hidden-tablet elementor-widget elementor-widget-image\" data-id=\"5d988033\" data-element_type=\"widget\" data-e-type=\"widget\" data-widget_type=\"image.default\">\n\t\t\t\t<div class=\"elementor-widget-container\">\n\t\t\t\t\t\t\t\t\t\t\t\t\t\t\t<img decoding=\"async\" width=\"768\" height=\"1261\" src=\"https:\/\/isabellereynier.fr\/wp-content\/uploads\/2025\/09\/prospectif-zoomalia-studio-abelia-graphiste768.png\" class=\"attachment-full size-full wp-image-1218\" alt=\"\" srcset=\"https:\/\/isabellereynier.fr\/wp-content\/uploads\/2025\/09\/prospectif-zoomalia-studio-abelia-graphiste768.png 768w, https:\/\/isabellereynier.fr\/wp-content\/uploads\/2025\/09\/prospectif-zoomalia-studio-abelia-graphiste768-183x300.png 183w, https:\/\/isabellereynier.fr\/wp-content\/uploads\/2025\/09\/prospectif-zoomalia-studio-abelia-graphiste768-624x1024.png 624w\" sizes=\"(max-width: 768px) 100vw, 768px\" \/>\t\t\t\t\t\t\t\t\t\t\t\t\t\t\t<\/div>\n\t\t\t\t<\/div>\n\t\t\t\t\t<\/div>\n\t\t\t\t<\/div>\n\t\t<div class=\"elementor-element elementor-element-59d1cd1a e-flex e-con-boxed e-con e-parent\" data-id=\"59d1cd1a\" data-element_type=\"container\" data-e-type=\"container\">\n\t\t\t\t\t<div class=\"e-con-inner\">\n\t\t\t\t<div class=\"elementor-element elementor-element-5b1f8416 elementor-hidden-mobile elementor-widget elementor-widget-image\" data-id=\"5b1f8416\" data-element_type=\"widget\" data-e-type=\"widget\" data-widget_type=\"image.default\">\n\t\t\t\t<div class=\"elementor-widget-container\">\n\t\t\t\t\t\t\t\t\t\t\t\t\t\t\t<img decoding=\"async\" width=\"1920\" height=\"1247\" src=\"https:\/\/isabellereynier.fr\/wp-content\/uploads\/2025\/09\/publicite-zoomalia-studio-abelia-graphiste.png\" class=\"attachment-full size-full wp-image-1219\" alt=\"\" srcset=\"https:\/\/isabellereynier.fr\/wp-content\/uploads\/2025\/09\/publicite-zoomalia-studio-abelia-graphiste.png 1920w, https:\/\/isabellereynier.fr\/wp-content\/uploads\/2025\/09\/publicite-zoomalia-studio-abelia-graphiste-300x195.png 300w, https:\/\/isabellereynier.fr\/wp-content\/uploads\/2025\/09\/publicite-zoomalia-studio-abelia-graphiste-1024x665.png 1024w, https:\/\/isabellereynier.fr\/wp-content\/uploads\/2025\/09\/publicite-zoomalia-studio-abelia-graphiste-768x499.png 768w, https:\/\/isabellereynier.fr\/wp-content\/uploads\/2025\/09\/publicite-zoomalia-studio-abelia-graphiste-1536x998.png 1536w\" sizes=\"(max-width: 1920px) 100vw, 1920px\" \/>\t\t\t\t\t\t\t\t\t\t\t\t\t\t\t<\/div>\n\t\t\t\t<\/div>\n\t\t\t\t<div class=\"elementor-element elementor-element-175f9dc3 elementor-hidden-desktop elementor-hidden-tablet elementor-widget elementor-widget-image\" data-id=\"175f9dc3\" data-element_type=\"widget\" data-e-type=\"widget\" data-widget_type=\"image.default\">\n\t\t\t\t<div class=\"elementor-widget-container\">\n\t\t\t\t\t\t\t\t\t\t\t\t\t\t\t<img loading=\"lazy\" decoding=\"async\" width=\"768\" height=\"808\" src=\"https:\/\/isabellereynier.fr\/wp-content\/uploads\/2025\/09\/publicite-zoomalia-studio-abelia-graphiste768.png\" class=\"attachment-full size-full wp-image-1210\" alt=\"\" srcset=\"https:\/\/isabellereynier.fr\/wp-content\/uploads\/2025\/09\/publicite-zoomalia-studio-abelia-graphiste768.png 768w, https:\/\/isabellereynier.fr\/wp-content\/uploads\/2025\/09\/publicite-zoomalia-studio-abelia-graphiste768-285x300.png 285w\" sizes=\"(max-width: 768px) 100vw, 768px\" \/>\t\t\t\t\t\t\t\t\t\t\t\t\t\t\t<\/div>\n\t\t\t\t<\/div>\n\t\t\t\t<div class=\"elementor-element elementor-element-6e08fc97 elementor-hidden-desktop elementor-hidden-tablet elementor-widget elementor-widget-image\" data-id=\"6e08fc97\" data-element_type=\"widget\" data-e-type=\"widget\" data-widget_type=\"image.default\">\n\t\t\t\t<div class=\"elementor-widget-container\">\n\t\t\t\t\t\t\t\t\t\t\t\t\t\t\t<img loading=\"lazy\" decoding=\"async\" width=\"768\" height=\"1355\" src=\"https:\/\/isabellereynier.fr\/wp-content\/uploads\/2025\/09\/magazine-client-zoomalia-studio-abelia768.png\" class=\"attachment-full size-full wp-image-1214\" alt=\"\" srcset=\"https:\/\/isabellereynier.fr\/wp-content\/uploads\/2025\/09\/magazine-client-zoomalia-studio-abelia768.png 768w, https:\/\/isabellereynier.fr\/wp-content\/uploads\/2025\/09\/magazine-client-zoomalia-studio-abelia768-170x300.png 170w, https:\/\/isabellereynier.fr\/wp-content\/uploads\/2025\/09\/magazine-client-zoomalia-studio-abelia768-580x1024.png 580w\" sizes=\"(max-width: 768px) 100vw, 768px\" \/>\t\t\t\t\t\t\t\t\t\t\t\t\t\t\t<\/div>\n\t\t\t\t<\/div>\n\t\t\t\t<div class=\"elementor-element elementor-element-21169abb elementor-hidden-mobile elementor-widget elementor-widget-image\" data-id=\"21169abb\" data-element_type=\"widget\" data-e-type=\"widget\" data-widget_type=\"image.default\">\n\t\t\t\t<div class=\"elementor-widget-container\">\n\t\t\t\t\t\t\t\t\t\t\t\t\t\t\t<img loading=\"lazy\" decoding=\"async\" width=\"1920\" height=\"1857\" src=\"https:\/\/isabellereynier.fr\/wp-content\/uploads\/2025\/09\/magazine-client-zoomalia-studio-abelia.png\" class=\"attachment-full size-full wp-image-1213\" alt=\"\" srcset=\"https:\/\/isabellereynier.fr\/wp-content\/uploads\/2025\/09\/magazine-client-zoomalia-studio-abelia.png 1920w, https:\/\/isabellereynier.fr\/wp-content\/uploads\/2025\/09\/magazine-client-zoomalia-studio-abelia-300x290.png 300w, https:\/\/isabellereynier.fr\/wp-content\/uploads\/2025\/09\/magazine-client-zoomalia-studio-abelia-1024x990.png 1024w, https:\/\/isabellereynier.fr\/wp-content\/uploads\/2025\/09\/magazine-client-zoomalia-studio-abelia-768x743.png 768w, https:\/\/isabellereynier.fr\/wp-content\/uploads\/2025\/09\/magazine-client-zoomalia-studio-abelia-1536x1486.png 1536w\" sizes=\"(max-width: 1920px) 100vw, 1920px\" \/>\t\t\t\t\t\t\t\t\t\t\t\t\t\t\t<\/div>\n\t\t\t\t<\/div>\n\t\t\t\t\t<\/div>\n\t\t\t\t<\/div>\n\t\t<div class=\"elementor-element elementor-element-16673877 e-flex e-con-boxed e-con e-parent\" data-id=\"16673877\" data-element_type=\"container\" data-e-type=\"container\">\n\t\t\t\t\t<div class=\"e-con-inner\">\n\t\t\t\t<div class=\"elementor-element elementor-element-2f291671 elementor-hidden-desktop elementor-hidden-tablet elementor-widget elementor-widget-image\" data-id=\"2f291671\" data-element_type=\"widget\" data-e-type=\"widget\" data-widget_type=\"image.default\">\n\t\t\t\t<div class=\"elementor-widget-container\">\n\t\t\t\t\t\t\t\t\t\t\t\t\t\t\t<img loading=\"lazy\" decoding=\"async\" width=\"768\" height=\"935\" src=\"https:\/\/isabellereynier.fr\/wp-content\/uploads\/2025\/09\/magazine-interne-zoomalia-studio-abelia768.png\" class=\"attachment-full size-full wp-image-1216\" alt=\"\" srcset=\"https:\/\/isabellereynier.fr\/wp-content\/uploads\/2025\/09\/magazine-interne-zoomalia-studio-abelia768.png 768w, https:\/\/isabellereynier.fr\/wp-content\/uploads\/2025\/09\/magazine-interne-zoomalia-studio-abelia768-246x300.png 246w\" sizes=\"(max-width: 768px) 100vw, 768px\" \/>\t\t\t\t\t\t\t\t\t\t\t\t\t\t\t<\/div>\n\t\t\t\t<\/div>\n\t\t\t\t\t<\/div>\n\t\t\t\t<\/div>\n\t\t<div class=\"elementor-element elementor-element-7cc24951 e-flex e-con-boxed e-con e-parent\" data-id=\"7cc24951\" data-element_type=\"container\" data-e-type=\"container\">\n\t\t\t\t\t<div class=\"e-con-inner\">\n\t\t\t\t<div class=\"elementor-element elementor-element-4825116e elementor-hidden-mobile elementor-widget elementor-widget-image\" data-id=\"4825116e\" data-element_type=\"widget\" data-e-type=\"widget\" data-widget_type=\"image.default\">\n\t\t\t\t<div class=\"elementor-widget-container\">\n\t\t\t\t\t\t\t\t\t\t\t\t\t\t\t<img loading=\"lazy\" decoding=\"async\" width=\"1920\" height=\"1219\" src=\"https:\/\/isabellereynier.fr\/wp-content\/uploads\/2025\/09\/magazine-interne-zoomalia-studio-abelia.png\" class=\"attachment-full size-full wp-image-1215\" alt=\"\" srcset=\"https:\/\/isabellereynier.fr\/wp-content\/uploads\/2025\/09\/magazine-interne-zoomalia-studio-abelia.png 1920w, https:\/\/isabellereynier.fr\/wp-content\/uploads\/2025\/09\/magazine-interne-zoomalia-studio-abelia-300x190.png 300w, https:\/\/isabellereynier.fr\/wp-content\/uploads\/2025\/09\/magazine-interne-zoomalia-studio-abelia-1024x650.png 1024w, https:\/\/isabellereynier.fr\/wp-content\/uploads\/2025\/09\/magazine-interne-zoomalia-studio-abelia-768x488.png 768w, https:\/\/isabellereynier.fr\/wp-content\/uploads\/2025\/09\/magazine-interne-zoomalia-studio-abelia-1536x975.png 1536w\" sizes=\"(max-width: 1920px) 100vw, 1920px\" \/>\t\t\t\t\t\t\t\t\t\t\t\t\t\t\t<\/div>\n\t\t\t\t<\/div>\n\t\t\t\t\t<\/div>\n\t\t\t\t<\/div>\n\t\t<div class=\"elementor-element elementor-element-748e43c8 e-flex e-con-boxed e-con e-parent\" data-id=\"748e43c8\" data-element_type=\"container\" data-e-type=\"container\">\n\t\t\t\t\t<div class=\"e-con-inner\">\n\t\t\t\t<div class=\"elementor-element elementor-element-239e3821 elementor-hidden-mobile elementor-widget elementor-widget-image\" data-id=\"239e3821\" data-element_type=\"widget\" data-e-type=\"widget\" data-widget_type=\"image.default\">\n\t\t\t\t<div class=\"elementor-widget-container\">\n\t\t\t\t\t\t\t\t\t\t\t\t\t\t\t<img loading=\"lazy\" decoding=\"async\" width=\"1920\" height=\"2092\" src=\"https:\/\/isabellereynier.fr\/wp-content\/uploads\/2025\/09\/flyer-zoomalia-studio-abelia-landes.png\" class=\"attachment-full size-full wp-image-1211\" alt=\"\" srcset=\"https:\/\/isabellereynier.fr\/wp-content\/uploads\/2025\/09\/flyer-zoomalia-studio-abelia-landes.png 1920w, https:\/\/isabellereynier.fr\/wp-content\/uploads\/2025\/09\/flyer-zoomalia-studio-abelia-landes-275x300.png 275w, https:\/\/isabellereynier.fr\/wp-content\/uploads\/2025\/09\/flyer-zoomalia-studio-abelia-landes-940x1024.png 940w, https:\/\/isabellereynier.fr\/wp-content\/uploads\/2025\/09\/flyer-zoomalia-studio-abelia-landes-768x837.png 768w, https:\/\/isabellereynier.fr\/wp-content\/uploads\/2025\/09\/flyer-zoomalia-studio-abelia-landes-1410x1536.png 1410w, https:\/\/isabellereynier.fr\/wp-content\/uploads\/2025\/09\/flyer-zoomalia-studio-abelia-landes-1880x2048.png 1880w\" sizes=\"(max-width: 1920px) 100vw, 1920px\" \/>\t\t\t\t\t\t\t\t\t\t\t\t\t\t\t<\/div>\n\t\t\t\t<\/div>\n\t\t\t\t\t<\/div>\n\t\t\t\t<\/div>\n\t\t<div class=\"elementor-element elementor-element-361ed1b6 e-flex e-con-boxed e-con e-parent\" data-id=\"361ed1b6\" data-element_type=\"container\" data-e-type=\"container\">\n\t\t\t\t\t<div class=\"e-con-inner\">\n\t\t\t\t<div class=\"elementor-element elementor-element-2a244e61 elementor-hidden-desktop elementor-hidden-tablet elementor-widget elementor-widget-image\" data-id=\"2a244e61\" data-element_type=\"widget\" data-e-type=\"widget\" data-widget_type=\"image.default\">\n\t\t\t\t<div class=\"elementor-widget-container\">\n\t\t\t\t\t\t\t\t\t\t\t\t\t\t\t<img loading=\"lazy\" decoding=\"async\" width=\"768\" height=\"1531\" src=\"https:\/\/isabellereynier.fr\/wp-content\/uploads\/2025\/09\/flyer-zoomalia-studio-abelia-landes768.png\" class=\"attachment-full size-full wp-image-1212\" alt=\"\" srcset=\"https:\/\/isabellereynier.fr\/wp-content\/uploads\/2025\/09\/flyer-zoomalia-studio-abelia-landes768.png 768w, https:\/\/isabellereynier.fr\/wp-content\/uploads\/2025\/09\/flyer-zoomalia-studio-abelia-landes768-150x300.png 150w, https:\/\/isabellereynier.fr\/wp-content\/uploads\/2025\/09\/flyer-zoomalia-studio-abelia-landes768-514x1024.png 514w\" sizes=\"(max-width: 768px) 100vw, 768px\" \/>\t\t\t\t\t\t\t\t\t\t\t\t\t\t\t<\/div>\n\t\t\t\t<\/div>\n\t\t\t\t\t<\/div>\n\t\t\t\t<\/div>\n\t\t<div class=\"elementor-element elementor-element-207061d8 e-con-full elementor-hidden-mobile e-flex e-con e-parent\" data-id=\"207061d8\" data-element_type=\"container\" data-e-type=\"container\">\n\t\t\t\t<div class=\"elementor-element elementor-element-1a55af98 elementor-widget__width-initial mon-bouton elementor-widget elementor-widget-button\" data-id=\"1a55af98\" data-element_type=\"widget\" data-e-type=\"widget\" data-widget_type=\"button.default\">\n\t\t\t\t<div class=\"elementor-widget-container\">\n\t\t\t\t\t\t\t\t\t<div class=\"elementor-button-wrapper\">\n\t\t\t\t\t<a class=\"elementor-button elementor-button-link elementor-size-sm elementor-animation-float\" href=\"http:\/\/isabellereynier.fr\/uk\/#projets\" id=\"back\">\n\t\t\t\t\t\t<span class=\"elementor-button-content-wrapper\">\n\t\t\t\t\t\t<span class=\"elementor-button-icon\">\n\t\t\t\t<svg aria-hidden=\"true\" class=\"e-font-icon-svg e-fas-long-arrow-alt-left\" viewbox=\"0 0 448 512\" xmlns=\"http:\/\/www.w3.org\/2000\/svg\"><path d=\"M134.059 296H436c6.627 0 12-5.373 12-12v-56c0-6.627-5.373-12-12-12H134.059v-46.059c0-21.382-25.851-32.09-40.971-16.971L7.029 239.029c-9.373 9.373-9.373 24.569 0 33.941l86.059 86.059c15.119 15.119 40.971 4.411 40.971-16.971V296z\"><\/path><\/svg>\t\t\t<\/span>\n\t\t\t\t\t\t\t\t\t<span class=\"elementor-button-text\">back to projects<\/span>\n\t\t\t\t\t<\/span>\n\t\t\t\t\t<\/a>\n\t\t\t\t<\/div>\n\t\t\t\t\t\t\t\t<\/div>\n\t\t\t\t<\/div>\n\t\t\t\t<\/div>\n\t\t<div class=\"elementor-element elementor-element-3b7b3dff e-con-full elementor-hidden-desktop elementor-hidden-tablet e-flex e-con e-parent\" data-id=\"3b7b3dff\" data-element_type=\"container\" data-e-type=\"container\">\n\t\t\t\t<div class=\"elementor-element elementor-element-180fbb1e elementor-align-left elementor-widget__width-initial mon-bouton elementor-widget elementor-widget-button\" data-id=\"180fbb1e\" data-element_type=\"widget\" data-e-type=\"widget\" data-widget_type=\"button.default\">\n\t\t\t\t<div class=\"elementor-widget-container\">\n\t\t\t\t\t\t\t\t\t<div class=\"elementor-button-wrapper\">\n\t\t\t\t\t<a class=\"elementor-button elementor-button-link elementor-size-sm\" href=\"http:\/\/isabellereynier.fr\/uk\/#projets\" id=\"back-mob\">\n\t\t\t\t\t\t<span class=\"elementor-button-content-wrapper\">\n\t\t\t\t\t\t<span class=\"elementor-button-icon\">\n\t\t\t\t<svg aria-hidden=\"true\" class=\"e-font-icon-svg e-fas-long-arrow-alt-left\" viewbox=\"0 0 448 512\" xmlns=\"http:\/\/www.w3.org\/2000\/svg\"><path d=\"M134.059 296H436c6.627 0 12-5.373 12-12v-56c0-6.627-5.373-12-12-12H134.059v-46.059c0-21.382-25.851-32.09-40.971-16.971L7.029 239.029c-9.373 9.373-9.373 24.569 0 33.941l86.059 86.059c15.119 15.119 40.971 4.411 40.971-16.971V296z\"><\/path><\/svg>\t\t\t<\/span>\n\t\t\t\t\t\t\t\t\t<span class=\"elementor-button-text\">retour<\/span>\n\t\t\t\t\t<\/span>\n\t\t\t\t\t<\/a>\n\t\t\t\t<\/div>\n\t\t\t\t\t\t\t\t<\/div>\n\t\t\t\t<\/div>\n\t\t\t\t<\/div>\n\t\t\t\t<\/div>","protected":false},"excerpt":{"rendered":"<p>cr\u00e9ation de supports imprim\u00e9s &#8211; 2021 \u00e0 2023 Zoomalia est une animalerie. \u2728 Ce que j\u2019ai con\u00e7u avec amour et&hellip;<\/p>","protected":false},"author":2,"featured_media":0,"parent":0,"menu_order":0,"comment_status":"closed","ping_status":"closed","template":"elementor_theme","meta":{"_monsterinsights_skip_tracking":false,"_monsterinsights_sitenote_active":false,"_monsterinsights_sitenote_note":"","_monsterinsights_sitenote_category":0,"footnotes":""},"class_list":["post-1208","page","type-page","status-publish","hentry"],"aioseo_notices":[],"_links":{"self":[{"href":"https:\/\/isabellereynier.fr\/uk\/wp-json\/wp\/v2\/pages\/1208","targetHints":{"allow":["GET"]}}],"collection":[{"href":"https:\/\/isabellereynier.fr\/uk\/wp-json\/wp\/v2\/pages"}],"about":[{"href":"https:\/\/isabellereynier.fr\/uk\/wp-json\/wp\/v2\/types\/page"}],"author":[{"embeddable":true,"href":"https:\/\/isabellereynier.fr\/uk\/wp-json\/wp\/v2\/users\/2"}],"replies":[{"embeddable":true,"href":"https:\/\/isabellereynier.fr\/uk\/wp-json\/wp\/v2\/comments?post=1208"}],"version-history":[{"count":21,"href":"https:\/\/isabellereynier.fr\/uk\/wp-json\/wp\/v2\/pages\/1208\/revisions"}],"predecessor-version":[{"id":1768,"href":"https:\/\/isabellereynier.fr\/uk\/wp-json\/wp\/v2\/pages\/1208\/revisions\/1768"}],"wp:attachment":[{"href":"https:\/\/isabellereynier.fr\/uk\/wp-json\/wp\/v2\/media?parent=1208"}],"curies":[{"name":"wp","href":"https:\/\/api.w.org\/{rel}","templated":true}]}}