{"id":1180,"date":"2025-09-12T10:35:03","date_gmt":"2025-09-12T08:35:03","guid":{"rendered":"https:\/\/dev.isabellereynier.fr\/?page_id=1180"},"modified":"2025-09-25T14:42:35","modified_gmt":"2025-09-25T12:42:35","slug":"job-phoning","status":"publish","type":"page","link":"https:\/\/isabellereynier.fr\/uk\/job-phoning\/","title":{"rendered":"JobPhoning project"},"content":{"rendered":"<div data-elementor-type=\"wp-page\" data-elementor-id=\"1180\" class=\"elementor elementor-1180\">\n\t\t\t\t<div class=\"elementor-element elementor-element-5eb9a3a1 e-flex e-con-boxed e-con e-parent\" data-id=\"5eb9a3a1\" data-element_type=\"container\" data-e-type=\"container\">\n\t\t\t\t\t<div class=\"e-con-inner\">\n\t\t\t\t<div class=\"elementor-element elementor-element-664f488d elementor-widget elementor-widget-heading\" data-id=\"664f488d\" data-element_type=\"widget\" data-e-type=\"widget\" data-widget_type=\"heading.default\">\n\t\t\t\t<div class=\"elementor-widget-container\">\n\t\t\t\t\t<h5 class=\"elementor-heading-title elementor-size-default\">Illustration Design - 2024<\/h5>\t\t\t\t<\/div>\n\t\t\t\t<\/div>\n\t\t\t\t\t<\/div>\n\t\t\t\t<\/div>\n\t\t<div class=\"elementor-element elementor-element-11a8cb1c e-flex e-con-boxed e-con e-parent\" data-id=\"11a8cb1c\" data-element_type=\"container\" data-e-type=\"container\">\n\t\t\t\t\t<div class=\"e-con-inner\">\n\t\t\t\t<div class=\"elementor-element elementor-element-7b162a0d elementor-widget elementor-widget-text-editor\" data-id=\"7b162a0d\" data-element_type=\"widget\" data-e-type=\"widget\" data-widget_type=\"text-editor.default\">\n\t\t\t\t<div class=\"elementor-widget-container\">\n\t\t\t\t\t\t\t\t\tJobPhoning is a telemarketing platform.\n<br\/>\n<br\/>\n<strong><span style=\"color: #ea6b87; font-family: 'Red Hat Display';\">\ud83c\udf1f The wonders I\u2019ve crafted<\/span><\/strong>\n<br\/>\n<span style=\"color: #ea6b87;\">\u279b<\/span> T-shirt illustration for the company\u2019s 10th anniversary, themed around telemarketing, the Basque Country, and rafting\n<br\/>\n<span style=\"color: #ea6b87;\">\u279b<\/span> Sweatshirt illustration with QR code, aligned with the company\u2019s brand identity.\t\t\t\t\t\t\t\t<\/div>\n\t\t\t\t<\/div>\n\t\t\t\t\t<\/div>\n\t\t\t\t<\/div>\n\t\t<div class=\"elementor-element elementor-element-41834990 e-flex e-con-boxed e-con e-parent\" data-id=\"41834990\" data-element_type=\"container\" data-e-type=\"container\">\n\t\t\t\t\t<div class=\"e-con-inner\">\n\t\t\t\t<div class=\"elementor-element elementor-element-5e6e0d5 elementor-hidden-mobile elementor-widget elementor-widget-image\" data-id=\"5e6e0d5\" data-element_type=\"widget\" data-e-type=\"widget\" data-widget_type=\"image.default\">\n\t\t\t\t<div class=\"elementor-widget-container\">\n\t\t\t\t\t\t\t\t\t\t\t\t\t\t\t<img fetchpriority=\"high\" decoding=\"async\" width=\"1920\" height=\"2399\" src=\"https:\/\/isabellereynier.fr\/wp-content\/uploads\/2025\/09\/t-shirt-jobphoning-studio-abelia.jpg\" class=\"attachment-full size-full wp-image-1188\" alt=\"\" srcset=\"https:\/\/isabellereynier.fr\/wp-content\/uploads\/2025\/09\/t-shirt-jobphoning-studio-abelia.jpg 1920w, https:\/\/isabellereynier.fr\/wp-content\/uploads\/2025\/09\/t-shirt-jobphoning-studio-abelia-240x300.jpg 240w, https:\/\/isabellereynier.fr\/wp-content\/uploads\/2025\/09\/t-shirt-jobphoning-studio-abelia-820x1024.jpg 820w, https:\/\/isabellereynier.fr\/wp-content\/uploads\/2025\/09\/t-shirt-jobphoning-studio-abelia-768x960.jpg 768w, https:\/\/isabellereynier.fr\/wp-content\/uploads\/2025\/09\/t-shirt-jobphoning-studio-abelia-1229x1536.jpg 1229w, https:\/\/isabellereynier.fr\/wp-content\/uploads\/2025\/09\/t-shirt-jobphoning-studio-abelia-1639x2048.jpg 1639w\" sizes=\"(max-width: 1920px) 100vw, 1920px\" \/>\t\t\t\t\t\t\t\t\t\t\t\t\t\t\t<\/div>\n\t\t\t\t<\/div>\n\t\t\t\t\t<\/div>\n\t\t\t\t<\/div>\n\t\t<div class=\"elementor-element elementor-element-45e33de9 e-flex e-con-boxed e-con e-parent\" data-id=\"45e33de9\" data-element_type=\"container\" data-e-type=\"container\">\n\t\t\t\t\t<div class=\"e-con-inner\">\n\t\t\t\t<div class=\"elementor-element elementor-element-3f3bdc07 elementor-hidden-desktop elementor-hidden-tablet elementor-widget elementor-widget-image\" data-id=\"3f3bdc07\" data-element_type=\"widget\" data-e-type=\"widget\" data-widget_type=\"image.default\">\n\t\t\t\t<div class=\"elementor-widget-container\">\n\t\t\t\t\t\t\t\t\t\t\t\t\t\t\t<img decoding=\"async\" width=\"768\" height=\"960\" src=\"https:\/\/isabellereynier.fr\/wp-content\/uploads\/2025\/09\/t-shirt-jobphoning-studio-abelia768.jpg\" class=\"attachment-full size-full wp-image-1189\" alt=\"\" srcset=\"https:\/\/isabellereynier.fr\/wp-content\/uploads\/2025\/09\/t-shirt-jobphoning-studio-abelia768.jpg 768w, https:\/\/isabellereynier.fr\/wp-content\/uploads\/2025\/09\/t-shirt-jobphoning-studio-abelia768-240x300.jpg 240w\" sizes=\"(max-width: 768px) 100vw, 768px\" \/>\t\t\t\t\t\t\t\t\t\t\t\t\t\t\t<\/div>\n\t\t\t\t<\/div>\n\t\t\t\t\t<\/div>\n\t\t\t\t<\/div>\n\t\t<div class=\"elementor-element elementor-element-691b7c1c e-flex e-con-boxed e-con e-parent\" data-id=\"691b7c1c\" data-element_type=\"container\" data-e-type=\"container\">\n\t\t\t\t\t<div class=\"e-con-inner\">\n\t\t\t\t<div class=\"elementor-element elementor-element-40e16934 elementor-hidden-mobile elementor-widget elementor-widget-image\" data-id=\"40e16934\" data-element_type=\"widget\" data-e-type=\"widget\" data-widget_type=\"image.default\">\n\t\t\t\t<div class=\"elementor-widget-container\">\n\t\t\t\t\t\t\t\t\t\t\t\t\t\t\t<img decoding=\"async\" width=\"1920\" height=\"1920\" src=\"https:\/\/isabellereynier.fr\/wp-content\/uploads\/2025\/09\/illustration-qrcode-jobphoning-studio-abelia.jpg\" class=\"attachment-full size-full wp-image-1184\" alt=\"\" srcset=\"https:\/\/isabellereynier.fr\/wp-content\/uploads\/2025\/09\/illustration-qrcode-jobphoning-studio-abelia.jpg 1920w, https:\/\/isabellereynier.fr\/wp-content\/uploads\/2025\/09\/illustration-qrcode-jobphoning-studio-abelia-300x300.jpg 300w, https:\/\/isabellereynier.fr\/wp-content\/uploads\/2025\/09\/illustration-qrcode-jobphoning-studio-abelia-1024x1024.jpg 1024w, https:\/\/isabellereynier.fr\/wp-content\/uploads\/2025\/09\/illustration-qrcode-jobphoning-studio-abelia-150x150.jpg 150w, https:\/\/isabellereynier.fr\/wp-content\/uploads\/2025\/09\/illustration-qrcode-jobphoning-studio-abelia-768x768.jpg 768w, https:\/\/isabellereynier.fr\/wp-content\/uploads\/2025\/09\/illustration-qrcode-jobphoning-studio-abelia-1536x1536.jpg 1536w\" sizes=\"(max-width: 1920px) 100vw, 1920px\" \/>\t\t\t\t\t\t\t\t\t\t\t\t\t\t\t<\/div>\n\t\t\t\t<\/div>\n\t\t\t\t<div class=\"elementor-element elementor-element-31e635bb elementor-hidden-desktop elementor-hidden-tablet elementor-widget elementor-widget-image\" data-id=\"31e635bb\" data-element_type=\"widget\" data-e-type=\"widget\" data-widget_type=\"image.default\">\n\t\t\t\t<div class=\"elementor-widget-container\">\n\t\t\t\t\t\t\t\t\t\t\t\t\t\t\t<img loading=\"lazy\" decoding=\"async\" width=\"768\" height=\"768\" src=\"https:\/\/isabellereynier.fr\/wp-content\/uploads\/2025\/09\/illustration-qrcode-jobphoning-studio-abelia768.jpg\" class=\"attachment-full size-full wp-image-1185\" alt=\"\" srcset=\"https:\/\/isabellereynier.fr\/wp-content\/uploads\/2025\/09\/illustration-qrcode-jobphoning-studio-abelia768.jpg 768w, https:\/\/isabellereynier.fr\/wp-content\/uploads\/2025\/09\/illustration-qrcode-jobphoning-studio-abelia768-300x300.jpg 300w, https:\/\/isabellereynier.fr\/wp-content\/uploads\/2025\/09\/illustration-qrcode-jobphoning-studio-abelia768-150x150.jpg 150w\" sizes=\"(max-width: 768px) 100vw, 768px\" \/>\t\t\t\t\t\t\t\t\t\t\t\t\t\t\t<\/div>\n\t\t\t\t<\/div>\n\t\t\t\t<div class=\"elementor-element elementor-element-5ca0e071 elementor-hidden-desktop elementor-hidden-tablet elementor-widget elementor-widget-image\" data-id=\"5ca0e071\" data-element_type=\"widget\" data-e-type=\"widget\" data-widget_type=\"image.default\">\n\t\t\t\t<div class=\"elementor-widget-container\">\n\t\t\t\t\t\t\t\t\t\t\t\t\t\t\t<img loading=\"lazy\" decoding=\"async\" width=\"768\" height=\"1914\" src=\"https:\/\/isabellereynier.fr\/wp-content\/uploads\/2025\/09\/sweat-jobphoning-studio-abelia768.jpg\" class=\"attachment-full size-full wp-image-1187\" alt=\"\" srcset=\"https:\/\/isabellereynier.fr\/wp-content\/uploads\/2025\/09\/sweat-jobphoning-studio-abelia768.jpg 768w, https:\/\/isabellereynier.fr\/wp-content\/uploads\/2025\/09\/sweat-jobphoning-studio-abelia768-120x300.jpg 120w, https:\/\/isabellereynier.fr\/wp-content\/uploads\/2025\/09\/sweat-jobphoning-studio-abelia768-411x1024.jpg 411w, https:\/\/isabellereynier.fr\/wp-content\/uploads\/2025\/09\/sweat-jobphoning-studio-abelia768-616x1536.jpg 616w\" sizes=\"(max-width: 768px) 100vw, 768px\" \/>\t\t\t\t\t\t\t\t\t\t\t\t\t\t\t<\/div>\n\t\t\t\t<\/div>\n\t\t\t\t<div class=\"elementor-element elementor-element-70614d2f elementor-hidden-mobile elementor-widget elementor-widget-image\" data-id=\"70614d2f\" data-element_type=\"widget\" data-e-type=\"widget\" data-widget_type=\"image.default\">\n\t\t\t\t<div class=\"elementor-widget-container\">\n\t\t\t\t\t\t\t\t\t\t\t\t\t\t\t<img loading=\"lazy\" decoding=\"async\" width=\"1920\" height=\"1125\" src=\"https:\/\/isabellereynier.fr\/wp-content\/uploads\/2025\/09\/sweat-jobphoning-studio-abelia.jpg\" class=\"attachment-full size-full wp-image-1186\" alt=\"\" srcset=\"https:\/\/isabellereynier.fr\/wp-content\/uploads\/2025\/09\/sweat-jobphoning-studio-abelia.jpg 1920w, https:\/\/isabellereynier.fr\/wp-content\/uploads\/2025\/09\/sweat-jobphoning-studio-abelia-300x176.jpg 300w, https:\/\/isabellereynier.fr\/wp-content\/uploads\/2025\/09\/sweat-jobphoning-studio-abelia-1024x600.jpg 1024w, https:\/\/isabellereynier.fr\/wp-content\/uploads\/2025\/09\/sweat-jobphoning-studio-abelia-768x450.jpg 768w, https:\/\/isabellereynier.fr\/wp-content\/uploads\/2025\/09\/sweat-jobphoning-studio-abelia-1536x900.jpg 1536w\" sizes=\"(max-width: 1920px) 100vw, 1920px\" \/>\t\t\t\t\t\t\t\t\t\t\t\t\t\t\t<\/div>\n\t\t\t\t<\/div>\n\t\t\t\t\t<\/div>\n\t\t\t\t<\/div>\n\t\t<div class=\"elementor-element elementor-element-4bcca377 e-flex e-con-boxed e-con e-parent\" data-id=\"4bcca377\" data-element_type=\"container\" data-e-type=\"container\">\n\t\t\t\t\t<div class=\"e-con-inner\">\n\t\t\t\t<div class=\"elementor-element elementor-element-60961dd6 elementor-hidden-desktop elementor-hidden-tablet elementor-widget elementor-widget-image\" data-id=\"60961dd6\" data-element_type=\"widget\" data-e-type=\"widget\" data-widget_type=\"image.default\">\n\t\t\t\t<div class=\"elementor-widget-container\">\n\t\t\t\t\t\t\t\t\t\t\t\t\t\t\t<img loading=\"lazy\" decoding=\"async\" width=\"1920\" height=\"1334\" src=\"https:\/\/isabellereynier.fr\/wp-content\/uploads\/2025\/09\/illustration-10ans-jobphoning-studio-abelia.jpg\" class=\"attachment-full size-full wp-image-1182\" alt=\"\" srcset=\"https:\/\/isabellereynier.fr\/wp-content\/uploads\/2025\/09\/illustration-10ans-jobphoning-studio-abelia.jpg 1920w, https:\/\/isabellereynier.fr\/wp-content\/uploads\/2025\/09\/illustration-10ans-jobphoning-studio-abelia-300x208.jpg 300w, https:\/\/isabellereynier.fr\/wp-content\/uploads\/2025\/09\/illustration-10ans-jobphoning-studio-abelia-1024x711.jpg 1024w, https:\/\/isabellereynier.fr\/wp-content\/uploads\/2025\/09\/illustration-10ans-jobphoning-studio-abelia-768x534.jpg 768w, https:\/\/isabellereynier.fr\/wp-content\/uploads\/2025\/09\/illustration-10ans-jobphoning-studio-abelia-1536x1067.jpg 1536w\" sizes=\"(max-width: 1920px) 100vw, 1920px\" \/>\t\t\t\t\t\t\t\t\t\t\t\t\t\t\t<\/div>\n\t\t\t\t<\/div>\n\t\t\t\t\t<\/div>\n\t\t\t\t<\/div>\n\t\t<div class=\"elementor-element elementor-element-36a064a1 e-flex e-con-boxed e-con e-parent\" data-id=\"36a064a1\" data-element_type=\"container\" data-e-type=\"container\">\n\t\t\t\t\t<div class=\"e-con-inner\">\n\t\t\t\t<div class=\"elementor-element elementor-element-356ea11b elementor-hidden-mobile elementor-widget elementor-widget-image\" data-id=\"356ea11b\" data-element_type=\"widget\" data-e-type=\"widget\" data-widget_type=\"image.default\">\n\t\t\t\t<div class=\"elementor-widget-container\">\n\t\t\t\t\t\t\t\t\t\t\t\t\t\t\t<img loading=\"lazy\" decoding=\"async\" width=\"1920\" height=\"1334\" src=\"https:\/\/isabellereynier.fr\/wp-content\/uploads\/2025\/09\/illustration-10ans-jobphoning-studio-abelia.jpg\" class=\"attachment-full size-full wp-image-1182\" alt=\"\" srcset=\"https:\/\/isabellereynier.fr\/wp-content\/uploads\/2025\/09\/illustration-10ans-jobphoning-studio-abelia.jpg 1920w, https:\/\/isabellereynier.fr\/wp-content\/uploads\/2025\/09\/illustration-10ans-jobphoning-studio-abelia-300x208.jpg 300w, https:\/\/isabellereynier.fr\/wp-content\/uploads\/2025\/09\/illustration-10ans-jobphoning-studio-abelia-1024x711.jpg 1024w, https:\/\/isabellereynier.fr\/wp-content\/uploads\/2025\/09\/illustration-10ans-jobphoning-studio-abelia-768x534.jpg 768w, https:\/\/isabellereynier.fr\/wp-content\/uploads\/2025\/09\/illustration-10ans-jobphoning-studio-abelia-1536x1067.jpg 1536w\" sizes=\"(max-width: 1920px) 100vw, 1920px\" \/>\t\t\t\t\t\t\t\t\t\t\t\t\t\t\t<\/div>\n\t\t\t\t<\/div>\n\t\t\t\t\t<\/div>\n\t\t\t\t<\/div>\n\t\t<div class=\"elementor-element elementor-element-5e3579f e-con-full elementor-hidden-mobile e-flex e-con e-parent\" data-id=\"5e3579f\" data-element_type=\"container\" data-e-type=\"container\">\n\t\t\t\t<div class=\"elementor-element elementor-element-383c55a9 elementor-widget__width-initial mon-bouton elementor-widget elementor-widget-button\" data-id=\"383c55a9\" data-element_type=\"widget\" data-e-type=\"widget\" data-widget_type=\"button.default\">\n\t\t\t\t<div class=\"elementor-widget-container\">\n\t\t\t\t\t\t\t\t\t<div class=\"elementor-button-wrapper\">\n\t\t\t\t\t<a class=\"elementor-button elementor-button-link elementor-size-sm elementor-animation-float\" href=\"http:\/\/isabellereynier.fr\/uk\/#projets\" id=\"back\">\n\t\t\t\t\t\t<span class=\"elementor-button-content-wrapper\">\n\t\t\t\t\t\t<span class=\"elementor-button-icon\">\n\t\t\t\t<svg aria-hidden=\"true\" class=\"e-font-icon-svg e-fas-long-arrow-alt-left\" viewbox=\"0 0 448 512\" xmlns=\"http:\/\/www.w3.org\/2000\/svg\"><path d=\"M134.059 296H436c6.627 0 12-5.373 12-12v-56c0-6.627-5.373-12-12-12H134.059v-46.059c0-21.382-25.851-32.09-40.971-16.971L7.029 239.029c-9.373 9.373-9.373 24.569 0 33.941l86.059 86.059c15.119 15.119 40.971 4.411 40.971-16.971V296z\"><\/path><\/svg>\t\t\t<\/span>\n\t\t\t\t\t\t\t\t\t<span class=\"elementor-button-text\">back to projects<\/span>\n\t\t\t\t\t<\/span>\n\t\t\t\t\t<\/a>\n\t\t\t\t<\/div>\n\t\t\t\t\t\t\t\t<\/div>\n\t\t\t\t<\/div>\n\t\t\t\t<\/div>\n\t\t<div class=\"elementor-element elementor-element-19a4c45e e-con-full elementor-hidden-desktop elementor-hidden-tablet e-flex e-con e-parent\" data-id=\"19a4c45e\" data-element_type=\"container\" data-e-type=\"container\">\n\t\t\t\t<div class=\"elementor-element elementor-element-4c1bdd73 elementor-align-left elementor-widget__width-initial mon-bouton elementor-widget elementor-widget-button\" data-id=\"4c1bdd73\" data-element_type=\"widget\" data-e-type=\"widget\" data-widget_type=\"button.default\">\n\t\t\t\t<div class=\"elementor-widget-container\">\n\t\t\t\t\t\t\t\t\t<div class=\"elementor-button-wrapper\">\n\t\t\t\t\t<a class=\"elementor-button elementor-button-link elementor-size-sm\" href=\"http:\/\/isabellereynier.fr\/uk\/#projets\" id=\"back-mob\">\n\t\t\t\t\t\t<span class=\"elementor-button-content-wrapper\">\n\t\t\t\t\t\t<span class=\"elementor-button-icon\">\n\t\t\t\t<svg aria-hidden=\"true\" class=\"e-font-icon-svg e-fas-long-arrow-alt-left\" viewbox=\"0 0 448 512\" xmlns=\"http:\/\/www.w3.org\/2000\/svg\"><path d=\"M134.059 296H436c6.627 0 12-5.373 12-12v-56c0-6.627-5.373-12-12-12H134.059v-46.059c0-21.382-25.851-32.09-40.971-16.971L7.029 239.029c-9.373 9.373-9.373 24.569 0 33.941l86.059 86.059c15.119 15.119 40.971 4.411 40.971-16.971V296z\"><\/path><\/svg>\t\t\t<\/span>\n\t\t\t\t\t\t\t\t\t<span class=\"elementor-button-text\">retour<\/span>\n\t\t\t\t\t<\/span>\n\t\t\t\t\t<\/a>\n\t\t\t\t<\/div>\n\t\t\t\t\t\t\t\t<\/div>\n\t\t\t\t<\/div>\n\t\t\t\t<\/div>\n\t\t\t\t<\/div>","protected":false},"excerpt":{"rendered":"<p>cr\u00e9ation d&rsquo;illustrations &#8211; 2024 JobPhoning est une plateforme d\u00e9di\u00e9e \u00e0 la prospection t\u00e9l\u00e9phonique. \ud83c\udf1f Les merveilles que j\u2019ai bricol\u00e9es \u279b&hellip;<\/p>","protected":false},"author":2,"featured_media":0,"parent":0,"menu_order":0,"comment_status":"closed","ping_status":"closed","template":"elementor_theme","meta":{"_monsterinsights_skip_tracking":false,"_monsterinsights_sitenote_active":false,"_monsterinsights_sitenote_note":"","_monsterinsights_sitenote_category":0,"footnotes":""},"class_list":["post-1180","page","type-page","status-publish","hentry"],"aioseo_notices":[],"_links":{"self":[{"href":"https:\/\/isabellereynier.fr\/uk\/wp-json\/wp\/v2\/pages\/1180","targetHints":{"allow":["GET"]}}],"collection":[{"href":"https:\/\/isabellereynier.fr\/uk\/wp-json\/wp\/v2\/pages"}],"about":[{"href":"https:\/\/isabellereynier.fr\/uk\/wp-json\/wp\/v2\/types\/page"}],"author":[{"embeddable":true,"href":"https:\/\/isabellereynier.fr\/uk\/wp-json\/wp\/v2\/users\/2"}],"replies":[{"embeddable":true,"href":"https:\/\/isabellereynier.fr\/uk\/wp-json\/wp\/v2\/comments?post=1180"}],"version-history":[{"count":21,"href":"https:\/\/isabellereynier.fr\/uk\/wp-json\/wp\/v2\/pages\/1180\/revisions"}],"predecessor-version":[{"id":1725,"href":"https:\/\/isabellereynier.fr\/uk\/wp-json\/wp\/v2\/pages\/1180\/revisions\/1725"}],"wp:attachment":[{"href":"https:\/\/isabellereynier.fr\/uk\/wp-json\/wp\/v2\/media?parent=1180"}],"curies":[{"name":"wp","href":"https:\/\/api.w.org\/{rel}","templated":true}]}}