{"id":1134,"date":"2025-09-11T17:37:19","date_gmt":"2025-09-11T15:37:19","guid":{"rendered":"https:\/\/dev.isabellereynier.fr\/?page_id=1134"},"modified":"2025-09-25T14:44:10","modified_gmt":"2025-09-25T12:44:10","slug":"zoomalia-web","status":"publish","type":"page","link":"https:\/\/isabellereynier.fr\/uk\/zoomalia-web\/","title":{"rendered":"Zoomalia project \u2013  web communication"},"content":{"rendered":"<div data-elementor-type=\"wp-page\" data-elementor-id=\"1134\" class=\"elementor elementor-1134\">\n\t\t\t\t<div class=\"elementor-element elementor-element-7eec603a e-flex e-con-boxed e-con e-parent\" data-id=\"7eec603a\" data-element_type=\"container\" data-e-type=\"container\">\n\t\t\t\t\t<div class=\"e-con-inner\">\n\t\t\t\t<div class=\"elementor-element elementor-element-31067836 elementor-widget elementor-widget-heading\" data-id=\"31067836\" data-element_type=\"widget\" data-e-type=\"widget\" data-widget_type=\"heading.default\">\n\t\t\t\t<div class=\"elementor-widget-container\">\n\t\t\t\t\t<h5 class=\"elementor-heading-title elementor-size-default\">Web banners and visuals - 2021 to 2023<\/h5>\t\t\t\t<\/div>\n\t\t\t\t<\/div>\n\t\t\t\t\t<\/div>\n\t\t\t\t<\/div>\n\t\t<div class=\"elementor-element elementor-element-76d996de e-flex e-con-boxed e-con e-parent\" data-id=\"76d996de\" data-element_type=\"container\" data-e-type=\"container\">\n\t\t\t\t\t<div class=\"e-con-inner\">\n\t\t\t\t<div class=\"elementor-element elementor-element-6efaa438 elementor-widget elementor-widget-text-editor\" data-id=\"6efaa438\" data-element_type=\"widget\" data-e-type=\"widget\" data-widget_type=\"text-editor.default\">\n\t\t\t\t<div class=\"elementor-widget-container\">\n\t\t\t\t\t\t\t\t\tZoomalia is a pet store.\n<br\/>\n<br\/>\n<strong><span style=\"color: #ea6b87; font-family: 'Red Hat Display';\">\ud83d\ude0e My creative gems at work<\/span><\/strong>\n<br\/>\n<span style=\"color: #ea6b87;\">\u279b<\/span> Designed visual content for the web : banners, newsletters, and social media posts.\t\t\t\t\t\t\t\t<\/div>\n\t\t\t\t<\/div>\n\t\t\t\t\t<\/div>\n\t\t\t\t<\/div>\n\t\t<div class=\"elementor-element elementor-element-35d495ac e-flex e-con-boxed e-con e-parent\" data-id=\"35d495ac\" data-element_type=\"container\" data-e-type=\"container\">\n\t\t\t\t\t<div class=\"e-con-inner\">\n\t\t\t\t<div class=\"elementor-element elementor-element-3573f1db elementor-hidden-mobile elementor-widget elementor-widget-image\" data-id=\"3573f1db\" data-element_type=\"widget\" data-e-type=\"widget\" data-widget_type=\"image.default\">\n\t\t\t\t<div class=\"elementor-widget-container\">\n\t\t\t\t\t\t\t\t\t\t\t\t\t\t\t<img fetchpriority=\"high\" decoding=\"async\" width=\"1920\" height=\"1219\" src=\"https:\/\/isabellereynier.fr\/wp-content\/uploads\/2025\/09\/banniere-web-zoomalia-studio-abelia.png\" class=\"attachment-full size-full wp-image-1139\" alt=\"\" srcset=\"https:\/\/isabellereynier.fr\/wp-content\/uploads\/2025\/09\/banniere-web-zoomalia-studio-abelia.png 1920w, https:\/\/isabellereynier.fr\/wp-content\/uploads\/2025\/09\/banniere-web-zoomalia-studio-abelia-300x190.png 300w, https:\/\/isabellereynier.fr\/wp-content\/uploads\/2025\/09\/banniere-web-zoomalia-studio-abelia-1024x650.png 1024w, https:\/\/isabellereynier.fr\/wp-content\/uploads\/2025\/09\/banniere-web-zoomalia-studio-abelia-768x488.png 768w, https:\/\/isabellereynier.fr\/wp-content\/uploads\/2025\/09\/banniere-web-zoomalia-studio-abelia-1536x975.png 1536w\" sizes=\"(max-width: 1920px) 100vw, 1920px\" \/>\t\t\t\t\t\t\t\t\t\t\t\t\t\t\t<\/div>\n\t\t\t\t<\/div>\n\t\t\t\t\t<\/div>\n\t\t\t\t<\/div>\n\t\t<div class=\"elementor-element elementor-element-131eed66 e-flex e-con-boxed e-con e-parent\" data-id=\"131eed66\" data-element_type=\"container\" data-e-type=\"container\">\n\t\t\t\t\t<div class=\"e-con-inner\">\n\t\t\t\t<div class=\"elementor-element elementor-element-2c942ba9 elementor-hidden-desktop elementor-hidden-tablet elementor-widget elementor-widget-image\" data-id=\"2c942ba9\" data-element_type=\"widget\" data-e-type=\"widget\" data-widget_type=\"image.default\">\n\t\t\t\t<div class=\"elementor-widget-container\">\n\t\t\t\t\t\t\t\t\t\t\t\t\t\t\t<img decoding=\"async\" width=\"768\" height=\"1063\" src=\"https:\/\/isabellereynier.fr\/wp-content\/uploads\/2025\/09\/banniere-web-zoomalia-studio-abelia768.png\" class=\"attachment-full size-full wp-image-1140\" alt=\"\" srcset=\"https:\/\/isabellereynier.fr\/wp-content\/uploads\/2025\/09\/banniere-web-zoomalia-studio-abelia768.png 768w, https:\/\/isabellereynier.fr\/wp-content\/uploads\/2025\/09\/banniere-web-zoomalia-studio-abelia768-217x300.png 217w, https:\/\/isabellereynier.fr\/wp-content\/uploads\/2025\/09\/banniere-web-zoomalia-studio-abelia768-740x1024.png 740w\" sizes=\"(max-width: 768px) 100vw, 768px\" \/>\t\t\t\t\t\t\t\t\t\t\t\t\t\t\t<\/div>\n\t\t\t\t<\/div>\n\t\t\t\t\t<\/div>\n\t\t\t\t<\/div>\n\t\t<div class=\"elementor-element elementor-element-5f8a4ac e-flex e-con-boxed e-con e-parent\" data-id=\"5f8a4ac\" data-element_type=\"container\" data-e-type=\"container\">\n\t\t\t\t\t<div class=\"e-con-inner\">\n\t\t\t\t<div class=\"elementor-element elementor-element-3c2e287f elementor-hidden-mobile elementor-widget elementor-widget-image\" data-id=\"3c2e287f\" data-element_type=\"widget\" data-e-type=\"widget\" data-widget_type=\"image.default\">\n\t\t\t\t<div class=\"elementor-widget-container\">\n\t\t\t\t\t\t\t\t\t\t\t\t\t\t\t<img decoding=\"async\" width=\"1920\" height=\"2126\" src=\"https:\/\/isabellereynier.fr\/wp-content\/uploads\/2025\/09\/isabelle-reynier-graphiste-zoomalia-web-banners.jpg\" class=\"attachment-full size-full wp-image-1137\" alt=\"\" srcset=\"https:\/\/isabellereynier.fr\/wp-content\/uploads\/2025\/09\/isabelle-reynier-graphiste-zoomalia-web-banners.jpg 1920w, https:\/\/isabellereynier.fr\/wp-content\/uploads\/2025\/09\/isabelle-reynier-graphiste-zoomalia-web-banners-271x300.jpg 271w, https:\/\/isabellereynier.fr\/wp-content\/uploads\/2025\/09\/isabelle-reynier-graphiste-zoomalia-web-banners-925x1024.jpg 925w, https:\/\/isabellereynier.fr\/wp-content\/uploads\/2025\/09\/isabelle-reynier-graphiste-zoomalia-web-banners-768x850.jpg 768w, https:\/\/isabellereynier.fr\/wp-content\/uploads\/2025\/09\/isabelle-reynier-graphiste-zoomalia-web-banners-1387x1536.jpg 1387w, https:\/\/isabellereynier.fr\/wp-content\/uploads\/2025\/09\/isabelle-reynier-graphiste-zoomalia-web-banners-1850x2048.jpg 1850w\" sizes=\"(max-width: 1920px) 100vw, 1920px\" \/>\t\t\t\t\t\t\t\t\t\t\t\t\t\t\t<\/div>\n\t\t\t\t<\/div>\n\t\t\t\t<div class=\"elementor-element elementor-element-270dc952 elementor-hidden-desktop elementor-hidden-tablet elementor-widget elementor-widget-image\" data-id=\"270dc952\" data-element_type=\"widget\" data-e-type=\"widget\" data-widget_type=\"image.default\">\n\t\t\t\t<div class=\"elementor-widget-container\">\n\t\t\t\t\t\t\t\t\t\t\t\t\t\t\t<img loading=\"lazy\" decoding=\"async\" width=\"768\" height=\"1548\" src=\"https:\/\/isabellereynier.fr\/wp-content\/uploads\/2025\/09\/isabelle-reynier-graphiste-zoomalia-web-banners3.jpg\" class=\"attachment-full size-full wp-image-1138\" alt=\"\" srcset=\"https:\/\/isabellereynier.fr\/wp-content\/uploads\/2025\/09\/isabelle-reynier-graphiste-zoomalia-web-banners3.jpg 768w, https:\/\/isabellereynier.fr\/wp-content\/uploads\/2025\/09\/isabelle-reynier-graphiste-zoomalia-web-banners3-149x300.jpg 149w, https:\/\/isabellereynier.fr\/wp-content\/uploads\/2025\/09\/isabelle-reynier-graphiste-zoomalia-web-banners3-508x1024.jpg 508w, https:\/\/isabellereynier.fr\/wp-content\/uploads\/2025\/09\/isabelle-reynier-graphiste-zoomalia-web-banners3-762x1536.jpg 762w\" sizes=\"(max-width: 768px) 100vw, 768px\" \/>\t\t\t\t\t\t\t\t\t\t\t\t\t\t\t<\/div>\n\t\t\t\t<\/div>\n\t\t\t\t<div class=\"elementor-element elementor-element-4ac8fbd8 elementor-hidden-desktop elementor-hidden-tablet elementor-widget elementor-widget-image\" data-id=\"4ac8fbd8\" data-element_type=\"widget\" data-e-type=\"widget\" data-widget_type=\"image.default\">\n\t\t\t\t<div class=\"elementor-widget-container\">\n\t\t\t\t\t\t\t\t\t\t\t\t\t\t\t<img loading=\"lazy\" decoding=\"async\" width=\"768\" height=\"2036\" src=\"https:\/\/isabellereynier.fr\/wp-content\/uploads\/2025\/09\/display-web-zoomalia-studio-abelia768.gif\" class=\"attachment-full size-full wp-image-1136\" alt=\"\" \/>\t\t\t\t\t\t\t\t\t\t\t\t\t\t\t<\/div>\n\t\t\t\t<\/div>\n\t\t\t\t<div class=\"elementor-element elementor-element-53a60b06 elementor-hidden-mobile elementor-widget elementor-widget-image\" data-id=\"53a60b06\" data-element_type=\"widget\" data-e-type=\"widget\" data-widget_type=\"image.default\">\n\t\t\t\t<div class=\"elementor-widget-container\">\n\t\t\t\t\t\t\t\t\t\t\t\t\t\t\t<img loading=\"lazy\" decoding=\"async\" width=\"1920\" height=\"2387\" src=\"https:\/\/isabellereynier.fr\/wp-content\/uploads\/2025\/09\/display-web-zoomalia-studio-abelia.gif\" class=\"attachment-full size-full wp-image-1141\" alt=\"\" \/>\t\t\t\t\t\t\t\t\t\t\t\t\t\t\t<\/div>\n\t\t\t\t<\/div>\n\t\t\t\t\t<\/div>\n\t\t\t\t<\/div>\n\t\t<div class=\"elementor-element elementor-element-40c0dcc elementor-hidden-mobile e-flex e-con-boxed e-con e-parent\" data-id=\"40c0dcc\" data-element_type=\"container\" data-e-type=\"container\">\n\t\t\t\t\t<div class=\"e-con-inner\">\n\t\t\t\t<div class=\"elementor-element elementor-element-86eb018 elementor-widget__width-initial mon-bouton elementor-widget elementor-widget-button\" data-id=\"86eb018\" data-element_type=\"widget\" data-e-type=\"widget\" data-widget_type=\"button.default\">\n\t\t\t\t<div class=\"elementor-widget-container\">\n\t\t\t\t\t\t\t\t\t<div class=\"elementor-button-wrapper\">\n\t\t\t\t\t<a class=\"elementor-button elementor-button-link elementor-size-sm elementor-animation-float\" href=\"http:\/\/isabellereynier.fr\/uk\/#projets\" id=\"back\">\n\t\t\t\t\t\t<span class=\"elementor-button-content-wrapper\">\n\t\t\t\t\t\t<span class=\"elementor-button-icon\">\n\t\t\t\t<svg aria-hidden=\"true\" class=\"e-font-icon-svg e-fas-long-arrow-alt-left\" viewbox=\"0 0 448 512\" xmlns=\"http:\/\/www.w3.org\/2000\/svg\"><path d=\"M134.059 296H436c6.627 0 12-5.373 12-12v-56c0-6.627-5.373-12-12-12H134.059v-46.059c0-21.382-25.851-32.09-40.971-16.971L7.029 239.029c-9.373 9.373-9.373 24.569 0 33.941l86.059 86.059c15.119 15.119 40.971 4.411 40.971-16.971V296z\"><\/path><\/svg>\t\t\t<\/span>\n\t\t\t\t\t\t\t\t\t<span class=\"elementor-button-text\">back to projects<\/span>\n\t\t\t\t\t<\/span>\n\t\t\t\t\t<\/a>\n\t\t\t\t<\/div>\n\t\t\t\t\t\t\t\t<\/div>\n\t\t\t\t<\/div>\n\t\t\t\t\t<\/div>\n\t\t\t\t<\/div>\n\t\t<div class=\"elementor-element elementor-element-68236d4 elementor-hidden-desktop elementor-hidden-tablet e-flex e-con-boxed e-con e-parent\" data-id=\"68236d4\" data-element_type=\"container\" data-e-type=\"container\">\n\t\t\t\t\t<div class=\"e-con-inner\">\n\t\t\t\t<div class=\"elementor-element elementor-element-9c6f8ff elementor-align-left elementor-widget__width-initial mon-bouton elementor-widget elementor-widget-button\" data-id=\"9c6f8ff\" data-element_type=\"widget\" data-e-type=\"widget\" data-widget_type=\"button.default\">\n\t\t\t\t<div class=\"elementor-widget-container\">\n\t\t\t\t\t\t\t\t\t<div class=\"elementor-button-wrapper\">\n\t\t\t\t\t<a class=\"elementor-button elementor-button-link elementor-size-sm\" href=\"http:\/\/isabellereynier.fr\/uk\/#projets\" id=\"back-mob\">\n\t\t\t\t\t\t<span class=\"elementor-button-content-wrapper\">\n\t\t\t\t\t\t<span class=\"elementor-button-icon\">\n\t\t\t\t<svg aria-hidden=\"true\" class=\"e-font-icon-svg e-fas-long-arrow-alt-left\" viewbox=\"0 0 448 512\" xmlns=\"http:\/\/www.w3.org\/2000\/svg\"><path d=\"M134.059 296H436c6.627 0 12-5.373 12-12v-56c0-6.627-5.373-12-12-12H134.059v-46.059c0-21.382-25.851-32.09-40.971-16.971L7.029 239.029c-9.373 9.373-9.373 24.569 0 33.941l86.059 86.059c15.119 15.119 40.971 4.411 40.971-16.971V296z\"><\/path><\/svg>\t\t\t<\/span>\n\t\t\t\t\t\t\t\t\t<span class=\"elementor-button-text\">retour<\/span>\n\t\t\t\t\t<\/span>\n\t\t\t\t\t<\/a>\n\t\t\t\t<\/div>\n\t\t\t\t\t\t\t\t<\/div>\n\t\t\t\t<\/div>\n\t\t\t\t\t<\/div>\n\t\t\t\t<\/div>\n\t\t\t\t<\/div>","protected":false},"excerpt":{"rendered":"<p>cr\u00e9ations de banni\u00e8res et visuels pour le web &#8211; 2021 \u00e0 2023 Zoomalia est une animalerie. \ud83d\ude0e Mes petites p\u00e9pites&hellip;<\/p>","protected":false},"author":2,"featured_media":0,"parent":0,"menu_order":0,"comment_status":"closed","ping_status":"closed","template":"elementor_theme","meta":{"_monsterinsights_skip_tracking":false,"_monsterinsights_sitenote_active":false,"_monsterinsights_sitenote_note":"","_monsterinsights_sitenote_category":0,"footnotes":""},"class_list":["post-1134","page","type-page","status-publish","hentry"],"aioseo_notices":[],"_links":{"self":[{"href":"https:\/\/isabellereynier.fr\/uk\/wp-json\/wp\/v2\/pages\/1134","targetHints":{"allow":["GET"]}}],"collection":[{"href":"https:\/\/isabellereynier.fr\/uk\/wp-json\/wp\/v2\/pages"}],"about":[{"href":"https:\/\/isabellereynier.fr\/uk\/wp-json\/wp\/v2\/types\/page"}],"author":[{"embeddable":true,"href":"https:\/\/isabellereynier.fr\/uk\/wp-json\/wp\/v2\/users\/2"}],"replies":[{"embeddable":true,"href":"https:\/\/isabellereynier.fr\/uk\/wp-json\/wp\/v2\/comments?post=1134"}],"version-history":[{"count":24,"href":"https:\/\/isabellereynier.fr\/uk\/wp-json\/wp\/v2\/pages\/1134\/revisions"}],"predecessor-version":[{"id":1728,"href":"https:\/\/isabellereynier.fr\/uk\/wp-json\/wp\/v2\/pages\/1134\/revisions\/1728"}],"wp:attachment":[{"href":"https:\/\/isabellereynier.fr\/uk\/wp-json\/wp\/v2\/media?parent=1134"}],"curies":[{"name":"wp","href":"https:\/\/api.w.org\/{rel}","templated":true}]}}