{"id":1100,"date":"2025-09-11T17:03:19","date_gmt":"2025-09-11T15:03:19","guid":{"rendered":"https:\/\/dev.isabellereynier.fr\/?page_id=1100"},"modified":"2025-09-25T14:46:58","modified_gmt":"2025-09-25T12:46:58","slug":"construction-ls","status":"publish","type":"page","link":"https:\/\/isabellereynier.fr\/uk\/construction-ls\/","title":{"rendered":"Construction LS project"},"content":{"rendered":"<div data-elementor-type=\"wp-page\" data-elementor-id=\"1100\" class=\"elementor elementor-1100\">\n\t\t\t\t<div class=\"elementor-element elementor-element-3b04c56c e-flex e-con-boxed e-con e-parent\" data-id=\"3b04c56c\" data-element_type=\"container\" data-e-type=\"container\">\n\t\t\t\t\t<div class=\"e-con-inner\">\n\t\t\t\t<div class=\"elementor-element elementor-element-396681d0 elementor-widget elementor-widget-heading\" data-id=\"396681d0\" data-element_type=\"widget\" data-e-type=\"widget\" data-widget_type=\"heading.default\">\n\t\t\t\t<div class=\"elementor-widget-container\">\n\t\t\t\t\t<h5 class=\"elementor-heading-title elementor-size-default\">Logo design \u2013 2020<\/h5>\t\t\t\t<\/div>\n\t\t\t\t<\/div>\n\t\t\t\t\t<\/div>\n\t\t\t\t<\/div>\n\t\t<div class=\"elementor-element elementor-element-32fb0c7d e-flex e-con-boxed e-con e-parent\" data-id=\"32fb0c7d\" data-element_type=\"container\" data-e-type=\"container\">\n\t\t\t\t\t<div class=\"e-con-inner\">\n\t\t\t\t<div class=\"elementor-element elementor-element-5cc1c73f elementor-widget elementor-widget-text-editor\" data-id=\"5cc1c73f\" data-element_type=\"widget\" data-e-type=\"widget\" data-widget_type=\"text-editor.default\">\n\t\t\t\t<div class=\"elementor-widget-container\">\n\t\t\t\t\t\t\t\t\tConstruction LS is a timber construction, masonry, and carpentry company.\n<br\/>\n<br\/>\n<strong><span style=\"color: #ea6b87; font-family: 'Red Hat Display';\">\ud83e\udd39 My graphic magic tricks<\/span><\/strong>\n<br\/>\n<span style=\"color: #ea6b87;\">\u279b<\/span> Developed the company logo\n<br\/>\n<span style=\"color: #ea6b87;\">\u279b<\/span> Designed business cards\n<br\/>\n<span style=\"color: #ea6b87;\">\u279b<\/span> Extended the brand identity to a company vehicle\t\t\t\t\t\t\t\t<\/div>\n\t\t\t\t<\/div>\n\t\t\t\t\t<\/div>\n\t\t\t\t<\/div>\n\t\t<div class=\"elementor-element elementor-element-1039063b e-flex e-con-boxed e-con e-parent\" data-id=\"1039063b\" data-element_type=\"container\" data-e-type=\"container\">\n\t\t\t\t\t<div class=\"e-con-inner\">\n\t\t\t\t<div class=\"elementor-element elementor-element-19016571 elementor-hidden-mobile elementor-widget elementor-widget-image\" data-id=\"19016571\" data-element_type=\"widget\" data-e-type=\"widget\" data-widget_type=\"image.default\">\n\t\t\t\t<div class=\"elementor-widget-container\">\n\t\t\t\t\t\t\t\t\t\t\t\t\t\t\t<img fetchpriority=\"high\" decoding=\"async\" width=\"1920\" height=\"909\" src=\"https:\/\/isabellereynier.fr\/wp-content\/uploads\/2025\/09\/logo-construction-ls-studio-abelia.png\" class=\"attachment-full size-full wp-image-1104\" alt=\"\" srcset=\"https:\/\/isabellereynier.fr\/wp-content\/uploads\/2025\/09\/logo-construction-ls-studio-abelia.png 1920w, https:\/\/isabellereynier.fr\/wp-content\/uploads\/2025\/09\/logo-construction-ls-studio-abelia-300x142.png 300w, https:\/\/isabellereynier.fr\/wp-content\/uploads\/2025\/09\/logo-construction-ls-studio-abelia-1024x485.png 1024w, https:\/\/isabellereynier.fr\/wp-content\/uploads\/2025\/09\/logo-construction-ls-studio-abelia-768x364.png 768w, https:\/\/isabellereynier.fr\/wp-content\/uploads\/2025\/09\/logo-construction-ls-studio-abelia-1536x727.png 1536w\" sizes=\"(max-width: 1920px) 100vw, 1920px\" \/>\t\t\t\t\t\t\t\t\t\t\t\t\t\t\t<\/div>\n\t\t\t\t<\/div>\n\t\t\t\t\t<\/div>\n\t\t\t\t<\/div>\n\t\t<div class=\"elementor-element elementor-element-4fc54cd1 e-flex e-con-boxed e-con e-parent\" data-id=\"4fc54cd1\" data-element_type=\"container\" data-e-type=\"container\">\n\t\t\t\t\t<div class=\"e-con-inner\">\n\t\t\t\t<div class=\"elementor-element elementor-element-65bbb7b5 elementor-hidden-desktop elementor-hidden-tablet elementor-widget elementor-widget-image\" data-id=\"65bbb7b5\" data-element_type=\"widget\" data-e-type=\"widget\" data-widget_type=\"image.default\">\n\t\t\t\t<div class=\"elementor-widget-container\">\n\t\t\t\t\t\t\t\t\t\t\t\t\t\t\t<img decoding=\"async\" width=\"768\" height=\"480\" src=\"https:\/\/isabellereynier.fr\/wp-content\/uploads\/2025\/09\/logo-construction-ls-studio-abelia768.png\" class=\"attachment-full size-full wp-image-1105\" alt=\"\" srcset=\"https:\/\/isabellereynier.fr\/wp-content\/uploads\/2025\/09\/logo-construction-ls-studio-abelia768.png 768w, https:\/\/isabellereynier.fr\/wp-content\/uploads\/2025\/09\/logo-construction-ls-studio-abelia768-300x188.png 300w\" sizes=\"(max-width: 768px) 100vw, 768px\" \/>\t\t\t\t\t\t\t\t\t\t\t\t\t\t\t<\/div>\n\t\t\t\t<\/div>\n\t\t\t\t\t<\/div>\n\t\t\t\t<\/div>\n\t\t<div class=\"elementor-element elementor-element-376f204e e-flex e-con-boxed e-con e-parent\" data-id=\"376f204e\" data-element_type=\"container\" data-e-type=\"container\">\n\t\t\t\t\t<div class=\"e-con-inner\">\n\t\t\t\t<div class=\"elementor-element elementor-element-2dd814d4 elementor-hidden-mobile elementor-widget elementor-widget-image\" data-id=\"2dd814d4\" data-element_type=\"widget\" data-e-type=\"widget\" data-widget_type=\"image.default\">\n\t\t\t\t<div class=\"elementor-widget-container\">\n\t\t\t\t\t\t\t\t\t\t\t\t\t\t\t<img decoding=\"async\" width=\"1920\" height=\"1472\" src=\"https:\/\/isabellereynier.fr\/wp-content\/uploads\/2025\/09\/isabelle-reynier-graphiste-ls-construction-covering.png\" class=\"attachment-full size-full wp-image-1102\" alt=\"\" srcset=\"https:\/\/isabellereynier.fr\/wp-content\/uploads\/2025\/09\/isabelle-reynier-graphiste-ls-construction-covering.png 1920w, https:\/\/isabellereynier.fr\/wp-content\/uploads\/2025\/09\/isabelle-reynier-graphiste-ls-construction-covering-300x230.png 300w, https:\/\/isabellereynier.fr\/wp-content\/uploads\/2025\/09\/isabelle-reynier-graphiste-ls-construction-covering-1024x785.png 1024w, https:\/\/isabellereynier.fr\/wp-content\/uploads\/2025\/09\/isabelle-reynier-graphiste-ls-construction-covering-768x589.png 768w, https:\/\/isabellereynier.fr\/wp-content\/uploads\/2025\/09\/isabelle-reynier-graphiste-ls-construction-covering-1536x1178.png 1536w\" sizes=\"(max-width: 1920px) 100vw, 1920px\" \/>\t\t\t\t\t\t\t\t\t\t\t\t\t\t\t<\/div>\n\t\t\t\t<\/div>\n\t\t\t\t<div class=\"elementor-element elementor-element-3896dc1b elementor-hidden-desktop elementor-hidden-tablet elementor-widget elementor-widget-image\" data-id=\"3896dc1b\" data-element_type=\"widget\" data-e-type=\"widget\" data-widget_type=\"image.default\">\n\t\t\t\t<div class=\"elementor-widget-container\">\n\t\t\t\t\t\t\t\t\t\t\t\t\t\t\t<img loading=\"lazy\" decoding=\"async\" width=\"768\" height=\"1023\" src=\"https:\/\/isabellereynier.fr\/wp-content\/uploads\/2025\/09\/isabelle-reynier-graphiste-ls-construction-covering768.png\" class=\"attachment-full size-full wp-image-1103\" alt=\"\" srcset=\"https:\/\/isabellereynier.fr\/wp-content\/uploads\/2025\/09\/isabelle-reynier-graphiste-ls-construction-covering768.png 768w, https:\/\/isabellereynier.fr\/wp-content\/uploads\/2025\/09\/isabelle-reynier-graphiste-ls-construction-covering768-225x300.png 225w\" sizes=\"(max-width: 768px) 100vw, 768px\" \/>\t\t\t\t\t\t\t\t\t\t\t\t\t\t\t<\/div>\n\t\t\t\t<\/div>\n\t\t\t\t\t<\/div>\n\t\t\t\t<\/div>\n\t\t<div class=\"elementor-element elementor-element-99016fb elementor-hidden-mobile e-flex e-con-boxed e-con e-parent\" data-id=\"99016fb\" data-element_type=\"container\" data-e-type=\"container\">\n\t\t\t\t\t<div class=\"e-con-inner\">\n\t\t\t\t<div class=\"elementor-element elementor-element-0e18ad5 elementor-widget__width-initial mon-bouton elementor-widget elementor-widget-button\" data-id=\"0e18ad5\" data-element_type=\"widget\" data-e-type=\"widget\" data-widget_type=\"button.default\">\n\t\t\t\t<div class=\"elementor-widget-container\">\n\t\t\t\t\t\t\t\t\t<div class=\"elementor-button-wrapper\">\n\t\t\t\t\t<a class=\"elementor-button elementor-button-link elementor-size-sm elementor-animation-float\" href=\"http:\/\/isabellereynier.fr\/uk\/#projets\" id=\"back\">\n\t\t\t\t\t\t<span class=\"elementor-button-content-wrapper\">\n\t\t\t\t\t\t<span class=\"elementor-button-icon\">\n\t\t\t\t<svg aria-hidden=\"true\" class=\"e-font-icon-svg e-fas-long-arrow-alt-left\" viewbox=\"0 0 448 512\" xmlns=\"http:\/\/www.w3.org\/2000\/svg\"><path d=\"M134.059 296H436c6.627 0 12-5.373 12-12v-56c0-6.627-5.373-12-12-12H134.059v-46.059c0-21.382-25.851-32.09-40.971-16.971L7.029 239.029c-9.373 9.373-9.373 24.569 0 33.941l86.059 86.059c15.119 15.119 40.971 4.411 40.971-16.971V296z\"><\/path><\/svg>\t\t\t<\/span>\n\t\t\t\t\t\t\t\t\t<span class=\"elementor-button-text\">back to projects<\/span>\n\t\t\t\t\t<\/span>\n\t\t\t\t\t<\/a>\n\t\t\t\t<\/div>\n\t\t\t\t\t\t\t\t<\/div>\n\t\t\t\t<\/div>\n\t\t\t\t\t<\/div>\n\t\t\t\t<\/div>\n\t\t<div class=\"elementor-element elementor-element-49fa8a0 elementor-hidden-desktop e-flex e-con-boxed e-con e-parent\" data-id=\"49fa8a0\" data-element_type=\"container\" data-e-type=\"container\">\n\t\t\t\t\t<div class=\"e-con-inner\">\n\t\t\t\t<div class=\"elementor-element elementor-element-2be0666 elementor-align-left elementor-widget__width-initial mon-bouton elementor-widget elementor-widget-button\" data-id=\"2be0666\" data-element_type=\"widget\" data-e-type=\"widget\" data-widget_type=\"button.default\">\n\t\t\t\t<div class=\"elementor-widget-container\">\n\t\t\t\t\t\t\t\t\t<div class=\"elementor-button-wrapper\">\n\t\t\t\t\t<a class=\"elementor-button elementor-button-link elementor-size-sm\" href=\"http:\/\/isabellereynier.fr\/uk\/#projets\" id=\"back-mob\">\n\t\t\t\t\t\t<span class=\"elementor-button-content-wrapper\">\n\t\t\t\t\t\t<span class=\"elementor-button-icon\">\n\t\t\t\t<svg aria-hidden=\"true\" class=\"e-font-icon-svg e-fas-long-arrow-alt-left\" viewbox=\"0 0 448 512\" xmlns=\"http:\/\/www.w3.org\/2000\/svg\"><path d=\"M134.059 296H436c6.627 0 12-5.373 12-12v-56c0-6.627-5.373-12-12-12H134.059v-46.059c0-21.382-25.851-32.09-40.971-16.971L7.029 239.029c-9.373 9.373-9.373 24.569 0 33.941l86.059 86.059c15.119 15.119 40.971 4.411 40.971-16.971V296z\"><\/path><\/svg>\t\t\t<\/span>\n\t\t\t\t\t\t\t\t\t<span class=\"elementor-button-text\">retour<\/span>\n\t\t\t\t\t<\/span>\n\t\t\t\t\t<\/a>\n\t\t\t\t<\/div>\n\t\t\t\t\t\t\t\t<\/div>\n\t\t\t\t<\/div>\n\t\t\t\t\t<\/div>\n\t\t\t\t<\/div>\n\t\t\t\t<\/div>","protected":false},"excerpt":{"rendered":"<p>cr\u00e9ation d&rsquo;un logo &#8211; 2020 Construction LS est une soci\u00e9t\u00e9 de construction en bois, ma\u00e7onnerie et charpente. \ud83e\udd39 Mes tours&hellip;<\/p>","protected":false},"author":2,"featured_media":0,"parent":0,"menu_order":0,"comment_status":"closed","ping_status":"closed","template":"elementor_theme","meta":{"_monsterinsights_skip_tracking":false,"_monsterinsights_sitenote_active":false,"_monsterinsights_sitenote_note":"","_monsterinsights_sitenote_category":0,"footnotes":""},"class_list":["post-1100","page","type-page","status-publish","hentry"],"aioseo_notices":[],"_links":{"self":[{"href":"https:\/\/isabellereynier.fr\/uk\/wp-json\/wp\/v2\/pages\/1100","targetHints":{"allow":["GET"]}}],"collection":[{"href":"https:\/\/isabellereynier.fr\/uk\/wp-json\/wp\/v2\/pages"}],"about":[{"href":"https:\/\/isabellereynier.fr\/uk\/wp-json\/wp\/v2\/types\/page"}],"author":[{"embeddable":true,"href":"https:\/\/isabellereynier.fr\/uk\/wp-json\/wp\/v2\/users\/2"}],"replies":[{"embeddable":true,"href":"https:\/\/isabellereynier.fr\/uk\/wp-json\/wp\/v2\/comments?post=1100"}],"version-history":[{"count":21,"href":"https:\/\/isabellereynier.fr\/uk\/wp-json\/wp\/v2\/pages\/1100\/revisions"}],"predecessor-version":[{"id":1737,"href":"https:\/\/isabellereynier.fr\/uk\/wp-json\/wp\/v2\/pages\/1100\/revisions\/1737"}],"wp:attachment":[{"href":"https:\/\/isabellereynier.fr\/uk\/wp-json\/wp\/v2\/media?parent=1100"}],"curies":[{"name":"wp","href":"https:\/\/api.w.org\/{rel}","templated":true}]}}