{"id":1088,"date":"2025-09-11T16:55:03","date_gmt":"2025-09-11T14:55:03","guid":{"rendered":"https:\/\/dev.isabellereynier.fr\/?page_id=1088"},"modified":"2025-09-25T14:48:22","modified_gmt":"2025-09-25T12:48:22","slug":"bil-ta-garbi","status":"publish","type":"page","link":"https:\/\/isabellereynier.fr\/uk\/bil-ta-garbi\/","title":{"rendered":"Bil Ta Garbi x Patatam Projet"},"content":{"rendered":"<div data-elementor-type=\"wp-page\" data-elementor-id=\"1088\" class=\"elementor elementor-1088\">\n\t\t\t\t<div class=\"elementor-element elementor-element-2877f2ad e-flex e-con-boxed e-con e-parent\" data-id=\"2877f2ad\" data-element_type=\"container\" data-e-type=\"container\">\n\t\t\t\t\t<div class=\"e-con-inner\">\n\t\t\t\t<div class=\"elementor-element elementor-element-1d380c3d elementor-widget elementor-widget-heading\" data-id=\"1d380c3d\" data-element_type=\"widget\" data-e-type=\"widget\" data-widget_type=\"heading.default\">\n\t\t\t\t<div class=\"elementor-widget-container\">\n\t\t\t\t\t<h5 class=\"elementor-heading-title elementor-size-default\">Visual Identity Design - 2017<\/h5>\t\t\t\t<\/div>\n\t\t\t\t<\/div>\n\t\t\t\t\t<\/div>\n\t\t\t\t<\/div>\n\t\t<div class=\"elementor-element elementor-element-49ff3522 e-flex e-con-boxed e-con e-parent\" data-id=\"49ff3522\" data-element_type=\"container\" data-e-type=\"container\">\n\t\t\t\t\t<div class=\"e-con-inner\">\n\t\t\t\t<div class=\"elementor-element elementor-element-2093b994 elementor-widget elementor-widget-text-editor\" data-id=\"2093b994\" data-element_type=\"widget\" data-e-type=\"widget\" data-widget_type=\"text-editor.default\">\n\t\t\t\t<div class=\"elementor-widget-container\">\n\t\t\t\t\t\t\t\t\tA collaboration between Patatam, a second-hand kids\u2019 clothing e-commerce platform, and Bil Ta Garbi, a Basque waste management organization, to raise awareness about clothing reuse.\n<br\/>\n<br\/>\n<strong><span style=\"color: #ea6b87; font-family: 'Red Hat Display';\">\ud83c\udf1f The wonders I\u2019ve crafted<\/span><\/strong>\n<br\/>\n<span style=\"color: #ea6b87;\">\u279b<\/span> Developed the partnership\u2019s visual identity and extended it to the web\n<br\/>\n<span style=\"color: #ea6b87;\">\u279b<\/span> Designed a flyer\n<br\/>\n<span style=\"color: #ea6b87;\">\u279b<\/span> Created a branded collection bag\t\t\t\t\t\t\t\t<\/div>\n\t\t\t\t<\/div>\n\t\t\t\t\t<\/div>\n\t\t\t\t<\/div>\n\t\t<div class=\"elementor-element elementor-element-4eaad3ed e-flex e-con-boxed e-con e-parent\" data-id=\"4eaad3ed\" data-element_type=\"container\" data-e-type=\"container\">\n\t\t\t\t\t<div class=\"e-con-inner\">\n\t\t\t\t<div class=\"elementor-element elementor-element-73203117 elementor-hidden-mobile elementor-widget elementor-widget-image\" data-id=\"73203117\" data-element_type=\"widget\" data-e-type=\"widget\" data-widget_type=\"image.default\">\n\t\t\t\t<div class=\"elementor-widget-container\">\n\t\t\t\t\t\t\t\t\t\t\t\t\t\t\t<img fetchpriority=\"high\" decoding=\"async\" width=\"1920\" height=\"964\" src=\"https:\/\/isabellereynier.fr\/wp-content\/uploads\/2025\/09\/isabelle-reynier-graphiste-biltagarbi-webdesign.png\" class=\"attachment-full size-full wp-image-1092\" alt=\"\" srcset=\"https:\/\/isabellereynier.fr\/wp-content\/uploads\/2025\/09\/isabelle-reynier-graphiste-biltagarbi-webdesign.png 1920w, https:\/\/isabellereynier.fr\/wp-content\/uploads\/2025\/09\/isabelle-reynier-graphiste-biltagarbi-webdesign-300x151.png 300w, https:\/\/isabellereynier.fr\/wp-content\/uploads\/2025\/09\/isabelle-reynier-graphiste-biltagarbi-webdesign-1024x514.png 1024w, https:\/\/isabellereynier.fr\/wp-content\/uploads\/2025\/09\/isabelle-reynier-graphiste-biltagarbi-webdesign-768x386.png 768w, https:\/\/isabellereynier.fr\/wp-content\/uploads\/2025\/09\/isabelle-reynier-graphiste-biltagarbi-webdesign-1536x771.png 1536w\" sizes=\"(max-width: 1920px) 100vw, 1920px\" \/>\t\t\t\t\t\t\t\t\t\t\t\t\t\t\t<\/div>\n\t\t\t\t<\/div>\n\t\t\t\t\t<\/div>\n\t\t\t\t<\/div>\n\t\t<div class=\"elementor-element elementor-element-6b35d2c e-flex e-con-boxed e-con e-parent\" data-id=\"6b35d2c\" data-element_type=\"container\" data-e-type=\"container\">\n\t\t\t\t\t<div class=\"e-con-inner\">\n\t\t\t\t<div class=\"elementor-element elementor-element-c03c927 elementor-hidden-desktop elementor-hidden-tablet elementor-widget elementor-widget-image\" data-id=\"c03c927\" data-element_type=\"widget\" data-e-type=\"widget\" data-widget_type=\"image.default\">\n\t\t\t\t<div class=\"elementor-widget-container\">\n\t\t\t\t\t\t\t\t\t\t\t\t\t\t\t<img decoding=\"async\" width=\"768\" height=\"553\" src=\"https:\/\/isabellereynier.fr\/wp-content\/uploads\/2025\/09\/isabelle-reynier-graphiste-biltagarbi-webdesign768.png\" class=\"attachment-full size-full wp-image-1093\" alt=\"\" srcset=\"https:\/\/isabellereynier.fr\/wp-content\/uploads\/2025\/09\/isabelle-reynier-graphiste-biltagarbi-webdesign768.png 768w, https:\/\/isabellereynier.fr\/wp-content\/uploads\/2025\/09\/isabelle-reynier-graphiste-biltagarbi-webdesign768-300x216.png 300w\" sizes=\"(max-width: 768px) 100vw, 768px\" \/>\t\t\t\t\t\t\t\t\t\t\t\t\t\t\t<\/div>\n\t\t\t\t<\/div>\n\t\t\t\t\t<\/div>\n\t\t\t\t<\/div>\n\t\t<div class=\"elementor-element elementor-element-61851599 e-flex e-con-boxed e-con e-parent\" data-id=\"61851599\" data-element_type=\"container\" data-e-type=\"container\">\n\t\t\t\t\t<div class=\"e-con-inner\">\n\t\t\t\t<div class=\"elementor-element elementor-element-c10fed1 elementor-hidden-mobile elementor-widget elementor-widget-image\" data-id=\"c10fed1\" data-element_type=\"widget\" data-e-type=\"widget\" data-widget_type=\"image.default\">\n\t\t\t\t<div class=\"elementor-widget-container\">\n\t\t\t\t\t\t\t\t\t\t\t\t\t\t\t<img decoding=\"async\" width=\"1920\" height=\"1276\" src=\"https:\/\/isabellereynier.fr\/wp-content\/uploads\/2025\/09\/isabelle-reynier-graphiste-biltagarbi-flyer.png\" class=\"attachment-full size-full wp-image-1090\" alt=\"\" srcset=\"https:\/\/isabellereynier.fr\/wp-content\/uploads\/2025\/09\/isabelle-reynier-graphiste-biltagarbi-flyer.png 1920w, https:\/\/isabellereynier.fr\/wp-content\/uploads\/2025\/09\/isabelle-reynier-graphiste-biltagarbi-flyer-300x199.png 300w, https:\/\/isabellereynier.fr\/wp-content\/uploads\/2025\/09\/isabelle-reynier-graphiste-biltagarbi-flyer-1024x681.png 1024w, https:\/\/isabellereynier.fr\/wp-content\/uploads\/2025\/09\/isabelle-reynier-graphiste-biltagarbi-flyer-768x510.png 768w, https:\/\/isabellereynier.fr\/wp-content\/uploads\/2025\/09\/isabelle-reynier-graphiste-biltagarbi-flyer-1536x1021.png 1536w\" sizes=\"(max-width: 1920px) 100vw, 1920px\" \/>\t\t\t\t\t\t\t\t\t\t\t\t\t\t\t<\/div>\n\t\t\t\t<\/div>\n\t\t\t\t<div class=\"elementor-element elementor-element-6a90d55e elementor-hidden-desktop elementor-hidden-tablet elementor-widget elementor-widget-image\" data-id=\"6a90d55e\" data-element_type=\"widget\" data-e-type=\"widget\" data-widget_type=\"image.default\">\n\t\t\t\t<div class=\"elementor-widget-container\">\n\t\t\t\t\t\t\t\t\t\t\t\t\t\t\t<img loading=\"lazy\" decoding=\"async\" width=\"768\" height=\"692\" src=\"https:\/\/isabellereynier.fr\/wp-content\/uploads\/2025\/09\/isabelle-reynier-graphiste-biltagarbi-flyer768.png\" class=\"attachment-full size-full wp-image-1091\" alt=\"\" srcset=\"https:\/\/isabellereynier.fr\/wp-content\/uploads\/2025\/09\/isabelle-reynier-graphiste-biltagarbi-flyer768.png 768w, https:\/\/isabellereynier.fr\/wp-content\/uploads\/2025\/09\/isabelle-reynier-graphiste-biltagarbi-flyer768-300x270.png 300w\" sizes=\"(max-width: 768px) 100vw, 768px\" \/>\t\t\t\t\t\t\t\t\t\t\t\t\t\t\t<\/div>\n\t\t\t\t<\/div>\n\t\t\t\t<div class=\"elementor-element elementor-element-61e83e42 elementor-hidden-desktop elementor-hidden-tablet elementor-widget elementor-widget-image\" data-id=\"61e83e42\" data-element_type=\"widget\" data-e-type=\"widget\" data-widget_type=\"image.default\">\n\t\t\t\t<div class=\"elementor-widget-container\">\n\t\t\t\t\t\t\t\t\t\t\t\t\t\t\t<img loading=\"lazy\" decoding=\"async\" width=\"768\" height=\"1786\" src=\"https:\/\/isabellereynier.fr\/wp-content\/uploads\/2025\/09\/mockup-pochette-bil768.jpg\" class=\"attachment-full size-full wp-image-1095\" alt=\"\" srcset=\"https:\/\/isabellereynier.fr\/wp-content\/uploads\/2025\/09\/mockup-pochette-bil768.jpg 768w, https:\/\/isabellereynier.fr\/wp-content\/uploads\/2025\/09\/mockup-pochette-bil768-129x300.jpg 129w, https:\/\/isabellereynier.fr\/wp-content\/uploads\/2025\/09\/mockup-pochette-bil768-440x1024.jpg 440w, https:\/\/isabellereynier.fr\/wp-content\/uploads\/2025\/09\/mockup-pochette-bil768-660x1536.jpg 660w\" sizes=\"(max-width: 768px) 100vw, 768px\" \/>\t\t\t\t\t\t\t\t\t\t\t\t\t\t\t<\/div>\n\t\t\t\t<\/div>\n\t\t\t\t<div class=\"elementor-element elementor-element-76f77769 elementor-hidden-mobile elementor-widget elementor-widget-image\" data-id=\"76f77769\" data-element_type=\"widget\" data-e-type=\"widget\" data-widget_type=\"image.default\">\n\t\t\t\t<div class=\"elementor-widget-container\">\n\t\t\t\t\t\t\t\t\t\t\t\t\t\t\t<img loading=\"lazy\" decoding=\"async\" width=\"1920\" height=\"1332\" src=\"https:\/\/isabellereynier.fr\/wp-content\/uploads\/2025\/09\/mockup-pochette-bil.jpg\" class=\"attachment-full size-full wp-image-1094\" alt=\"\" srcset=\"https:\/\/isabellereynier.fr\/wp-content\/uploads\/2025\/09\/mockup-pochette-bil.jpg 1920w, https:\/\/isabellereynier.fr\/wp-content\/uploads\/2025\/09\/mockup-pochette-bil-300x208.jpg 300w, https:\/\/isabellereynier.fr\/wp-content\/uploads\/2025\/09\/mockup-pochette-bil-1024x710.jpg 1024w, https:\/\/isabellereynier.fr\/wp-content\/uploads\/2025\/09\/mockup-pochette-bil-768x533.jpg 768w, https:\/\/isabellereynier.fr\/wp-content\/uploads\/2025\/09\/mockup-pochette-bil-1536x1066.jpg 1536w\" sizes=\"(max-width: 1920px) 100vw, 1920px\" \/>\t\t\t\t\t\t\t\t\t\t\t\t\t\t\t<\/div>\n\t\t\t\t<\/div>\n\t\t\t\t\t<\/div>\n\t\t\t\t<\/div>\n\t\t<div class=\"elementor-element elementor-element-f58c3d8 e-con-full elementor-hidden-desktop elementor-hidden-tablet e-flex e-con e-parent\" data-id=\"f58c3d8\" data-element_type=\"container\" data-e-type=\"container\">\n\t\t\t\t<div class=\"elementor-element elementor-element-07a0bc7 elementor-align-left elementor-widget__width-initial mon-bouton elementor-widget elementor-widget-button\" data-id=\"07a0bc7\" data-element_type=\"widget\" data-e-type=\"widget\" data-widget_type=\"button.default\">\n\t\t\t\t<div class=\"elementor-widget-container\">\n\t\t\t\t\t\t\t\t\t<div class=\"elementor-button-wrapper\">\n\t\t\t\t\t<a class=\"elementor-button elementor-button-link elementor-size-sm\" href=\"http:\/\/isabellereynier.fr\/uk\/#projets\" id=\"back-mob\">\n\t\t\t\t\t\t<span class=\"elementor-button-content-wrapper\">\n\t\t\t\t\t\t<span class=\"elementor-button-icon\">\n\t\t\t\t<svg aria-hidden=\"true\" class=\"e-font-icon-svg e-fas-long-arrow-alt-left\" viewbox=\"0 0 448 512\" xmlns=\"http:\/\/www.w3.org\/2000\/svg\"><path d=\"M134.059 296H436c6.627 0 12-5.373 12-12v-56c0-6.627-5.373-12-12-12H134.059v-46.059c0-21.382-25.851-32.09-40.971-16.971L7.029 239.029c-9.373 9.373-9.373 24.569 0 33.941l86.059 86.059c15.119 15.119 40.971 4.411 40.971-16.971V296z\"><\/path><\/svg>\t\t\t<\/span>\n\t\t\t\t\t\t\t\t\t<span class=\"elementor-button-text\">retour<\/span>\n\t\t\t\t\t<\/span>\n\t\t\t\t\t<\/a>\n\t\t\t\t<\/div>\n\t\t\t\t\t\t\t\t<\/div>\n\t\t\t\t<\/div>\n\t\t\t\t<\/div>\n\t\t<div class=\"elementor-element elementor-element-a516bde e-con-full elementor-hidden-mobile e-flex e-con e-parent\" data-id=\"a516bde\" data-element_type=\"container\" data-e-type=\"container\">\n\t\t\t\t<div class=\"elementor-element elementor-element-63793d1 elementor-widget__width-initial mon-bouton elementor-widget elementor-widget-button\" data-id=\"63793d1\" data-element_type=\"widget\" data-e-type=\"widget\" data-widget_type=\"button.default\">\n\t\t\t\t<div class=\"elementor-widget-container\">\n\t\t\t\t\t\t\t\t\t<div class=\"elementor-button-wrapper\">\n\t\t\t\t\t<a class=\"elementor-button elementor-button-link elementor-size-sm elementor-animation-float\" href=\"http:\/\/isabellereynier.fr\/uk\/#projets\" id=\"back\">\n\t\t\t\t\t\t<span class=\"elementor-button-content-wrapper\">\n\t\t\t\t\t\t<span class=\"elementor-button-icon\">\n\t\t\t\t<svg aria-hidden=\"true\" class=\"e-font-icon-svg e-fas-long-arrow-alt-left\" viewbox=\"0 0 448 512\" xmlns=\"http:\/\/www.w3.org\/2000\/svg\"><path d=\"M134.059 296H436c6.627 0 12-5.373 12-12v-56c0-6.627-5.373-12-12-12H134.059v-46.059c0-21.382-25.851-32.09-40.971-16.971L7.029 239.029c-9.373 9.373-9.373 24.569 0 33.941l86.059 86.059c15.119 15.119 40.971 4.411 40.971-16.971V296z\"><\/path><\/svg>\t\t\t<\/span>\n\t\t\t\t\t\t\t\t\t<span class=\"elementor-button-text\">back to projects<\/span>\n\t\t\t\t\t<\/span>\n\t\t\t\t\t<\/a>\n\t\t\t\t<\/div>\n\t\t\t\t\t\t\t\t<\/div>\n\t\t\t\t<\/div>\n\t\t\t\t<\/div>\n\t\t\t\t<\/div>","protected":false},"excerpt":{"rendered":"<p>cr\u00e9ation d&rsquo;une identit\u00e9 visuelle &#8211; 2017 Partenariat entre Patatam, site e-commerce de rachat et vente de v\u00eatements de seconde main,&hellip;<\/p>","protected":false},"author":2,"featured_media":0,"parent":0,"menu_order":0,"comment_status":"closed","ping_status":"closed","template":"elementor_theme","meta":{"_monsterinsights_skip_tracking":false,"_monsterinsights_sitenote_active":false,"_monsterinsights_sitenote_note":"","_monsterinsights_sitenote_category":0,"footnotes":""},"class_list":["post-1088","page","type-page","status-publish","hentry"],"aioseo_notices":[],"_links":{"self":[{"href":"https:\/\/isabellereynier.fr\/uk\/wp-json\/wp\/v2\/pages\/1088","targetHints":{"allow":["GET"]}}],"collection":[{"href":"https:\/\/isabellereynier.fr\/uk\/wp-json\/wp\/v2\/pages"}],"about":[{"href":"https:\/\/isabellereynier.fr\/uk\/wp-json\/wp\/v2\/types\/page"}],"author":[{"embeddable":true,"href":"https:\/\/isabellereynier.fr\/uk\/wp-json\/wp\/v2\/users\/2"}],"replies":[{"embeddable":true,"href":"https:\/\/isabellereynier.fr\/uk\/wp-json\/wp\/v2\/comments?post=1088"}],"version-history":[{"count":31,"href":"https:\/\/isabellereynier.fr\/uk\/wp-json\/wp\/v2\/pages\/1088\/revisions"}],"predecessor-version":[{"id":1740,"href":"https:\/\/isabellereynier.fr\/uk\/wp-json\/wp\/v2\/pages\/1088\/revisions\/1740"}],"wp:attachment":[{"href":"https:\/\/isabellereynier.fr\/uk\/wp-json\/wp\/v2\/media?parent=1088"}],"curies":[{"name":"wp","href":"https:\/\/api.w.org\/{rel}","templated":true}]}}