{"id":1068,"date":"2025-09-11T16:22:08","date_gmt":"2025-09-11T14:22:08","guid":{"rendered":"https:\/\/dev.isabellereynier.fr\/?page_id=1068"},"modified":"2025-10-06T15:58:09","modified_gmt":"2025-10-06T13:58:09","slug":"patatam-kids","status":"publish","type":"page","link":"https:\/\/isabellereynier.fr\/uk\/patatam-kids\/","title":{"rendered":"Patatam kids project"},"content":{"rendered":"<div data-elementor-type=\"wp-page\" data-elementor-id=\"1068\" class=\"elementor elementor-1068\">\n\t\t\t\t<div class=\"elementor-element elementor-element-750bf524 e-flex e-con-boxed e-con e-parent\" data-id=\"750bf524\" data-element_type=\"container\" data-e-type=\"container\">\n\t\t\t\t\t<div class=\"e-con-inner\">\n\t\t\t\t<div class=\"elementor-element elementor-element-7267fa1c elementor-widget elementor-widget-heading\" data-id=\"7267fa1c\" data-element_type=\"widget\" data-e-type=\"widget\" data-widget_type=\"heading.default\">\n\t\t\t\t<div class=\"elementor-widget-container\">\n\t\t\t\t\t<h5 class=\"elementor-heading-title elementor-size-default\">Print &amp; Web Creations - 2015 to 2019<\/h5>\t\t\t\t<\/div>\n\t\t\t\t<\/div>\n\t\t\t\t\t<\/div>\n\t\t\t\t<\/div>\n\t\t<div class=\"elementor-element elementor-element-6c9410fb e-flex e-con-boxed e-con e-parent\" data-id=\"6c9410fb\" data-element_type=\"container\" data-e-type=\"container\">\n\t\t\t\t\t<div class=\"e-con-inner\">\n\t\t\t\t<div class=\"elementor-element elementor-element-2fd7c1aa elementor-widget elementor-widget-text-editor\" data-id=\"2fd7c1aa\" data-element_type=\"widget\" data-e-type=\"widget\" data-widget_type=\"text-editor.default\">\n\t\t\t\t<div class=\"elementor-widget-container\">\n\t\t\t\t\t\t\t\t\tPatatam is an e-commerce platform launched in 2013 in the Basque Country, specializing in buying and selling second-hand children\u2019s clothing (ages 0\u20136).\nIt is one of Europe\u2019s leading companies in second-hand fashion, offering prices up to 70% lower than new. Clothes are collected from consumers and also from fashion and retail partners.\n<br\/>\n<br\/>\n<strong><span style=\"color: #ea6b87; font-family: 'Red Hat Display';\">\ud83d\ude80 The cool stuff I created<\/span><\/strong>\n<br\/>\n<span style=\"color: #ea6b87;\">\u279b<\/span> Designed printed materials : flyers, posters, stickers\u2026\n<br\/>\n<span style=\"color: #ea6b87;\">\u279b<\/span> Developed web visuals: banners, newsletters, and social media content\u2026\t\t\t\t\t\t\t\t<\/div>\n\t\t\t\t<\/div>\n\t\t\t\t\t<\/div>\n\t\t\t\t<\/div>\n\t\t<div class=\"elementor-element elementor-element-6c7ae55c e-flex e-con-boxed e-con e-parent\" data-id=\"6c7ae55c\" data-element_type=\"container\" data-e-type=\"container\">\n\t\t\t\t\t<div class=\"e-con-inner\">\n\t\t\t\t<div class=\"elementor-element elementor-element-35ccce54 elementor-hidden-mobile elementor-widget elementor-widget-image\" data-id=\"35ccce54\" data-element_type=\"widget\" data-e-type=\"widget\" data-widget_type=\"image.default\">\n\t\t\t\t<div class=\"elementor-widget-container\">\n\t\t\t\t\t\t\t\t\t\t\t\t\t\t\t<img fetchpriority=\"high\" decoding=\"async\" width=\"1920\" height=\"1090\" src=\"https:\/\/isabellereynier.fr\/wp-content\/uploads\/2025\/09\/isabelle-reynier-graphiste-patatam-kids-flyer.jpg\" class=\"attachment-full size-full wp-image-1066\" alt=\"\" srcset=\"https:\/\/isabellereynier.fr\/wp-content\/uploads\/2025\/09\/isabelle-reynier-graphiste-patatam-kids-flyer.jpg 1920w, https:\/\/isabellereynier.fr\/wp-content\/uploads\/2025\/09\/isabelle-reynier-graphiste-patatam-kids-flyer-300x170.jpg 300w, https:\/\/isabellereynier.fr\/wp-content\/uploads\/2025\/09\/isabelle-reynier-graphiste-patatam-kids-flyer-1024x581.jpg 1024w, https:\/\/isabellereynier.fr\/wp-content\/uploads\/2025\/09\/isabelle-reynier-graphiste-patatam-kids-flyer-768x436.jpg 768w, https:\/\/isabellereynier.fr\/wp-content\/uploads\/2025\/09\/isabelle-reynier-graphiste-patatam-kids-flyer-1536x872.jpg 1536w\" sizes=\"(max-width: 1920px) 100vw, 1920px\" \/>\t\t\t\t\t\t\t\t\t\t\t\t\t\t\t<\/div>\n\t\t\t\t<\/div>\n\t\t\t\t\t<\/div>\n\t\t\t\t<\/div>\n\t\t<div class=\"elementor-element elementor-element-53999631 e-flex e-con-boxed e-con e-parent\" data-id=\"53999631\" data-element_type=\"container\" data-e-type=\"container\">\n\t\t\t\t\t<div class=\"e-con-inner\">\n\t\t\t\t<div class=\"elementor-element elementor-element-3cbd4110 elementor-hidden-desktop elementor-hidden-tablet elementor-widget elementor-widget-image\" data-id=\"3cbd4110\" data-element_type=\"widget\" data-e-type=\"widget\" data-widget_type=\"image.default\">\n\t\t\t\t<div class=\"elementor-widget-container\">\n\t\t\t\t\t\t\t\t\t\t\t\t\t\t\t<img decoding=\"async\" width=\"768\" height=\"1190\" src=\"https:\/\/isabellereynier.fr\/wp-content\/uploads\/2025\/09\/isabelle-reynier-graphiste-patatam-kids-flyer5.jpg\" class=\"attachment-full size-full wp-image-1071\" alt=\"\" srcset=\"https:\/\/isabellereynier.fr\/wp-content\/uploads\/2025\/09\/isabelle-reynier-graphiste-patatam-kids-flyer5.jpg 768w, https:\/\/isabellereynier.fr\/wp-content\/uploads\/2025\/09\/isabelle-reynier-graphiste-patatam-kids-flyer5-194x300.jpg 194w, https:\/\/isabellereynier.fr\/wp-content\/uploads\/2025\/09\/isabelle-reynier-graphiste-patatam-kids-flyer5-661x1024.jpg 661w\" sizes=\"(max-width: 768px) 100vw, 768px\" \/>\t\t\t\t\t\t\t\t\t\t\t\t\t\t\t<\/div>\n\t\t\t\t<\/div>\n\t\t\t\t\t<\/div>\n\t\t\t\t<\/div>\n\t\t<div class=\"elementor-element elementor-element-495d27ee e-flex e-con-boxed e-con e-parent\" data-id=\"495d27ee\" data-element_type=\"container\" data-e-type=\"container\">\n\t\t\t\t\t<div class=\"e-con-inner\">\n\t\t\t\t<div class=\"elementor-element elementor-element-2e7df648 elementor-hidden-mobile elementor-widget elementor-widget-image\" data-id=\"2e7df648\" data-element_type=\"widget\" data-e-type=\"widget\" data-widget_type=\"image.default\">\n\t\t\t\t<div class=\"elementor-widget-container\">\n\t\t\t\t\t\t\t\t\t\t\t\t\t\t\t<img decoding=\"async\" width=\"1920\" height=\"2200\" src=\"https:\/\/isabellereynier.fr\/wp-content\/uploads\/2025\/09\/isabelle-reynier-graphiste-patatam-kids-flyer4.jpg\" class=\"attachment-full size-full wp-image-1070\" alt=\"\" srcset=\"https:\/\/isabellereynier.fr\/wp-content\/uploads\/2025\/09\/isabelle-reynier-graphiste-patatam-kids-flyer4.jpg 1920w, https:\/\/isabellereynier.fr\/wp-content\/uploads\/2025\/09\/isabelle-reynier-graphiste-patatam-kids-flyer4-262x300.jpg 262w, https:\/\/isabellereynier.fr\/wp-content\/uploads\/2025\/09\/isabelle-reynier-graphiste-patatam-kids-flyer4-894x1024.jpg 894w, https:\/\/isabellereynier.fr\/wp-content\/uploads\/2025\/09\/isabelle-reynier-graphiste-patatam-kids-flyer4-768x880.jpg 768w, https:\/\/isabellereynier.fr\/wp-content\/uploads\/2025\/09\/isabelle-reynier-graphiste-patatam-kids-flyer4-1341x1536.jpg 1341w, https:\/\/isabellereynier.fr\/wp-content\/uploads\/2025\/09\/isabelle-reynier-graphiste-patatam-kids-flyer4-1787x2048.jpg 1787w\" sizes=\"(max-width: 1920px) 100vw, 1920px\" \/>\t\t\t\t\t\t\t\t\t\t\t\t\t\t\t<\/div>\n\t\t\t\t<\/div>\n\t\t\t\t<div class=\"elementor-element elementor-element-399bb712 elementor-hidden-desktop elementor-hidden-tablet elementor-widget elementor-widget-image\" data-id=\"399bb712\" data-element_type=\"widget\" data-e-type=\"widget\" data-widget_type=\"image.default\">\n\t\t\t\t<div class=\"elementor-widget-container\">\n\t\t\t\t\t\t\t\t\t\t\t\t\t\t\t<img loading=\"lazy\" decoding=\"async\" width=\"768\" height=\"2050\" src=\"https:\/\/isabellereynier.fr\/wp-content\/uploads\/2025\/09\/isabelle-reynier-graphiste-patatam-kids-flyer8.jpg\" class=\"attachment-full size-full wp-image-1074\" alt=\"\" srcset=\"https:\/\/isabellereynier.fr\/wp-content\/uploads\/2025\/09\/isabelle-reynier-graphiste-patatam-kids-flyer8.jpg 768w, https:\/\/isabellereynier.fr\/wp-content\/uploads\/2025\/09\/isabelle-reynier-graphiste-patatam-kids-flyer8-112x300.jpg 112w, https:\/\/isabellereynier.fr\/wp-content\/uploads\/2025\/09\/isabelle-reynier-graphiste-patatam-kids-flyer8-384x1024.jpg 384w, https:\/\/isabellereynier.fr\/wp-content\/uploads\/2025\/09\/isabelle-reynier-graphiste-patatam-kids-flyer8-575x1536.jpg 575w, https:\/\/isabellereynier.fr\/wp-content\/uploads\/2025\/09\/isabelle-reynier-graphiste-patatam-kids-flyer8-767x2048.jpg 767w\" sizes=\"(max-width: 768px) 100vw, 768px\" \/>\t\t\t\t\t\t\t\t\t\t\t\t\t\t\t<\/div>\n\t\t\t\t<\/div>\n\t\t\t\t<div class=\"elementor-element elementor-element-2a1ff774 elementor-hidden-mobile elementor-widget elementor-widget-image\" data-id=\"2a1ff774\" data-element_type=\"widget\" data-e-type=\"widget\" data-widget_type=\"image.default\">\n\t\t\t\t<div class=\"elementor-widget-container\">\n\t\t\t\t\t\t\t\t\t\t\t\t\t\t\t<img loading=\"lazy\" decoding=\"async\" width=\"1920\" height=\"1080\" src=\"https:\/\/isabellereynier.fr\/wp-content\/uploads\/2025\/09\/banniere-soldes-patatam-studio-abelia.gif\" class=\"attachment-full size-full wp-image-1064\" alt=\"\" \/>\t\t\t\t\t\t\t\t\t\t\t\t\t\t\t<\/div>\n\t\t\t\t<\/div>\n\t\t\t\t<div class=\"elementor-element elementor-element-76ef2bf5 elementor-hidden-desktop elementor-hidden-tablet elementor-widget elementor-widget-image\" data-id=\"76ef2bf5\" data-element_type=\"widget\" data-e-type=\"widget\" data-widget_type=\"image.default\">\n\t\t\t\t<div class=\"elementor-widget-container\">\n\t\t\t\t\t\t\t\t\t\t\t\t\t\t\t<img loading=\"lazy\" decoding=\"async\" width=\"768\" height=\"1016\" src=\"https:\/\/isabellereynier.fr\/wp-content\/uploads\/2025\/09\/banniere-soldes-patatam-studio-abelia768.gif\" class=\"attachment-full size-full wp-image-1065\" alt=\"\" \/>\t\t\t\t\t\t\t\t\t\t\t\t\t\t\t<\/div>\n\t\t\t\t<\/div>\n\t\t\t\t<div class=\"elementor-element elementor-element-5d6d907e elementor-hidden-mobile elementor-widget elementor-widget-image\" data-id=\"5d6d907e\" data-element_type=\"widget\" data-e-type=\"widget\" data-widget_type=\"image.default\">\n\t\t\t\t<div class=\"elementor-widget-container\">\n\t\t\t\t\t\t\t\t\t\t\t\t\t\t\t<img loading=\"lazy\" decoding=\"async\" width=\"1920\" height=\"2200\" src=\"https:\/\/isabellereynier.fr\/wp-content\/uploads\/2025\/09\/isabelle-reynier-graphiste-patatam-kids-flyer2.jpg\" class=\"attachment-full size-full wp-image-1067\" alt=\"\" srcset=\"https:\/\/isabellereynier.fr\/wp-content\/uploads\/2025\/09\/isabelle-reynier-graphiste-patatam-kids-flyer2.jpg 1920w, https:\/\/isabellereynier.fr\/wp-content\/uploads\/2025\/09\/isabelle-reynier-graphiste-patatam-kids-flyer2-262x300.jpg 262w, https:\/\/isabellereynier.fr\/wp-content\/uploads\/2025\/09\/isabelle-reynier-graphiste-patatam-kids-flyer2-894x1024.jpg 894w, https:\/\/isabellereynier.fr\/wp-content\/uploads\/2025\/09\/isabelle-reynier-graphiste-patatam-kids-flyer2-768x880.jpg 768w, https:\/\/isabellereynier.fr\/wp-content\/uploads\/2025\/09\/isabelle-reynier-graphiste-patatam-kids-flyer2-1341x1536.jpg 1341w, https:\/\/isabellereynier.fr\/wp-content\/uploads\/2025\/09\/isabelle-reynier-graphiste-patatam-kids-flyer2-1787x2048.jpg 1787w\" sizes=\"(max-width: 1920px) 100vw, 1920px\" \/>\t\t\t\t\t\t\t\t\t\t\t\t\t\t\t<\/div>\n\t\t\t\t<\/div>\n\t\t\t\t\t<\/div>\n\t\t\t\t<\/div>\n\t\t<div class=\"elementor-element elementor-element-139b592c e-flex e-con-boxed e-con e-parent\" data-id=\"139b592c\" data-element_type=\"container\" data-e-type=\"container\">\n\t\t\t\t\t<div class=\"e-con-inner\">\n\t\t\t\t<div class=\"elementor-element elementor-element-4cb8f72 elementor-hidden-desktop elementor-hidden-tablet elementor-widget elementor-widget-image\" data-id=\"4cb8f72\" data-element_type=\"widget\" data-e-type=\"widget\" data-widget_type=\"image.default\">\n\t\t\t\t<div class=\"elementor-widget-container\">\n\t\t\t\t\t\t\t\t\t\t\t\t\t\t\t<img loading=\"lazy\" decoding=\"async\" width=\"768\" height=\"2500\" src=\"https:\/\/isabellereynier.fr\/wp-content\/uploads\/2025\/09\/isabelle-reynier-graphiste-patatam-kids-flyer6.jpg\" class=\"attachment-full size-full wp-image-1072\" alt=\"\" srcset=\"https:\/\/isabellereynier.fr\/wp-content\/uploads\/2025\/09\/isabelle-reynier-graphiste-patatam-kids-flyer6.jpg 768w, https:\/\/isabellereynier.fr\/wp-content\/uploads\/2025\/09\/isabelle-reynier-graphiste-patatam-kids-flyer6-92x300.jpg 92w, https:\/\/isabellereynier.fr\/wp-content\/uploads\/2025\/09\/isabelle-reynier-graphiste-patatam-kids-flyer6-315x1024.jpg 315w, https:\/\/isabellereynier.fr\/wp-content\/uploads\/2025\/09\/isabelle-reynier-graphiste-patatam-kids-flyer6-472x1536.jpg 472w, https:\/\/isabellereynier.fr\/wp-content\/uploads\/2025\/09\/isabelle-reynier-graphiste-patatam-kids-flyer6-629x2048.jpg 629w\" sizes=\"(max-width: 768px) 100vw, 768px\" \/>\t\t\t\t\t\t\t\t\t\t\t\t\t\t\t<\/div>\n\t\t\t\t<\/div>\n\t\t\t\t\t<\/div>\n\t\t\t\t<\/div>\n\t\t<div class=\"elementor-element elementor-element-153af6f9 e-flex e-con-boxed e-con e-parent\" data-id=\"153af6f9\" data-element_type=\"container\" data-e-type=\"container\">\n\t\t\t\t\t<div class=\"e-con-inner\">\n\t\t\t\t<div class=\"elementor-element elementor-element-582325be elementor-widget elementor-widget-image\" data-id=\"582325be\" data-element_type=\"widget\" data-e-type=\"widget\" data-widget_type=\"image.default\">\n\t\t\t\t<div class=\"elementor-widget-container\">\n\t\t\t\t\t\t\t\t\t\t\t\t\t\t\t<img loading=\"lazy\" decoding=\"async\" width=\"1920\" height=\"1082\" src=\"https:\/\/isabellereynier.fr\/wp-content\/uploads\/2025\/09\/isabelle-reynier-graphiste-patatam-kids-web-banner.gif\" class=\"attachment-full size-full wp-image-1063\" alt=\"\" \/>\t\t\t\t\t\t\t\t\t\t\t\t\t\t\t<\/div>\n\t\t\t\t<\/div>\n\t\t\t\t\t<\/div>\n\t\t\t\t<\/div>\n\t\t<div class=\"elementor-element elementor-element-506930d7 e-flex e-con-boxed e-con e-parent\" data-id=\"506930d7\" data-element_type=\"container\" data-e-type=\"container\">\n\t\t\t\t\t<div class=\"e-con-inner\">\n\t\t\t\t<div class=\"elementor-element elementor-element-5fc1659 elementor-hidden-mobile elementor-widget elementor-widget-image\" data-id=\"5fc1659\" data-element_type=\"widget\" data-e-type=\"widget\" data-widget_type=\"image.default\">\n\t\t\t\t<div class=\"elementor-widget-container\">\n\t\t\t\t\t\t\t\t\t\t\t\t\t\t\t<img loading=\"lazy\" decoding=\"async\" width=\"1920\" height=\"1400\" src=\"https:\/\/isabellereynier.fr\/wp-content\/uploads\/2025\/09\/isabelle-reynier-graphiste-patatam-kids-flyer3.jpg\" class=\"attachment-full size-full wp-image-1069\" alt=\"\" srcset=\"https:\/\/isabellereynier.fr\/wp-content\/uploads\/2025\/09\/isabelle-reynier-graphiste-patatam-kids-flyer3.jpg 1920w, https:\/\/isabellereynier.fr\/wp-content\/uploads\/2025\/09\/isabelle-reynier-graphiste-patatam-kids-flyer3-300x219.jpg 300w, https:\/\/isabellereynier.fr\/wp-content\/uploads\/2025\/09\/isabelle-reynier-graphiste-patatam-kids-flyer3-1024x747.jpg 1024w, https:\/\/isabellereynier.fr\/wp-content\/uploads\/2025\/09\/isabelle-reynier-graphiste-patatam-kids-flyer3-768x560.jpg 768w, https:\/\/isabellereynier.fr\/wp-content\/uploads\/2025\/09\/isabelle-reynier-graphiste-patatam-kids-flyer3-1536x1120.jpg 1536w\" sizes=\"(max-width: 1920px) 100vw, 1920px\" \/>\t\t\t\t\t\t\t\t\t\t\t\t\t\t\t<\/div>\n\t\t\t\t<\/div>\n\t\t\t\t\t<\/div>\n\t\t\t\t<\/div>\n\t\t<div class=\"elementor-element elementor-element-53a9bb32 e-flex e-con-boxed e-con e-parent\" data-id=\"53a9bb32\" data-element_type=\"container\" data-e-type=\"container\">\n\t\t\t\t\t<div class=\"e-con-inner\">\n\t\t\t\t<div class=\"elementor-element elementor-element-61bfa5cc elementor-hidden-desktop elementor-hidden-tablet elementor-widget elementor-widget-image\" data-id=\"61bfa5cc\" data-element_type=\"widget\" data-e-type=\"widget\" data-widget_type=\"image.default\">\n\t\t\t\t<div class=\"elementor-widget-container\">\n\t\t\t\t\t\t\t\t\t\t\t\t\t\t\t<img loading=\"lazy\" decoding=\"async\" width=\"768\" height=\"2000\" src=\"https:\/\/isabellereynier.fr\/wp-content\/uploads\/2025\/09\/isabelle-reynier-graphiste-patatam-kids-flyer7.jpg\" class=\"attachment-full size-full wp-image-1073\" alt=\"\" srcset=\"https:\/\/isabellereynier.fr\/wp-content\/uploads\/2025\/09\/isabelle-reynier-graphiste-patatam-kids-flyer7.jpg 768w, https:\/\/isabellereynier.fr\/wp-content\/uploads\/2025\/09\/isabelle-reynier-graphiste-patatam-kids-flyer7-115x300.jpg 115w, https:\/\/isabellereynier.fr\/wp-content\/uploads\/2025\/09\/isabelle-reynier-graphiste-patatam-kids-flyer7-393x1024.jpg 393w, https:\/\/isabellereynier.fr\/wp-content\/uploads\/2025\/09\/isabelle-reynier-graphiste-patatam-kids-flyer7-590x1536.jpg 590w\" sizes=\"(max-width: 768px) 100vw, 768px\" \/>\t\t\t\t\t\t\t\t\t\t\t\t\t\t\t<\/div>\n\t\t\t\t<\/div>\n\t\t\t\t\t<\/div>\n\t\t\t\t<\/div>\n\t\t<div class=\"elementor-element elementor-element-617c924c e-flex e-con-boxed e-con e-parent\" data-id=\"617c924c\" data-element_type=\"container\" data-e-type=\"container\">\n\t\t\t\t\t<div class=\"e-con-inner\">\n\t\t\t\t<div class=\"elementor-element elementor-element-639899c elementor-hidden-mobile elementor-widget elementor-widget-image\" data-id=\"639899c\" data-element_type=\"widget\" data-e-type=\"widget\" data-widget_type=\"image.default\">\n\t\t\t\t<div class=\"elementor-widget-container\">\n\t\t\t\t\t\t\t\t\t\t\t\t\t\t\t<img loading=\"lazy\" decoding=\"async\" width=\"1920\" height=\"1068\" src=\"https:\/\/isabellereynier.fr\/wp-content\/uploads\/2025\/09\/isabelle-reynier-graphiste-patatam-kids-newsletter.gif\" class=\"attachment-full size-full wp-image-1075\" alt=\"\" \/>\t\t\t\t\t\t\t\t\t\t\t\t\t\t\t<\/div>\n\t\t\t\t<\/div>\n\t\t\t\t\t<\/div>\n\t\t\t\t<\/div>\n\t\t<div class=\"elementor-element elementor-element-5065e912 e-flex e-con-boxed e-con e-parent\" data-id=\"5065e912\" data-element_type=\"container\" data-e-type=\"container\">\n\t\t\t\t\t<div class=\"e-con-inner\">\n\t\t\t\t<div class=\"elementor-element elementor-element-b5ee1fb elementor-hidden-desktop elementor-hidden-tablet elementor-widget elementor-widget-image\" data-id=\"b5ee1fb\" data-element_type=\"widget\" data-e-type=\"widget\" data-widget_type=\"image.default\">\n\t\t\t\t<div class=\"elementor-widget-container\">\n\t\t\t\t\t\t\t\t\t\t\t\t\t\t\t<img loading=\"lazy\" decoding=\"async\" width=\"768\" height=\"684\" src=\"https:\/\/isabellereynier.fr\/wp-content\/uploads\/2025\/09\/isabelle-reynier-graphiste-patatam-kids-newsletter768.gif\" class=\"attachment-full size-full wp-image-1076\" alt=\"\" \/>\t\t\t\t\t\t\t\t\t\t\t\t\t\t\t<\/div>\n\t\t\t\t<\/div>\n\t\t\t\t\t<\/div>\n\t\t\t\t<\/div>\n\t\t<div class=\"elementor-element elementor-element-68aef528 e-con-full elementor-hidden-mobile e-flex e-con e-parent\" data-id=\"68aef528\" data-element_type=\"container\" data-e-type=\"container\">\n\t\t\t\t<div class=\"elementor-element elementor-element-7bdaba48 elementor-widget__width-initial mon-bouton elementor-widget elementor-widget-button\" data-id=\"7bdaba48\" data-element_type=\"widget\" data-e-type=\"widget\" data-widget_type=\"button.default\">\n\t\t\t\t<div class=\"elementor-widget-container\">\n\t\t\t\t\t\t\t\t\t<div class=\"elementor-button-wrapper\">\n\t\t\t\t\t<a class=\"elementor-button elementor-button-link elementor-size-sm elementor-animation-float\" href=\"http:\/\/isabellereynier.fr\/uk\/#projets\" id=\"back\">\n\t\t\t\t\t\t<span class=\"elementor-button-content-wrapper\">\n\t\t\t\t\t\t<span class=\"elementor-button-icon\">\n\t\t\t\t<svg aria-hidden=\"true\" class=\"e-font-icon-svg e-fas-long-arrow-alt-left\" viewbox=\"0 0 448 512\" xmlns=\"http:\/\/www.w3.org\/2000\/svg\"><path d=\"M134.059 296H436c6.627 0 12-5.373 12-12v-56c0-6.627-5.373-12-12-12H134.059v-46.059c0-21.382-25.851-32.09-40.971-16.971L7.029 239.029c-9.373 9.373-9.373 24.569 0 33.941l86.059 86.059c15.119 15.119 40.971 4.411 40.971-16.971V296z\"><\/path><\/svg>\t\t\t<\/span>\n\t\t\t\t\t\t\t\t\t<span class=\"elementor-button-text\">back to projects<\/span>\n\t\t\t\t\t<\/span>\n\t\t\t\t\t<\/a>\n\t\t\t\t<\/div>\n\t\t\t\t\t\t\t\t<\/div>\n\t\t\t\t<\/div>\n\t\t\t\t<\/div>\n\t\t<div class=\"elementor-element elementor-element-dc08713 e-con-full elementor-hidden-desktop elementor-hidden-tablet e-flex e-con e-parent\" data-id=\"dc08713\" data-element_type=\"container\" data-e-type=\"container\">\n\t\t\t\t<div class=\"elementor-element elementor-element-5271e671 elementor-align-left elementor-widget__width-initial mon-bouton elementor-widget elementor-widget-button\" data-id=\"5271e671\" data-element_type=\"widget\" data-e-type=\"widget\" data-widget_type=\"button.default\">\n\t\t\t\t<div class=\"elementor-widget-container\">\n\t\t\t\t\t\t\t\t\t<div class=\"elementor-button-wrapper\">\n\t\t\t\t\t<a class=\"elementor-button elementor-button-link elementor-size-sm\" href=\"http:\/\/isabellereynier.fr\/uk\/#projets\" id=\"back-mob\">\n\t\t\t\t\t\t<span class=\"elementor-button-content-wrapper\">\n\t\t\t\t\t\t<span class=\"elementor-button-icon\">\n\t\t\t\t<svg aria-hidden=\"true\" class=\"e-font-icon-svg e-fas-long-arrow-alt-left\" viewbox=\"0 0 448 512\" xmlns=\"http:\/\/www.w3.org\/2000\/svg\"><path d=\"M134.059 296H436c6.627 0 12-5.373 12-12v-56c0-6.627-5.373-12-12-12H134.059v-46.059c0-21.382-25.851-32.09-40.971-16.971L7.029 239.029c-9.373 9.373-9.373 24.569 0 33.941l86.059 86.059c15.119 15.119 40.971 4.411 40.971-16.971V296z\"><\/path><\/svg>\t\t\t<\/span>\n\t\t\t\t\t\t\t\t\t<span class=\"elementor-button-text\">retour<\/span>\n\t\t\t\t\t<\/span>\n\t\t\t\t\t<\/a>\n\t\t\t\t<\/div>\n\t\t\t\t\t\t\t\t<\/div>\n\t\t\t\t<\/div>\n\t\t\t\t<\/div>\n\t\t\t\t<\/div>","protected":false},"excerpt":{"rendered":"<p>cr\u00e9ations imprim\u00e9es et pour le web &#8211; 2015 \u00e0 2019 Site e-commerce de rachat et vente de v\u00eatements de seconde&hellip;<\/p>","protected":false},"author":2,"featured_media":0,"parent":0,"menu_order":0,"comment_status":"closed","ping_status":"closed","template":"elementor_theme","meta":{"_monsterinsights_skip_tracking":false,"_monsterinsights_sitenote_active":false,"_monsterinsights_sitenote_note":"","_monsterinsights_sitenote_category":0,"footnotes":""},"class_list":["post-1068","page","type-page","status-publish","hentry"],"aioseo_notices":[],"_links":{"self":[{"href":"https:\/\/isabellereynier.fr\/uk\/wp-json\/wp\/v2\/pages\/1068","targetHints":{"allow":["GET"]}}],"collection":[{"href":"https:\/\/isabellereynier.fr\/uk\/wp-json\/wp\/v2\/pages"}],"about":[{"href":"https:\/\/isabellereynier.fr\/uk\/wp-json\/wp\/v2\/types\/page"}],"author":[{"embeddable":true,"href":"https:\/\/isabellereynier.fr\/uk\/wp-json\/wp\/v2\/users\/2"}],"replies":[{"embeddable":true,"href":"https:\/\/isabellereynier.fr\/uk\/wp-json\/wp\/v2\/comments?post=1068"}],"version-history":[{"count":27,"href":"https:\/\/isabellereynier.fr\/uk\/wp-json\/wp\/v2\/pages\/1068\/revisions"}],"predecessor-version":[{"id":1853,"href":"https:\/\/isabellereynier.fr\/uk\/wp-json\/wp\/v2\/pages\/1068\/revisions\/1853"}],"wp:attachment":[{"href":"https:\/\/isabellereynier.fr\/uk\/wp-json\/wp\/v2\/media?parent=1068"}],"curies":[{"name":"wp","href":"https:\/\/api.w.org\/{rel}","templated":true}]}}